{"id":5492,"date":"2022-08-17T10:33:52","date_gmt":"2022-08-17T08:33:52","guid":{"rendered":"https:\/\/www.lampert.info\/equipo-lampert\/"},"modified":"2025-03-12T09:58:09","modified_gmt":"2025-03-12T08:58:09","slug":"equipo-lampert","status":"publish","type":"page","link":"https:\/\/www.lampert.info\/es\/equipo-lampert\/","title":{"rendered":"Equipo Lampert"},"content":{"rendered":"\t\t<div data-elementor-type=\"wp-page\" data-elementor-id=\"5492\" class=\"elementor elementor-5492 elementor-3400\" data-elementor-post-type=\"page\">\n\t\t\t\t\t\t<section data-particle_enable=\"false\" data-particle-mobile-disabled=\"false\" class=\"elementor-section elementor-top-section elementor-element elementor-element-bf44e08 elementor-section-boxed elementor-section-height-default elementor-section-height-default\" data-id=\"bf44e08\" data-element_type=\"section\" data-e-type=\"section\" data-settings=\"{&quot;background_background&quot;:&quot;classic&quot;}\">\n\t\t\t\t\t\t\t<div class=\"elementor-background-overlay\"><\/div>\n\t\t\t\t\t\t\t<div class=\"elementor-container elementor-column-gap-default\">\n\t\t\t\t\t<div class=\"elementor-column elementor-col-100 elementor-top-column elementor-element elementor-element-8f195dc\" data-id=\"8f195dc\" data-element_type=\"column\" data-e-type=\"column\" data-settings=\"{&quot;background_background&quot;:&quot;classic&quot;}\">\n\t\t\t<div class=\"elementor-widget-wrap elementor-element-populated\">\n\t\t\t\t\t\t<section data-particle_enable=\"false\" data-particle-mobile-disabled=\"false\" class=\"elementor-section elementor-inner-section elementor-element elementor-element-84fca96 elementor-section-boxed elementor-section-height-default elementor-section-height-default\" data-id=\"84fca96\" data-element_type=\"section\" data-e-type=\"section\">\n\t\t\t\t\t\t<div class=\"elementor-container elementor-column-gap-default\">\n\t\t\t\t\t<div class=\"elementor-column elementor-col-50 elementor-inner-column elementor-element elementor-element-69b718c\" data-id=\"69b718c\" data-element_type=\"column\" data-e-type=\"column\">\n\t\t\t<div class=\"elementor-widget-wrap elementor-element-populated\">\n\t\t\t\t\t\t<div class=\"elementor-element elementor-element-e1df1fc elementor-widget elementor-widget-heading\" data-id=\"e1df1fc\" data-element_type=\"widget\" data-e-type=\"widget\" data-widget_type=\"heading.default\">\n\t\t\t\t<div class=\"elementor-widget-container\">\n\t\t\t\t\t<h1 class=\"elementor-heading-title elementor-size-default\">El equipo Lampert<\/h1>\t\t\t\t<\/div>\n\t\t\t\t<\/div>\n\t\t\t\t<div class=\"elementor-element elementor-element-af21484 elementor-widget-divider--view-line elementor-widget elementor-widget-divider\" data-id=\"af21484\" data-element_type=\"widget\" data-e-type=\"widget\" data-widget_type=\"divider.default\">\n\t\t\t\t<div class=\"elementor-widget-container\">\n\t\t\t\t\t\t\t<div class=\"elementor-divider\">\n\t\t\t<span class=\"elementor-divider-separator\">\n\t\t\t\t\t\t<\/span>\n\t\t<\/div>\n\t\t\t\t\t\t<\/div>\n\t\t\t\t<\/div>\n\t\t\t\t<div class=\"elementor-element elementor-element-d15a7b3 elementor-widget elementor-widget-text-editor\" data-id=\"d15a7b3\" data-element_type=\"widget\" data-e-type=\"widget\" data-widget_type=\"text-editor.default\">\n\t\t\t\t<div class=\"elementor-widget-container\">\n\t\t\t\t\t\t\t\t\t<p>Somos los inventores y fabricantes de la probada tecnolog\u00eda de <a href=\"https:\/\/www.lampert.info\/es\/productos\/\" target=\"_blank\" rel=\"noopener\">soldadura fina<\/a> PUK. Nuestra empresa est\u00e1 especializada en el desarrollo, fabricaci\u00f3n y venta de equipos de soldadura por micropulsos para su uso en la<a href=\"https:\/\/www.lampert.info\/es\/productos\/joyeria\/puk-6\/\" target=\"_blank\" rel=\"noopener\">producci\u00f3n de joyas<\/a>, el <a href=\"https:\/\/www.lampert.info\/es\/productos\/dental\/puk-d6\/\" target=\"_blank\" rel=\"noopener\">sector dental<\/a> y <a href=\"https:\/\/www.lampert.info\/es\/productos\/industria\/microarcwelder\/\" target=\"_blank\" rel=\"noopener\">aplicaciones industriales<\/a>. <a href=\"https:\/\/www.lampert.info\/es\/encontrar-un-distribuidor\/\" target=\"_blank\" rel=\"noopener\">Distribuidores de m\u00e1s de 60 pa\u00edses<\/a> venden nuestros productos; clientes de m\u00e1s de 100 pa\u00edses utilizan la tecnolog\u00eda de soldadura PUK y aprecian sus ventajas desde hace muchos a\u00f1os. La sede de nuestra empresa en Werneck alberga el desarrollo, la administraci\u00f3n y la producci\u00f3n de nuestra tecnolog\u00eda en m\u00e1s de 1500 m\u00b2.<\/p>\n\t\t\t\t\t\t\t\t<\/div>\n\t\t\t\t<\/div>\n\t\t\t\t<div class=\"elementor-element elementor-element-09f1559 elementor-widget elementor-widget-image\" data-id=\"09f1559\" data-element_type=\"widget\" data-e-type=\"widget\" data-widget_type=\"image.default\">\n\t\t\t\t<div class=\"elementor-widget-container\">\n\t\t\t\t\t\t\t\t\t\t\t\t\t\t\t<img decoding=\"async\" src=\"https:\/\/www.lampert.info\/wp-content\/uploads\/elementor\/thumbs\/unterschrift-Lampert-qr8atmph8tssmcrtttzc8tplekqp1q8cvgobo1uxe4.png\" title=\"unterschrift-Lampert\" alt=\"unterschrift-Lampert\" loading=\"lazy\" \/>\t\t\t\t\t\t\t\t\t\t\t\t\t\t\t<\/div>\n\t\t\t\t<\/div>\n\t\t\t\t\t<\/div>\n\t\t<\/div>\n\t\t\t\t<div class=\"elementor-column elementor-col-50 elementor-inner-column elementor-element elementor-element-2768916\" data-id=\"2768916\" data-element_type=\"column\" data-e-type=\"column\">\n\t\t\t<div class=\"elementor-widget-wrap elementor-element-populated\">\n\t\t\t\t\t\t<div class=\"elementor-element elementor-element-9d218ff um_spacer elementor-widget elementor-widget-image\" data-id=\"9d218ff\" data-element_type=\"widget\" data-e-type=\"widget\" data-widget_type=\"image.default\">\n\t\t\t\t<div class=\"elementor-widget-container\">\n\t\t\t\t\t\t\t\t\t\t\t\t\t\t\t<img decoding=\"async\" src=\"https:\/\/www.lampert.info\/wp-content\/uploads\/2022\/08\/teamfoto-2021-klein-vi-1911.jpg\" title=\"teamfoto-2021-klein-vi-1911\" alt=\"teamfoto-2021-klein-vi-1911\" loading=\"lazy\" \/>\t\t\t\t\t\t\t\t\t\t\t\t\t\t\t<\/div>\n\t\t\t\t<\/div>\n\t\t\t\t\t<\/div>\n\t\t<\/div>\n\t\t\t\t\t<\/div>\n\t\t<\/section>\n\t\t\t\t\t<\/div>\n\t\t<\/div>\n\t\t\t\t\t<\/div>\n\t\t<\/section>\n\t\t\t\t<section data-particle_enable=\"false\" data-particle-mobile-disabled=\"false\" class=\"elementor-section elementor-top-section elementor-element elementor-element-b2e3d30 elementor-section-boxed elementor-section-height-default elementor-section-height-default\" data-id=\"b2e3d30\" data-element_type=\"section\" data-e-type=\"section\" data-settings=\"{&quot;background_background&quot;:&quot;classic&quot;}\">\n\t\t\t\t\t\t<div class=\"elementor-container elementor-column-gap-default\">\n\t\t\t\t\t<div class=\"elementor-column elementor-col-100 elementor-top-column elementor-element elementor-element-e02b650\" data-id=\"e02b650\" data-element_type=\"column\" data-e-type=\"column\">\n\t\t\t<div class=\"elementor-widget-wrap elementor-element-populated\">\n\t\t\t\t\t\t<section data-particle_enable=\"false\" data-particle-mobile-disabled=\"false\" class=\"elementor-section elementor-inner-section elementor-element elementor-element-d525645 elementor-section-boxed elementor-section-height-default elementor-section-height-default\" data-id=\"d525645\" data-element_type=\"section\" data-e-type=\"section\">\n\t\t\t\t\t\t<div class=\"elementor-container elementor-column-gap-default\">\n\t\t\t\t\t<div class=\"elementor-column elementor-col-33 elementor-inner-column elementor-element elementor-element-c828cd7\" data-id=\"c828cd7\" data-element_type=\"column\" data-e-type=\"column\">\n\t\t\t<div class=\"elementor-widget-wrap elementor-element-populated\">\n\t\t\t\t\t\t<div class=\"elementor-element elementor-element-4e3fa72 elementor-widget elementor-widget-image\" data-id=\"4e3fa72\" data-element_type=\"widget\" data-e-type=\"widget\" data-widget_type=\"image.default\">\n\t\t\t\t<div class=\"elementor-widget-container\">\n\t\t\t\t\t\t\t\t\t\t\t\t\t\t\t<img decoding=\"async\" width=\"179\" height=\"213\" src=\"https:\/\/www.lampert.info\/wp-content\/uploads\/2022\/09\/Martin-Ploeckinger.jpg\" class=\"attachment-full size-full wp-image-5980\" alt=\"\" \/>\t\t\t\t\t\t\t\t\t\t\t\t\t\t\t<\/div>\n\t\t\t\t<\/div>\n\t\t\t\t<div class=\"elementor-element elementor-element-31e8cd6 elementor-widget elementor-widget-heading\" data-id=\"31e8cd6\" data-element_type=\"widget\" data-e-type=\"widget\" data-widget_type=\"heading.default\">\n\t\t\t\t<div class=\"elementor-widget-container\">\n\t\t\t\t\t<h2 class=\"elementor-heading-title elementor-size-default\">Director General<\/h2>\t\t\t\t<\/div>\n\t\t\t\t<\/div>\n\t\t\t\t<div class=\"elementor-element elementor-element-4febda6 elementor-widget elementor-widget-text-editor\" data-id=\"4febda6\" data-element_type=\"widget\" data-e-type=\"widget\" data-widget_type=\"text-editor.default\">\n\t\t\t\t<div class=\"elementor-widget-container\">\n\t\t\t\t\t\t\t\t\t<p>Ing. Dr. Martin Pl\u00f6ckinger<\/p>\n\t\t\t\t\t\t\t\t<\/div>\n\t\t\t\t<\/div>\n\t\t\t\t<div class=\"elementor-element elementor-element-99bc7fc elementor-icon-list--layout-traditional elementor-list-item-link-full_width elementor-widget elementor-widget-icon-list\" data-id=\"99bc7fc\" data-element_type=\"widget\" data-e-type=\"widget\" data-widget_type=\"icon-list.default\">\n\t\t\t\t<div class=\"elementor-widget-container\">\n\t\t\t\t\t\t\t<ul class=\"elementor-icon-list-items\">\n\t\t\t\t\t\t\t<li class=\"elementor-icon-list-item\">\n\t\t\t\t\t\t\t\t\t\t\t<a href=\"mailto:Martin.Ploeckinger@lampert.info\">\n\n\t\t\t\t\t\t\t\t\t\t\t\t<span class=\"elementor-icon-list-icon\">\n\t\t\t\t\t\t\t<i aria-hidden=\"true\" class=\"fas fa-envelope\"><\/i>\t\t\t\t\t\t<\/span>\n\t\t\t\t\t\t\t\t\t\t<span class=\"elementor-icon-list-text\">martin.ploeckinger@lampert.info<\/span>\n\t\t\t\t\t\t\t\t\t\t\t<\/a>\n\t\t\t\t\t\t\t\t\t<\/li>\n\t\t\t\t\t\t\t\t<li class=\"elementor-icon-list-item\">\n\t\t\t\t\t\t\t\t\t\t\t<a href=\"tel:+4997229459111\">\n\n\t\t\t\t\t\t\t\t\t\t\t\t<span class=\"elementor-icon-list-icon\">\n\t\t\t\t\t\t\t<i aria-hidden=\"true\" class=\"fas fa-phone-alt\"><\/i>\t\t\t\t\t\t<\/span>\n\t\t\t\t\t\t\t\t\t\t<span class=\"elementor-icon-list-text\">09722 94 59 - 111<\/span>\n\t\t\t\t\t\t\t\t\t\t\t<\/a>\n\t\t\t\t\t\t\t\t\t<\/li>\n\t\t\t\t\t\t<\/ul>\n\t\t\t\t\t\t<\/div>\n\t\t\t\t<\/div>\n\t\t\t\t\t<\/div>\n\t\t<\/div>\n\t\t\t\t<div class=\"elementor-column elementor-col-33 elementor-inner-column elementor-element elementor-element-3bce049\" data-id=\"3bce049\" data-element_type=\"column\" data-e-type=\"column\">\n\t\t\t<div class=\"elementor-widget-wrap elementor-element-populated\">\n\t\t\t\t\t\t<div class=\"elementor-element elementor-element-6869dd0 elementor-widget elementor-widget-image\" data-id=\"6869dd0\" data-element_type=\"widget\" data-e-type=\"widget\" data-widget_type=\"image.default\">\n\t\t\t\t<div class=\"elementor-widget-container\">\n\t\t\t\t\t\t\t\t\t\t\t\t\t\t\t<img decoding=\"async\" width=\"179\" height=\"213\" src=\"https:\/\/www.lampert.info\/wp-content\/uploads\/2022\/08\/mi-klein-ii-1908.jpg\" class=\"attachment-full size-full wp-image-4939\" alt=\"\" \/>\t\t\t\t\t\t\t\t\t\t\t\t\t\t\t<\/div>\n\t\t\t\t<\/div>\n\t\t\t\t<div class=\"elementor-element elementor-element-ef325cf elementor-widget elementor-widget-heading\" data-id=\"ef325cf\" data-element_type=\"widget\" data-e-type=\"widget\" data-widget_type=\"heading.default\">\n\t\t\t\t<div class=\"elementor-widget-container\">\n\t\t\t\t\t<h2 class=\"elementor-heading-title elementor-size-default\">Director General de Ventas<\/h2>\t\t\t\t<\/div>\n\t\t\t\t<\/div>\n\t\t\t\t<div class=\"elementor-element elementor-element-e0e3b14 elementor-widget elementor-widget-text-editor\" data-id=\"e0e3b14\" data-element_type=\"widget\" data-e-type=\"widget\" data-widget_type=\"text-editor.default\">\n\t\t\t\t<div class=\"elementor-widget-container\">\n\t\t\t\t\t\t\t\t\t<p>Michael Ittensohn<\/p>\n\t\t\t\t\t\t\t\t<\/div>\n\t\t\t\t<\/div>\n\t\t\t\t<div class=\"elementor-element elementor-element-dbbb566 elementor-icon-list--layout-traditional elementor-list-item-link-full_width elementor-widget elementor-widget-icon-list\" data-id=\"dbbb566\" data-element_type=\"widget\" data-e-type=\"widget\" data-widget_type=\"icon-list.default\">\n\t\t\t\t<div class=\"elementor-widget-container\">\n\t\t\t\t\t\t\t<ul class=\"elementor-icon-list-items\">\n\t\t\t\t\t\t\t<li class=\"elementor-icon-list-item\">\n\t\t\t\t\t\t\t\t\t\t\t<a href=\"mailto:michael.ittensohn@lampert.info\">\n\n\t\t\t\t\t\t\t\t\t\t\t\t<span class=\"elementor-icon-list-icon\">\n\t\t\t\t\t\t\t<i aria-hidden=\"true\" class=\"fas fa-envelope\"><\/i>\t\t\t\t\t\t<\/span>\n\t\t\t\t\t\t\t\t\t\t<span class=\"elementor-icon-list-text\">michael.ittensohn@lampert.info<\/span>\n\t\t\t\t\t\t\t\t\t\t\t<\/a>\n\t\t\t\t\t\t\t\t\t<\/li>\n\t\t\t\t\t\t\t\t<li class=\"elementor-icon-list-item\">\n\t\t\t\t\t\t\t\t\t\t\t<a href=\"tel:+4997229459200\">\n\n\t\t\t\t\t\t\t\t\t\t\t\t<span class=\"elementor-icon-list-icon\">\n\t\t\t\t\t\t\t<i aria-hidden=\"true\" class=\"fas fa-phone-alt\"><\/i>\t\t\t\t\t\t<\/span>\n\t\t\t\t\t\t\t\t\t\t<span class=\"elementor-icon-list-text\">+49 (0)9722 94 59 - 200<\/span>\n\t\t\t\t\t\t\t\t\t\t\t<\/a>\n\t\t\t\t\t\t\t\t\t<\/li>\n\t\t\t\t\t\t<\/ul>\n\t\t\t\t\t\t<\/div>\n\t\t\t\t<\/div>\n\t\t\t\t\t<\/div>\n\t\t<\/div>\n\t\t\t\t<div class=\"elementor-column elementor-col-33 elementor-inner-column elementor-element elementor-element-0108cb3\" data-id=\"0108cb3\" data-element_type=\"column\" data-e-type=\"column\">\n\t\t\t<div class=\"elementor-widget-wrap elementor-element-populated\">\n\t\t\t\t\t\t<div class=\"elementor-element elementor-element-9c30186 elementor-widget elementor-widget-image\" data-id=\"9c30186\" data-element_type=\"widget\" data-e-type=\"widget\" data-widget_type=\"image.default\">\n\t\t\t\t<div class=\"elementor-widget-container\">\n\t\t\t\t\t\t\t\t\t\t\t\t\t\t\t<img decoding=\"async\" width=\"179\" height=\"213\" src=\"https:\/\/www.lampert.info\/wp-content\/uploads\/2022\/08\/jf-klein-ii-1905.jpg\" class=\"attachment-full size-full wp-image-4941\" alt=\"\" \/>\t\t\t\t\t\t\t\t\t\t\t\t\t\t\t<\/div>\n\t\t\t\t<\/div>\n\t\t\t\t<div class=\"elementor-element elementor-element-d78a4bb elementor-widget elementor-widget-heading\" data-id=\"d78a4bb\" data-element_type=\"widget\" data-e-type=\"widget\" data-widget_type=\"heading.default\">\n\t\t\t\t<div class=\"elementor-widget-container\">\n\t\t\t\t\t<h2 class=\"elementor-heading-title elementor-size-default\">Director de Operaciones<\/h2>\t\t\t\t<\/div>\n\t\t\t\t<\/div>\n\t\t\t\t<div class=\"elementor-element elementor-element-0aa8ceb elementor-widget elementor-widget-text-editor\" data-id=\"0aa8ceb\" data-element_type=\"widget\" data-e-type=\"widget\" data-widget_type=\"text-editor.default\">\n\t\t\t\t<div class=\"elementor-widget-container\">\n\t\t\t\t\t\t\t\t\tJ\u00fcrgen Fuchs \t\t\t\t\t\t\t\t<\/div>\n\t\t\t\t<\/div>\n\t\t\t\t<div class=\"elementor-element elementor-element-1445119 elementor-icon-list--layout-traditional elementor-list-item-link-full_width elementor-widget elementor-widget-icon-list\" data-id=\"1445119\" data-element_type=\"widget\" data-e-type=\"widget\" data-widget_type=\"icon-list.default\">\n\t\t\t\t<div class=\"elementor-widget-container\">\n\t\t\t\t\t\t\t<ul class=\"elementor-icon-list-items\">\n\t\t\t\t\t\t\t<li class=\"elementor-icon-list-item\">\n\t\t\t\t\t\t\t\t\t\t\t<a href=\"mailto:juergen.fuchs@lampert.info\">\n\n\t\t\t\t\t\t\t\t\t\t\t\t<span class=\"elementor-icon-list-icon\">\n\t\t\t\t\t\t\t<i aria-hidden=\"true\" class=\"fas fa-envelope\"><\/i>\t\t\t\t\t\t<\/span>\n\t\t\t\t\t\t\t\t\t\t<span class=\"elementor-icon-list-text\">juergen.fuchs@lampert.info<\/span>\n\t\t\t\t\t\t\t\t\t\t\t<\/a>\n\t\t\t\t\t\t\t\t\t<\/li>\n\t\t\t\t\t\t\t\t<li class=\"elementor-icon-list-item\">\n\t\t\t\t\t\t\t\t\t\t\t<a href=\"tel:+4997229459%200\">\n\n\t\t\t\t\t\t\t\t\t\t\t\t<span class=\"elementor-icon-list-icon\">\n\t\t\t\t\t\t\t<i aria-hidden=\"true\" class=\"fas fa-phone-alt\"><\/i>\t\t\t\t\t\t<\/span>\n\t\t\t\t\t\t\t\t\t\t<span class=\"elementor-icon-list-text\">09722 94 59 - 0<\/span>\n\t\t\t\t\t\t\t\t\t\t\t<\/a>\n\t\t\t\t\t\t\t\t\t<\/li>\n\t\t\t\t\t\t<\/ul>\n\t\t\t\t\t\t<\/div>\n\t\t\t\t<\/div>\n\t\t\t\t\t<\/div>\n\t\t<\/div>\n\t\t\t\t\t<\/div>\n\t\t<\/section>\n\t\t\t\t\t<\/div>\n\t\t<\/div>\n\t\t\t\t\t<\/div>\n\t\t<\/section>\n\t\t\t\t<\/div>\n\t\t","protected":false},"excerpt":{"rendered":"<p>El equipo Lampert Somos los inventores y fabricantes de la probada tecnolog\u00eda de soldadura fina PUK. Nuestra empresa est\u00e1 especializada en el desarrollo, fabricaci\u00f3n y venta de equipos de soldadura [&hellip;]<\/p>\n","protected":false},"author":1,"featured_media":0,"parent":0,"menu_order":0,"comment_status":"closed","ping_status":"closed","template":"","meta":{"_acf_changed":false,"inline_featured_image":false,"_monsterinsights_skip_tracking":false,"_monsterinsights_sitenote_active":false,"_monsterinsights_sitenote_note":"","_monsterinsights_sitenote_category":0,"footnotes":""},"class_list":["post-5492","page","type-page","status-publish","hentry"],"acf":[],"yoast_head":"<!-- This site is optimized with the Yoast SEO plugin v27.2 - https:\/\/yoast.com\/product\/yoast-seo-wordpress\/ -->\n<title>Equipo Lampert | Contacte con nuestros expertos<\/title>\n<meta name=\"description\" content=\"El equipo de Lampert le asesora e informa sobre todos los aspectos de la tecnolog\u00eda de soldadura fina PUK \u2713100 pa\u00edses \u2713m\u00e1s de 20 a\u00f1os de experiencia &quot; Conozca a los expertos\" \/>\n<meta name=\"robots\" content=\"index, follow, max-snippet:-1, max-image-preview:large, max-video-preview:-1\" \/>\n<link rel=\"canonical\" href=\"https:\/\/www.lampert.info\/es\/equipo-lampert\/\" \/>\n<meta property=\"og:locale\" content=\"es_ES\" \/>\n<meta property=\"og:type\" content=\"article\" \/>\n<meta property=\"og:title\" content=\"Equipo Lampert | Contacte con nuestros expertos\" \/>\n<meta property=\"og:description\" content=\"El equipo de Lampert le asesora e informa sobre todos los aspectos de la tecnolog\u00eda de soldadura fina PUK \u2713100 pa\u00edses \u2713m\u00e1s de 20 a\u00f1os de experiencia &quot; Conozca a los expertos\" \/>\n<meta property=\"og:url\" content=\"https:\/\/www.lampert.info\/es\/equipo-lampert\/\" \/>\n<meta property=\"og:site_name\" content=\"Lampert Precision Welding\" \/>\n<meta property=\"article:modified_time\" content=\"2025-03-12T08:58:09+00:00\" \/>\n<meta property=\"og:image\" content=\"https:\/\/www.lampert.info\/wp-content\/uploads\/elementor\/thumbs\/unterschrift-Lampert-qr8atmph8tssmcrtttzc8tplekqp1q8cvgobo1uxee.png\" \/>\n<meta name=\"twitter:card\" content=\"summary_large_image\" \/>\n<meta name=\"twitter:label1\" content=\"Tiempo de lectura\" \/>\n\t<meta name=\"twitter:data1\" content=\"2 minutos\" \/>\n<script type=\"application\/ld+json\" class=\"yoast-schema-graph\">{\"@context\":\"https:\/\/schema.org\",\"@graph\":[{\"@type\":\"WebPage\",\"@id\":\"https:\/\/www.lampert.info\/es\/equipo-lampert\/\",\"url\":\"https:\/\/www.lampert.info\/es\/equipo-lampert\/\",\"name\":\"Equipo Lampert | Contacte con nuestros expertos\",\"isPartOf\":{\"@id\":\"https:\/\/www.lampert.info\/es\/#website\"},\"primaryImageOfPage\":{\"@id\":\"https:\/\/www.lampert.info\/es\/equipo-lampert\/#primaryimage\"},\"image\":{\"@id\":\"https:\/\/www.lampert.info\/es\/equipo-lampert\/#primaryimage\"},\"thumbnailUrl\":\"https:\/\/www.lampert.info\/wp-content\/uploads\/elementor\/thumbs\/unterschrift-Lampert-qr8atmph8tssmcrtttzc8tplekqp1q8cvgobo1uxee.png\",\"datePublished\":\"2022-08-17T08:33:52+00:00\",\"dateModified\":\"2025-03-12T08:58:09+00:00\",\"description\":\"El equipo de Lampert le asesora e informa sobre todos los aspectos de la tecnolog\u00eda de soldadura fina PUK \u2713100 pa\u00edses \u2713m\u00e1s de 20 a\u00f1os de experiencia \\\" Conozca a los expertos\",\"breadcrumb\":{\"@id\":\"https:\/\/www.lampert.info\/es\/equipo-lampert\/#breadcrumb\"},\"inLanguage\":\"es\",\"potentialAction\":[{\"@type\":\"ReadAction\",\"target\":[\"https:\/\/www.lampert.info\/es\/equipo-lampert\/\"]}]},{\"@type\":\"ImageObject\",\"inLanguage\":\"es\",\"@id\":\"https:\/\/www.lampert.info\/es\/equipo-lampert\/#primaryimage\",\"url\":\"https:\/\/www.lampert.info\/wp-content\/uploads\/elementor\/thumbs\/unterschrift-Lampert-qr8atmph8tssmcrtttzc8tplekqp1q8cvgobo1uxee.png\",\"contentUrl\":\"https:\/\/www.lampert.info\/wp-content\/uploads\/elementor\/thumbs\/unterschrift-Lampert-qr8atmph8tssmcrtttzc8tplekqp1q8cvgobo1uxee.png\"},{\"@type\":\"BreadcrumbList\",\"@id\":\"https:\/\/www.lampert.info\/es\/equipo-lampert\/#breadcrumb\",\"itemListElement\":[{\"@type\":\"ListItem\",\"position\":1,\"name\":\"Startseite\",\"item\":\"https:\/\/www.lampert.info\/es\/pagina-web\/\"},{\"@type\":\"ListItem\",\"position\":2,\"name\":\"Equipo Lampert\"}]},{\"@type\":\"WebSite\",\"@id\":\"https:\/\/www.lampert.info\/es\/#website\",\"url\":\"https:\/\/www.lampert.info\/es\/\",\"name\":\"Lampert Precision Welding\",\"description\":\"Innovative Feinschwei\u00dftechnik\",\"publisher\":{\"@id\":\"https:\/\/www.lampert.info\/es\/#organization\"},\"potentialAction\":[{\"@type\":\"SearchAction\",\"target\":{\"@type\":\"EntryPoint\",\"urlTemplate\":\"https:\/\/www.lampert.info\/es\/?s={search_term_string}\"},\"query-input\":{\"@type\":\"PropertyValueSpecification\",\"valueRequired\":true,\"valueName\":\"search_term_string\"}}],\"inLanguage\":\"es\"},{\"@type\":\"Organization\",\"@id\":\"https:\/\/www.lampert.info\/es\/#organization\",\"name\":\"Lampert Precision Welding\",\"url\":\"https:\/\/www.lampert.info\/es\/\",\"logo\":{\"@type\":\"ImageObject\",\"inLanguage\":\"es\",\"@id\":\"https:\/\/www.lampert.info\/es\/#\/schema\/logo\/image\/\",\"url\":\"https:\/\/www.lampert.info\/wp-content\/uploads\/2021\/12\/logo_lampert.png\",\"contentUrl\":\"https:\/\/www.lampert.info\/wp-content\/uploads\/2021\/12\/logo_lampert.png\",\"width\":642,\"height\":196,\"caption\":\"Lampert Precision Welding\"},\"image\":{\"@id\":\"https:\/\/www.lampert.info\/es\/#\/schema\/logo\/image\/\"}}]}<\/script>\n<!-- \/ Yoast SEO plugin. -->","yoast_head_json":{"title":"Equipo Lampert | Contacte con nuestros expertos","description":"El equipo de Lampert le asesora e informa sobre todos los aspectos de la tecnolog\u00eda de soldadura fina PUK \u2713100 pa\u00edses \u2713m\u00e1s de 20 a\u00f1os de experiencia \" Conozca a los expertos","robots":{"index":"index","follow":"follow","max-snippet":"max-snippet:-1","max-image-preview":"max-image-preview:large","max-video-preview":"max-video-preview:-1"},"canonical":"https:\/\/www.lampert.info\/es\/equipo-lampert\/","og_locale":"es_ES","og_type":"article","og_title":"Equipo Lampert | Contacte con nuestros expertos","og_description":"El equipo de Lampert le asesora e informa sobre todos los aspectos de la tecnolog\u00eda de soldadura fina PUK \u2713100 pa\u00edses \u2713m\u00e1s de 20 a\u00f1os de experiencia \" Conozca a los expertos","og_url":"https:\/\/www.lampert.info\/es\/equipo-lampert\/","og_site_name":"Lampert Precision Welding","article_modified_time":"2025-03-12T08:58:09+00:00","og_image":[{"url":"https:\/\/www.lampert.info\/wp-content\/uploads\/elementor\/thumbs\/unterschrift-Lampert-qr8atmph8tssmcrtttzc8tplekqp1q8cvgobo1uxee.png","type":"","width":"","height":""}],"twitter_card":"summary_large_image","twitter_misc":{"Tiempo de lectura":"2 minutos"},"schema":{"@context":"https:\/\/schema.org","@graph":[{"@type":"WebPage","@id":"https:\/\/www.lampert.info\/es\/equipo-lampert\/","url":"https:\/\/www.lampert.info\/es\/equipo-lampert\/","name":"Equipo Lampert | Contacte con nuestros expertos","isPartOf":{"@id":"https:\/\/www.lampert.info\/es\/#website"},"primaryImageOfPage":{"@id":"https:\/\/www.lampert.info\/es\/equipo-lampert\/#primaryimage"},"image":{"@id":"https:\/\/www.lampert.info\/es\/equipo-lampert\/#primaryimage"},"thumbnailUrl":"https:\/\/www.lampert.info\/wp-content\/uploads\/elementor\/thumbs\/unterschrift-Lampert-qr8atmph8tssmcrtttzc8tplekqp1q8cvgobo1uxee.png","datePublished":"2022-08-17T08:33:52+00:00","dateModified":"2025-03-12T08:58:09+00:00","description":"El equipo de Lampert le asesora e informa sobre todos los aspectos de la tecnolog\u00eda de soldadura fina PUK \u2713100 pa\u00edses \u2713m\u00e1s de 20 a\u00f1os de experiencia \" Conozca a los expertos","breadcrumb":{"@id":"https:\/\/www.lampert.info\/es\/equipo-lampert\/#breadcrumb"},"inLanguage":"es","potentialAction":[{"@type":"ReadAction","target":["https:\/\/www.lampert.info\/es\/equipo-lampert\/"]}]},{"@type":"ImageObject","inLanguage":"es","@id":"https:\/\/www.lampert.info\/es\/equipo-lampert\/#primaryimage","url":"https:\/\/www.lampert.info\/wp-content\/uploads\/elementor\/thumbs\/unterschrift-Lampert-qr8atmph8tssmcrtttzc8tplekqp1q8cvgobo1uxee.png","contentUrl":"https:\/\/www.lampert.info\/wp-content\/uploads\/elementor\/thumbs\/unterschrift-Lampert-qr8atmph8tssmcrtttzc8tplekqp1q8cvgobo1uxee.png"},{"@type":"BreadcrumbList","@id":"https:\/\/www.lampert.info\/es\/equipo-lampert\/#breadcrumb","itemListElement":[{"@type":"ListItem","position":1,"name":"Startseite","item":"https:\/\/www.lampert.info\/es\/pagina-web\/"},{"@type":"ListItem","position":2,"name":"Equipo Lampert"}]},{"@type":"WebSite","@id":"https:\/\/www.lampert.info\/es\/#website","url":"https:\/\/www.lampert.info\/es\/","name":"Lampert Precision Welding","description":"Innovative Feinschwei\u00dftechnik","publisher":{"@id":"https:\/\/www.lampert.info\/es\/#organization"},"potentialAction":[{"@type":"SearchAction","target":{"@type":"EntryPoint","urlTemplate":"https:\/\/www.lampert.info\/es\/?s={search_term_string}"},"query-input":{"@type":"PropertyValueSpecification","valueRequired":true,"valueName":"search_term_string"}}],"inLanguage":"es"},{"@type":"Organization","@id":"https:\/\/www.lampert.info\/es\/#organization","name":"Lampert Precision Welding","url":"https:\/\/www.lampert.info\/es\/","logo":{"@type":"ImageObject","inLanguage":"es","@id":"https:\/\/www.lampert.info\/es\/#\/schema\/logo\/image\/","url":"https:\/\/www.lampert.info\/wp-content\/uploads\/2021\/12\/logo_lampert.png","contentUrl":"https:\/\/www.lampert.info\/wp-content\/uploads\/2021\/12\/logo_lampert.png","width":642,"height":196,"caption":"Lampert Precision Welding"},"image":{"@id":"https:\/\/www.lampert.info\/es\/#\/schema\/logo\/image\/"}}]}},"_links":{"self":[{"href":"https:\/\/www.lampert.info\/es\/wp-json\/wp\/v2\/pages\/5492","targetHints":{"allow":["GET"]}}],"collection":[{"href":"https:\/\/www.lampert.info\/es\/wp-json\/wp\/v2\/pages"}],"about":[{"href":"https:\/\/www.lampert.info\/es\/wp-json\/wp\/v2\/types\/page"}],"author":[{"embeddable":true,"href":"https:\/\/www.lampert.info\/es\/wp-json\/wp\/v2\/users\/1"}],"replies":[{"embeddable":true,"href":"https:\/\/www.lampert.info\/es\/wp-json\/wp\/v2\/comments?post=5492"}],"version-history":[{"count":18,"href":"https:\/\/www.lampert.info\/es\/wp-json\/wp\/v2\/pages\/5492\/revisions"}],"predecessor-version":[{"id":24210,"href":"https:\/\/www.lampert.info\/es\/wp-json\/wp\/v2\/pages\/5492\/revisions\/24210"}],"wp:attachment":[{"href":"https:\/\/www.lampert.info\/es\/wp-json\/wp\/v2\/media?parent=5492"}],"curies":[{"name":"wp","href":"https:\/\/api.w.org\/{rel}","templated":true}]}}