{"id":5470,"date":"2022-08-17T09:23:04","date_gmt":"2022-08-17T07:23:04","guid":{"rendered":"https:\/\/www.lampert.info\/principio-de-puk\/"},"modified":"2026-02-24T12:28:43","modified_gmt":"2026-02-24T11:28:43","slug":"principio-de-soldadura","status":"publish","type":"page","link":"https:\/\/www.lampert.info\/es\/principio-de-soldadura\/","title":{"rendered":"Lampert principo de soldadura"},"content":{"rendered":"\t\t<div data-elementor-type=\"wp-page\" data-elementor-id=\"5470\" class=\"elementor elementor-5470 elementor-3317\" data-elementor-post-type=\"page\">\n\t\t\t\t\t\t<section data-particle_enable=\"false\" data-particle-mobile-disabled=\"false\" class=\"elementor-section elementor-top-section elementor-element elementor-element-946f0c9 elementor-section-boxed elementor-section-height-default elementor-section-height-default\" data-id=\"946f0c9\" data-element_type=\"section\" data-e-type=\"section\" data-settings=\"{&quot;background_background&quot;:&quot;classic&quot;}\">\n\t\t\t\t\t\t\t<div class=\"elementor-background-overlay\"><\/div>\n\t\t\t\t\t\t\t<div class=\"elementor-container elementor-column-gap-default\">\n\t\t\t\t\t<div class=\"elementor-column elementor-col-100 elementor-top-column elementor-element elementor-element-2f4c274\" data-id=\"2f4c274\" data-element_type=\"column\" data-e-type=\"column\" data-settings=\"{&quot;background_background&quot;:&quot;classic&quot;}\">\n\t\t\t<div class=\"elementor-widget-wrap elementor-element-populated\">\n\t\t\t\t\t\t<section data-particle_enable=\"false\" data-particle-mobile-disabled=\"false\" class=\"elementor-section elementor-inner-section elementor-element elementor-element-f06a269 elementor-section-boxed elementor-section-height-default elementor-section-height-default\" data-id=\"f06a269\" data-element_type=\"section\" data-e-type=\"section\">\n\t\t\t\t\t\t<div class=\"elementor-container elementor-column-gap-default\">\n\t\t\t\t\t<div class=\"elementor-column elementor-col-50 elementor-inner-column elementor-element elementor-element-d5e0781\" data-id=\"d5e0781\" data-element_type=\"column\" data-e-type=\"column\">\n\t\t\t<div class=\"elementor-widget-wrap elementor-element-populated\">\n\t\t\t\t\t\t<div class=\"elementor-element elementor-element-41128c7 elementor-widget elementor-widget-heading\" data-id=\"41128c7\" data-element_type=\"widget\" data-e-type=\"widget\" data-widget_type=\"heading.default\">\n\t\t\t\t<div class=\"elementor-widget-container\">\n\t\t\t\t\t<h1 class=\"elementor-heading-title elementor-size-default\">El Lampert principio de soldadura fina<\/h1>\t\t\t\t<\/div>\n\t\t\t\t<\/div>\n\t\t\t\t<div class=\"elementor-element elementor-element-8558f6d elementor-widget-divider--view-line elementor-widget elementor-widget-divider\" data-id=\"8558f6d\" data-element_type=\"widget\" data-e-type=\"widget\" data-widget_type=\"divider.default\">\n\t\t\t\t<div class=\"elementor-widget-container\">\n\t\t\t\t\t\t\t<div class=\"elementor-divider\">\n\t\t\t<span class=\"elementor-divider-separator\">\n\t\t\t\t\t\t<\/span>\n\t\t<\/div>\n\t\t\t\t\t\t<\/div>\n\t\t\t\t<\/div>\n\t\t\t\t<div class=\"elementor-element elementor-element-1adf6bb elementor-widget elementor-widget-text-editor\" data-id=\"1adf6bb\" data-element_type=\"widget\" data-e-type=\"widget\" data-widget_type=\"text-editor.default\">\n\t\t\t\t<div class=\"elementor-widget-container\">\n\t\t\t\t\t\t\t\t\t<p><span style=\"color: var( --e-global-color-text ); font-family: var( --e-global-typography-text-font-family ), Sans-serif; font-size: var( --e-global-typography-text-font-size ); font-weight: var( --e-global-typography-text-font-weight ); background-color: var( --e-global-color-1af8001 );\">El proceso de soldadura con las <\/span><a style=\"font-family: var( --e-global-typography-text-font-family ), Sans-serif; font-size: var( --e-global-typography-text-font-size ); font-weight: var( --e-global-typography-text-font-weight );\" href=\"https:\/\/www.lampert.info\/es\/productos\/\" target=\"_blank\" rel=\"noopener\">m\u00e1quinas de soldadura fina Lampert<\/a><span style=\"color: var( --e-global-color-text ); font-family: var( --e-global-typography-text-font-family ), Sans-serif; font-size: var( --e-global-typography-text-font-size ); font-weight: var( --e-global-typography-text-font-weight ); background-color: var( --e-global-color-1af8001 );\"> es en gran medida autom\u00e1tico, lo que hace que el proceso de soldadura sea muy sencillo y reproducible.<\/span><\/p><p>Una vez que el operario ha realizado los ajustes b\u00e1sicos para el tipo de metal y la situaci\u00f3n de soldadura en la soldadora, puede comenzar la soldadura de precisi\u00f3n.<\/p><p>El proceso de soldadura por micropulsos se inicia tocando ligeramente la pieza con la <a href=\"https:\/\/www.lampert.info\/es\/productos\/electrodos\/\" target=\"_blank\" rel=\"noopener\">punta del electrodo<\/a>. El propio proceso de soldadura se realiza autom\u00e1ticamente y no requiere ninguna otra intervenci\u00f3n del operario.<\/p><p>La tecnolog\u00eda de soldadura de precisi\u00f3n de Lampert proporciona cordones de soldadura precisos con la m\u00e1xima exactitud, al tiempo que minimiza la tensi\u00f3n t\u00e9rmica en la pieza.<\/p>\t\t\t\t\t\t\t\t<\/div>\n\t\t\t\t<\/div>\n\t\t\t\t\t<\/div>\n\t\t<\/div>\n\t\t\t\t<div class=\"elementor-column elementor-col-50 elementor-inner-column elementor-element elementor-element-a012a59\" data-id=\"a012a59\" data-element_type=\"column\" data-e-type=\"column\">\n\t\t\t<div class=\"elementor-widget-wrap elementor-element-populated\">\n\t\t\t\t\t\t<div class=\"elementor-element elementor-element-6cf2bdc elementor-widget elementor-widget-video\" data-id=\"6cf2bdc\" data-element_type=\"widget\" data-e-type=\"widget\" data-settings=\"{&quot;video_type&quot;:&quot;vimeo&quot;}\" data-widget_type=\"video.default\">\n\t\t\t\t<div class=\"elementor-widget-container\">\n\t\t\t\t\t\t\t<div class=\"elementor-wrapper elementor-open-inline\">\n\t\t\t <div class=\"brlbs-cmpnt-container brlbs-cmpnt-content-blocker brlbs-cmpnt-with-individual-styles\" data-borlabs-cookie-content-blocker-id=\"vimeo-content-blocker\" data-borlabs-cookie-content=\"PGlmcmFtZSBjbGFzcz0iZWxlbWVudG9yLXZpZGVvLWlmcmFtZSIgYWxsb3dmdWxsc2NyZWVuIGFsbG93PSJjbGlwYm9hcmQtd3JpdGUiIHRpdGxlPSJSZXByb2R1Y3RvciBkZSB2w61kZW8gdmltZW8iIHNyYz0iaHR0cHM6Ly9wbGF5ZXIudmltZW8uY29tL3ZpZGVvLzM3NDY3NzQ0Mz9jb2xvciZhbXA7YXV0b3BhdXNlPTAmYW1wO2xvb3A9MCZhbXA7bXV0ZWQ9MCZhbXA7dGl0bGU9MSZhbXA7cG9ydHJhaXQ9MSZhbXA7YnlsaW5lPTEjdD0iPjwvaWZyYW1lPg==\"><div class=\"brlbs-cmpnt-cb-preset-c brlbs-cmpnt-cb-vimeo\"> <div class=\"brlbs-cmpnt-cb-thumbnail\" style=\"background-image: url('https:\/\/www.lampert.info\/wp-content\/uploads\/borlabs-cookie\/1\/vimeo_374677443.jpg')\"><\/div> <div class=\"brlbs-cmpnt-cb-main\"> <div class=\"brlbs-cmpnt-cb-play-button\"><\/div> <div class=\"brlbs-cmpnt-cb-content\"> <p class=\"brlbs-cmpnt-cb-description\">Est\u00e1s viendo un contenido de marcador de posici\u00f3n de <strong>Vimeo<\/strong>. Para acceder al contenido real, haz clic en el siguiente bot\u00f3n. Ten en cuenta que al hacerlo compartir\u00e1s datos con terceros proveedores.<\/p> <a class=\"brlbs-cmpnt-cb-provider-toggle\" href=\"#\" data-borlabs-cookie-show-provider-information role=\"button\">M\u00e1s informaci\u00f3n<\/a> <\/div> <div class=\"brlbs-cmpnt-cb-buttons\"> <a class=\"brlbs-cmpnt-cb-btn\" href=\"#\" data-borlabs-cookie-unblock role=\"button\">Desbloquear contenido<\/a> <a class=\"brlbs-cmpnt-cb-btn\" href=\"#\" data-borlabs-cookie-accept-service role=\"button\" style=\"display: inherit\">Aceptar el servicio requerido y desbloquear los contenidos<\/a> <\/div> <\/div> <\/div><\/div>\t\t<\/div>\n\t\t\t\t\t\t<\/div>\n\t\t\t\t<\/div>\n\t\t\t\t\t<\/div>\n\t\t<\/div>\n\t\t\t\t\t<\/div>\n\t\t<\/section>\n\t\t\t\t\t<\/div>\n\t\t<\/div>\n\t\t\t\t\t<\/div>\n\t\t<\/section>\n\t\t\t\t<section data-particle_enable=\"false\" data-particle-mobile-disabled=\"false\" class=\"elementor-section elementor-top-section elementor-element elementor-element-ed2b8dc elementor-reverse-tablet elementor-reverse-mobile elementor-section-boxed elementor-section-height-default elementor-section-height-default\" data-id=\"ed2b8dc\" data-element_type=\"section\" data-e-type=\"section\" data-settings=\"{&quot;background_background&quot;:&quot;classic&quot;}\">\n\t\t\t\t\t\t<div class=\"elementor-container elementor-column-gap-default\">\n\t\t\t\t\t<div class=\"elementor-column elementor-col-100 elementor-top-column elementor-element elementor-element-4939356\" data-id=\"4939356\" data-element_type=\"column\" data-e-type=\"column\">\n\t\t\t<div class=\"elementor-widget-wrap elementor-element-populated\">\n\t\t\t\t\t\t<div class=\"elementor-element elementor-element-e043988 elementor-widget elementor-widget-heading\" data-id=\"e043988\" data-element_type=\"widget\" data-e-type=\"widget\" data-widget_type=\"heading.default\">\n\t\t\t\t<div class=\"elementor-widget-container\">\n\t\t\t\t\t<h2 class=\"elementor-heading-title elementor-size-default\">Soldadura por micropulsos \u2013 c\u00f3mo funciona en detalle<\/h2>\t\t\t\t<\/div>\n\t\t\t\t<\/div>\n\t\t\t\t<div class=\"elementor-element elementor-element-9de8fa6 elementor-widget-divider--view-line elementor-widget elementor-widget-divider\" data-id=\"9de8fa6\" data-element_type=\"widget\" data-e-type=\"widget\" data-widget_type=\"divider.default\">\n\t\t\t\t<div class=\"elementor-widget-container\">\n\t\t\t\t\t\t\t<div class=\"elementor-divider\">\n\t\t\t<span class=\"elementor-divider-separator\">\n\t\t\t\t\t\t<\/span>\n\t\t<\/div>\n\t\t\t\t\t\t<\/div>\n\t\t\t\t<\/div>\n\t\t\t\t<div class=\"elementor-element elementor-element-88199fe elementor-widget elementor-widget-text-editor\" data-id=\"88199fe\" data-element_type=\"widget\" data-e-type=\"widget\" data-widget_type=\"text-editor.default\">\n\t\t\t\t<div class=\"elementor-widget-container\">\n\t\t\t\t\t\t\t\t\t<ul><li>En cuanto la punta del electrodo toca el punto donde hay que soldar se abre una v\u00e1lvula de gas en el dispositivo de control y el <a href=\"https:\/\/www.lampert.info\/es\/soldadura-con-gas-de-proteccion\/\">gas protector emana<\/a> de la boquilla del porta\u00fatil.<\/li><li>El impulso el\u00e9ctrico (arco) se enciende autom\u00e1ticamente inmediatamente despu\u00e9s y el electrodo se retrae un poco hacia el interior de la pieza de mano.<\/li><li>El pulso el\u00e9ctrico (arco voltaico) parte en este caso desde el punto de contacto, permanece activo durante un tiempo preseleccionado y de este modo se genera un punto de soldadura de la intensidad deseada.<\/li><li>Si concluye satisfactoriamente la soldadura, se detiene autom\u00e1ticamente el flujo de gas protector.<\/li><\/ul><div> <\/div><p>El proceso se puede cancelar en cualquier momento interrumpiendo el contacto entre la punta del electrodo y la pieza de trabajo De este modo se evitan soldaduras incontroladas.<\/p><p>El <a href=\"https:\/\/www.lampert.info\/es\/vision-general-de-los-procesos-de-soldadura-habituales\/#WIG\">proceso micro TIG<\/a> requiere hilos de <a href=\"https:\/\/www.lampert.info\/es\/productos\/hilos-de-soldadura\/\">soldadura especiales<\/a> de peque\u00f1o di\u00e1metro.<\/p><p>Al trabajar con pulsos de soldadura individuales (no hay ning\u00fan arco voltaico continuo) y gracias a un intervalo preajustado entre dichos pulsos, se impide un sobrecalentamiento de la piezas de trabajo y se logran trabajos precisos y sin deformaciones.<\/p>\t\t\t\t\t\t\t\t<\/div>\n\t\t\t\t<\/div>\n\t\t\t\t\t<\/div>\n\t\t<\/div>\n\t\t\t\t\t<\/div>\n\t\t<\/section>\n\t\t\t\t<section data-particle_enable=\"false\" data-particle-mobile-disabled=\"false\" class=\"elementor-section elementor-top-section elementor-element elementor-element-6219776 elementor-reverse-tablet elementor-reverse-mobile elementor-section-boxed elementor-section-height-default elementor-section-height-default\" data-id=\"6219776\" data-element_type=\"section\" data-e-type=\"section\" data-settings=\"{&quot;background_background&quot;:&quot;classic&quot;}\">\n\t\t\t\t\t\t<div class=\"elementor-container elementor-column-gap-default\">\n\t\t\t\t\t<div class=\"elementor-column elementor-col-100 elementor-top-column elementor-element elementor-element-ec3fe41\" data-id=\"ec3fe41\" data-element_type=\"column\" data-e-type=\"column\">\n\t\t\t<div class=\"elementor-widget-wrap elementor-element-populated\">\n\t\t\t\t\t\t<div class=\"elementor-element elementor-element-7a2bebe elementor-widget elementor-widget-heading\" data-id=\"7a2bebe\" data-element_type=\"widget\" data-e-type=\"widget\" data-widget_type=\"heading.default\">\n\t\t\t\t<div class=\"elementor-widget-container\">\n\t\t\t\t\t<h2 class=\"elementor-heading-title elementor-size-default\">\u00c1mbitos de aplicaci\u00f3n del proceso micro TIG<\/h2>\t\t\t\t<\/div>\n\t\t\t\t<\/div>\n\t\t\t\t<div class=\"elementor-element elementor-element-991a601 elementor-widget-divider--view-line elementor-widget elementor-widget-divider\" data-id=\"991a601\" data-element_type=\"widget\" data-e-type=\"widget\" data-widget_type=\"divider.default\">\n\t\t\t\t<div class=\"elementor-widget-container\">\n\t\t\t\t\t\t\t<div class=\"elementor-divider\">\n\t\t\t<span class=\"elementor-divider-separator\">\n\t\t\t\t\t\t<\/span>\n\t\t<\/div>\n\t\t\t\t\t\t<\/div>\n\t\t\t\t<\/div>\n\t\t\t\t<div class=\"elementor-element elementor-element-728bbf2 elementor-widget elementor-widget-text-editor\" data-id=\"728bbf2\" data-element_type=\"widget\" data-e-type=\"widget\" data-widget_type=\"text-editor.default\">\n\t\t\t\t<div class=\"elementor-widget-container\">\n\t\t\t\t\t\t\t\t\t<p>Las aplicaciones son muchas y variadas: adem\u00e1s de las conexiones de soldadura cl\u00e1sicas con y sin hilo conductor, la tecnolog\u00eda de soldadura de precisi\u00f3n de Lampert tambi\u00e9n se utiliza para el contacto el\u00e9ctrico de componentes electr\u00f3nicos sensibles, la aplicaci\u00f3n de metal con fines de reparaci\u00f3n, la restauraci\u00f3n del desgaste y la construcci\u00f3n de prototipos de estructuras complejas.<\/p><p>Aplicar metal a bordes y superficies y fijar adornos: la soldadura por micropulsos es un valioso complemento para los procesos de mecanizado de orfebrer\u00eda.<\/p><p>El proceso micro-tig tambi\u00e9n proporciona uniones soldadas de alta calidad en el sector dental<\/p>\t\t\t\t\t\t\t\t<\/div>\n\t\t\t\t<\/div>\n\t\t\t\t\t<\/div>\n\t\t<\/div>\n\t\t\t\t\t<\/div>\n\t\t<\/section>\n\t\t\t\t<\/div>\n\t\t","protected":false},"excerpt":{"rendered":"<p>El Lampert principio de soldadura fina El proceso de soldadura con las m\u00e1quinas de soldadura fina Lampert es en gran medida autom\u00e1tico, lo que hace que el proceso de soldadura [&hellip;]<\/p>\n","protected":false},"author":1,"featured_media":0,"parent":0,"menu_order":0,"comment_status":"closed","ping_status":"closed","template":"","meta":{"_acf_changed":false,"inline_featured_image":false,"footnotes":""},"class_list":["post-5470","page","type-page","status-publish","hentry"],"acf":[],"yoast_head":"<!-- This site is optimized with the Yoast SEO plugin v27.4 - https:\/\/yoast.com\/product\/yoast-seo-wordpress\/ -->\n<title>Principio de soldadura fina | Lampert Werktechnik<\/title>\n<meta name=\"description\" content=\"Conozca el principio de soldadura fina del PUK \u2713procesos automatizados \u2713procesos controlados \u2713trabajos precisos y de baja distorsi\u00f3n\" \/>\n<meta name=\"robots\" content=\"index, follow, max-snippet:-1, max-image-preview:large, max-video-preview:-1\" \/>\n<link rel=\"canonical\" href=\"https:\/\/www.lampert.info\/es\/principio-de-soldadura\/\" \/>\n<meta property=\"og:locale\" content=\"es_ES\" \/>\n<meta property=\"og:type\" content=\"article\" \/>\n<meta property=\"og:title\" content=\"Principio de soldadura fina | Lampert Werktechnik\" \/>\n<meta property=\"og:description\" content=\"Conozca el principio de soldadura fina del PUK \u2713procesos automatizados \u2713procesos controlados \u2713trabajos precisos y de baja distorsi\u00f3n\" \/>\n<meta property=\"og:url\" content=\"https:\/\/www.lampert.info\/es\/principio-de-soldadura\/\" \/>\n<meta property=\"og:site_name\" content=\"Lampert Precision Welding\" \/>\n<meta property=\"article:modified_time\" content=\"2026-02-24T11:28:43+00:00\" \/>\n<meta name=\"twitter:card\" content=\"summary_large_image\" \/>\n<meta name=\"twitter:label1\" content=\"Tiempo de lectura\" \/>\n\t<meta name=\"twitter:data1\" content=\"2 minutos\" \/>\n<script type=\"application\/ld+json\" class=\"yoast-schema-graph\">{\"@context\":\"https:\\\/\\\/schema.org\",\"@graph\":[{\"@type\":\"WebPage\",\"@id\":\"https:\\\/\\\/www.lampert.info\\\/es\\\/principio-de-soldadura\\\/\",\"url\":\"https:\\\/\\\/www.lampert.info\\\/es\\\/principio-de-soldadura\\\/\",\"name\":\"Principio de soldadura fina | Lampert Werktechnik\",\"isPartOf\":{\"@id\":\"https:\\\/\\\/www.lampert.info\\\/es\\\/#website\"},\"datePublished\":\"2022-08-17T07:23:04+00:00\",\"dateModified\":\"2026-02-24T11:28:43+00:00\",\"description\":\"Conozca el principio de soldadura fina del PUK \u2713procesos automatizados \u2713procesos controlados \u2713trabajos precisos y de baja distorsi\u00f3n\",\"breadcrumb\":{\"@id\":\"https:\\\/\\\/www.lampert.info\\\/es\\\/principio-de-soldadura\\\/#breadcrumb\"},\"inLanguage\":\"es\",\"potentialAction\":[{\"@type\":\"ReadAction\",\"target\":[\"https:\\\/\\\/www.lampert.info\\\/es\\\/principio-de-soldadura\\\/\"]}]},{\"@type\":\"BreadcrumbList\",\"@id\":\"https:\\\/\\\/www.lampert.info\\\/es\\\/principio-de-soldadura\\\/#breadcrumb\",\"itemListElement\":[{\"@type\":\"ListItem\",\"position\":1,\"name\":\"Startseite\",\"item\":\"https:\\\/\\\/www.lampert.info\\\/es\\\/pagina-web\\\/\"},{\"@type\":\"ListItem\",\"position\":2,\"name\":\"Lampert principo de soldadura\"}]},{\"@type\":\"WebSite\",\"@id\":\"https:\\\/\\\/www.lampert.info\\\/es\\\/#website\",\"url\":\"https:\\\/\\\/www.lampert.info\\\/es\\\/\",\"name\":\"Lampert Precision Welding\",\"description\":\"Innovative Feinschwei\u00dftechnik\",\"publisher\":{\"@id\":\"https:\\\/\\\/www.lampert.info\\\/es\\\/#organization\"},\"potentialAction\":[{\"@type\":\"SearchAction\",\"target\":{\"@type\":\"EntryPoint\",\"urlTemplate\":\"https:\\\/\\\/www.lampert.info\\\/es\\\/?s={search_term_string}\"},\"query-input\":{\"@type\":\"PropertyValueSpecification\",\"valueRequired\":true,\"valueName\":\"search_term_string\"}}],\"inLanguage\":\"es\"},{\"@type\":\"Organization\",\"@id\":\"https:\\\/\\\/www.lampert.info\\\/es\\\/#organization\",\"name\":\"Lampert Precision Welding\",\"url\":\"https:\\\/\\\/www.lampert.info\\\/es\\\/\",\"logo\":{\"@type\":\"ImageObject\",\"inLanguage\":\"es\",\"@id\":\"https:\\\/\\\/www.lampert.info\\\/es\\\/#\\\/schema\\\/logo\\\/image\\\/\",\"url\":\"https:\\\/\\\/www.lampert.info\\\/wp-content\\\/uploads\\\/2021\\\/12\\\/logo_lampert.png\",\"contentUrl\":\"https:\\\/\\\/www.lampert.info\\\/wp-content\\\/uploads\\\/2021\\\/12\\\/logo_lampert.png\",\"width\":642,\"height\":196,\"caption\":\"Lampert Precision Welding\"},\"image\":{\"@id\":\"https:\\\/\\\/www.lampert.info\\\/es\\\/#\\\/schema\\\/logo\\\/image\\\/\"}}]}<\/script>\n<!-- \/ Yoast SEO plugin. -->","yoast_head_json":{"title":"Principio de soldadura fina | Lampert Werktechnik","description":"Conozca el principio de soldadura fina del PUK \u2713procesos automatizados \u2713procesos controlados \u2713trabajos precisos y de baja distorsi\u00f3n","robots":{"index":"index","follow":"follow","max-snippet":"max-snippet:-1","max-image-preview":"max-image-preview:large","max-video-preview":"max-video-preview:-1"},"canonical":"https:\/\/www.lampert.info\/es\/principio-de-soldadura\/","og_locale":"es_ES","og_type":"article","og_title":"Principio de soldadura fina | Lampert Werktechnik","og_description":"Conozca el principio de soldadura fina del PUK \u2713procesos automatizados \u2713procesos controlados \u2713trabajos precisos y de baja distorsi\u00f3n","og_url":"https:\/\/www.lampert.info\/es\/principio-de-soldadura\/","og_site_name":"Lampert Precision Welding","article_modified_time":"2026-02-24T11:28:43+00:00","twitter_card":"summary_large_image","twitter_misc":{"Tiempo de lectura":"2 minutos"},"schema":{"@context":"https:\/\/schema.org","@graph":[{"@type":"WebPage","@id":"https:\/\/www.lampert.info\/es\/principio-de-soldadura\/","url":"https:\/\/www.lampert.info\/es\/principio-de-soldadura\/","name":"Principio de soldadura fina | Lampert Werktechnik","isPartOf":{"@id":"https:\/\/www.lampert.info\/es\/#website"},"datePublished":"2022-08-17T07:23:04+00:00","dateModified":"2026-02-24T11:28:43+00:00","description":"Conozca el principio de soldadura fina del PUK \u2713procesos automatizados \u2713procesos controlados \u2713trabajos precisos y de baja distorsi\u00f3n","breadcrumb":{"@id":"https:\/\/www.lampert.info\/es\/principio-de-soldadura\/#breadcrumb"},"inLanguage":"es","potentialAction":[{"@type":"ReadAction","target":["https:\/\/www.lampert.info\/es\/principio-de-soldadura\/"]}]},{"@type":"BreadcrumbList","@id":"https:\/\/www.lampert.info\/es\/principio-de-soldadura\/#breadcrumb","itemListElement":[{"@type":"ListItem","position":1,"name":"Startseite","item":"https:\/\/www.lampert.info\/es\/pagina-web\/"},{"@type":"ListItem","position":2,"name":"Lampert principo de soldadura"}]},{"@type":"WebSite","@id":"https:\/\/www.lampert.info\/es\/#website","url":"https:\/\/www.lampert.info\/es\/","name":"Lampert Precision Welding","description":"Innovative Feinschwei\u00dftechnik","publisher":{"@id":"https:\/\/www.lampert.info\/es\/#organization"},"potentialAction":[{"@type":"SearchAction","target":{"@type":"EntryPoint","urlTemplate":"https:\/\/www.lampert.info\/es\/?s={search_term_string}"},"query-input":{"@type":"PropertyValueSpecification","valueRequired":true,"valueName":"search_term_string"}}],"inLanguage":"es"},{"@type":"Organization","@id":"https:\/\/www.lampert.info\/es\/#organization","name":"Lampert Precision Welding","url":"https:\/\/www.lampert.info\/es\/","logo":{"@type":"ImageObject","inLanguage":"es","@id":"https:\/\/www.lampert.info\/es\/#\/schema\/logo\/image\/","url":"https:\/\/www.lampert.info\/wp-content\/uploads\/2021\/12\/logo_lampert.png","contentUrl":"https:\/\/www.lampert.info\/wp-content\/uploads\/2021\/12\/logo_lampert.png","width":642,"height":196,"caption":"Lampert Precision Welding"},"image":{"@id":"https:\/\/www.lampert.info\/es\/#\/schema\/logo\/image\/"}}]}},"_links":{"self":[{"href":"https:\/\/www.lampert.info\/es\/wp-json\/wp\/v2\/pages\/5470","targetHints":{"allow":["GET"]}}],"collection":[{"href":"https:\/\/www.lampert.info\/es\/wp-json\/wp\/v2\/pages"}],"about":[{"href":"https:\/\/www.lampert.info\/es\/wp-json\/wp\/v2\/types\/page"}],"author":[{"embeddable":true,"href":"https:\/\/www.lampert.info\/es\/wp-json\/wp\/v2\/users\/1"}],"replies":[{"embeddable":true,"href":"https:\/\/www.lampert.info\/es\/wp-json\/wp\/v2\/comments?post=5470"}],"version-history":[{"count":7,"href":"https:\/\/www.lampert.info\/es\/wp-json\/wp\/v2\/pages\/5470\/revisions"}],"predecessor-version":[{"id":28316,"href":"https:\/\/www.lampert.info\/es\/wp-json\/wp\/v2\/pages\/5470\/revisions\/28316"}],"wp:attachment":[{"href":"https:\/\/www.lampert.info\/es\/wp-json\/wp\/v2\/media?parent=5470"}],"curies":[{"name":"wp","href":"https:\/\/api.w.org\/{rel}","templated":true}]}}