{"id":5453,"date":"2022-08-11T14:51:48","date_gmt":"2022-08-11T12:51:48","guid":{"rendered":"https:\/\/www.lampert.info\/preguntas-frecuentes\/"},"modified":"2025-03-12T10:21:41","modified_gmt":"2025-03-12T09:21:41","slug":"preguntas-frecuentes","status":"publish","type":"page","link":"https:\/\/www.lampert.info\/es\/ayuda\/preguntas-frecuentes\/","title":{"rendered":"PREGUNTAS FRECUENTES"},"content":{"rendered":"<div  class=\"ewd-ufaq-faq-list ewd-ufaq-page-type-load_more ewd-ufaq-category-tabs-\" id='ewd-ufaq-faq-list'>\n\n\t<input type='hidden' name='show_on_load' value='' id='ewd-ufaq-show-on-load' \/>\n<input type='hidden' name='include_category' value='' id='ewd-ufaq-include-category' \/>\n<input type='hidden' name='exclude_category' value='' id='ewd-ufaq-exclude-category' \/>\n<input type='hidden' name='orderby' value='date' id='ewd-ufaq-orderby' \/>\n<input type='hidden' name='order' value='asc' id='ewd-ufaq-order' \/>\n<input type='hidden' name='post_count' value='-1' id='ewd-ufaq-post-count' \/>\n<input type='hidden' name='current_url' value='\/es\/wp-json\/wp\/v2\/pages\/5453' id='ewd-ufaq-current-url' \/>\n\t\n\t\n\t<div class='ewd-ufaq-faqs'>\n\n\t\t<div  class=\"ewd-ufaq-faq-div ewd-ufaq-faq-column-count-one ewd-ufaq-faq-responsive-columns- ewd-ufaq-faq-display-style-minimalist ewd-ufaq-can-be-toggled\" id='ewd-ufaq-post-5767-Z4fV3zb1I4' data-post_id='5767'>\n\n\t\t\n\t<div class='ewd-ufaq-faq-title ewd-ufaq-faq-toggle'>\n\t\n\t<a class='ewd-ufaq-post-margin'  href='#' role=\"button\">\n\n\t\t<div class='ewd-ufaq-post-margin-symbol ewd-ufaq-'>\n\t\t\t<span >B<\/span>\n\t\t<\/div>\n\n\t\t<div class='ewd-ufaq-faq-title-text'>\n\n\t\t\t<h3>\n\t\t\t\t\u00bfQu\u00e9 puede hacer que el electrodo se parta o se rompa?\t\t\t<\/h3>\n\n\t\t<\/div>\n\n\t\t<div class='ewd-ufaq-clear'><\/div>\n\n\t<\/a>\n\t\n<\/div>\n\t\n\t<div class='ewd-ufaq-faq-body' >\n\n\t\t\n\t\t\t\n\t\t\n\t\t\t<div class='ewd-ufaq-post-margin ewd-ufaq-faq-post'>\n\t<p>Los electrodos utilizados son una aleaci\u00f3n especial de tungsteno y \u00f3xidos met\u00e1licos.<\/p>\n<p>Estos electrodos han sido especialmente dise\u00f1ados para su uso en combinaci\u00f3n con las unidades de soldadura fina de Lampert. Los electrodos tienen excelentes propiedades de soldadura, pero son duros y fr\u00e1giles.<\/p>\n<p>Si el electrodo se dobla, por ejemplo, despu\u00e9s de haberse enganchado a la pieza y se \u00abrompe\u00bb, puede producirse una rotura.<\/p>\n<p>Las diferencias extremas de temperatura entre la punta y el eje del electrodo que se producen durante la soldadura tambi\u00e9n crean grandes tensiones mec\u00e1nicas en el electrodo. Por lo tanto, no se puede descartar que el electrodo se rompa o astille ocasionalmente.<\/p>\n<\/div>\n\t\t\n\t\t\t\n\t\t\n\t\t\t<div class='ewd-ufaq-faq-custom-fields'>\n\n\t\n<\/div>\n\t\t\n\t\t\t\n\t\t\n\t\t\t\n\t\t\n\t\t\t\n\t\t\n\t\t\t\n\t\t\n\t\t\t\n\t\t\n\t\t\t\n\t\t\n\t<\/div>\n\n<\/div>\n\t<\/div>\n\n\t\n<\/div>","protected":false},"excerpt":{"rendered":"<p>B \u00bfQu\u00e9 puede hacer que el electrodo se parta o se rompa? Los electrodos utilizados son una aleaci\u00f3n especial de tungsteno y \u00f3xidos met\u00e1licos. Estos electrodos han sido especialmente dise\u00f1ados [&hellip;]<\/p>\n","protected":false},"author":1,"featured_media":0,"parent":20499,"menu_order":0,"comment_status":"closed","ping_status":"closed","template":"","meta":{"_acf_changed":false,"inline_featured_image":false,"_monsterinsights_skip_tracking":false,"_monsterinsights_sitenote_active":false,"_monsterinsights_sitenote_note":"","_monsterinsights_sitenote_category":0,"footnotes":""},"class_list":["post-5453","page","type-page","status-publish","hentry"],"acf":[],"yoast_head":"<!-- This site is optimized with the Yoast SEO plugin v27.2 - https:\/\/yoast.com\/product\/yoast-seo-wordpress\/ -->\n<title>FAQ Soldadura fina | Todo sobre la soldadura TIG MIkro | Soldadura de precisi\u00f3n Lampert<\/title>\n<meta name=\"description\" content=\"En nuestra secci\u00f3n de preguntas frecuentes sobre soldadura hemos recopilado las preguntas m\u00e1s frecuentes y las respondemos aqu\u00ed.\" \/>\n<meta name=\"robots\" content=\"index, follow, max-snippet:-1, max-image-preview:large, max-video-preview:-1\" \/>\n<link rel=\"canonical\" href=\"https:\/\/www.lampert.info\/es\/ayuda\/preguntas-frecuentes\/\" \/>\n<meta property=\"og:locale\" content=\"es_ES\" \/>\n<meta property=\"og:type\" content=\"article\" \/>\n<meta property=\"og:title\" content=\"FAQ Soldadura fina | Todo sobre la soldadura TIG MIkro | Soldadura de precisi\u00f3n Lampert\" \/>\n<meta property=\"og:description\" content=\"En nuestra secci\u00f3n de preguntas frecuentes sobre soldadura hemos recopilado las preguntas m\u00e1s frecuentes y las respondemos aqu\u00ed.\" \/>\n<meta property=\"og:url\" content=\"https:\/\/www.lampert.info\/es\/ayuda\/preguntas-frecuentes\/\" \/>\n<meta property=\"og:site_name\" content=\"Lampert Precision Welding\" \/>\n<meta property=\"article:modified_time\" content=\"2025-03-12T09:21:41+00:00\" \/>\n<meta name=\"twitter:card\" content=\"summary_large_image\" \/>\n<script type=\"application\/ld+json\" class=\"yoast-schema-graph\">{\"@context\":\"https:\/\/schema.org\",\"@graph\":[{\"@type\":\"WebPage\",\"@id\":\"https:\/\/www.lampert.info\/es\/ayuda\/preguntas-frecuentes\/\",\"url\":\"https:\/\/www.lampert.info\/es\/ayuda\/preguntas-frecuentes\/\",\"name\":\"FAQ Soldadura fina | Todo sobre la soldadura TIG MIkro | Soldadura de precisi\u00f3n Lampert\",\"isPartOf\":{\"@id\":\"https:\/\/www.lampert.info\/es\/#website\"},\"datePublished\":\"2022-08-11T12:51:48+00:00\",\"dateModified\":\"2025-03-12T09:21:41+00:00\",\"description\":\"En nuestra secci\u00f3n de preguntas frecuentes sobre soldadura hemos recopilado las preguntas m\u00e1s frecuentes y las respondemos aqu\u00ed.\",\"breadcrumb\":{\"@id\":\"https:\/\/www.lampert.info\/es\/ayuda\/preguntas-frecuentes\/#breadcrumb\"},\"inLanguage\":\"es\",\"potentialAction\":[{\"@type\":\"ReadAction\",\"target\":[\"https:\/\/www.lampert.info\/es\/ayuda\/preguntas-frecuentes\/\"]}]},{\"@type\":\"BreadcrumbList\",\"@id\":\"https:\/\/www.lampert.info\/es\/ayuda\/preguntas-frecuentes\/#breadcrumb\",\"itemListElement\":[{\"@type\":\"ListItem\",\"position\":1,\"name\":\"Startseite\",\"item\":\"https:\/\/www.lampert.info\/es\/pagina-web\/\"},{\"@type\":\"ListItem\",\"position\":2,\"name\":\"Ayuda\",\"item\":\"https:\/\/www.lampert.info\/es\/ayuda\/\"},{\"@type\":\"ListItem\",\"position\":3,\"name\":\"PREGUNTAS FRECUENTES\"}]},{\"@type\":\"WebSite\",\"@id\":\"https:\/\/www.lampert.info\/es\/#website\",\"url\":\"https:\/\/www.lampert.info\/es\/\",\"name\":\"Lampert Precision Welding\",\"description\":\"Innovative Feinschwei\u00dftechnik\",\"publisher\":{\"@id\":\"https:\/\/www.lampert.info\/es\/#organization\"},\"potentialAction\":[{\"@type\":\"SearchAction\",\"target\":{\"@type\":\"EntryPoint\",\"urlTemplate\":\"https:\/\/www.lampert.info\/es\/?s={search_term_string}\"},\"query-input\":{\"@type\":\"PropertyValueSpecification\",\"valueRequired\":true,\"valueName\":\"search_term_string\"}}],\"inLanguage\":\"es\"},{\"@type\":\"Organization\",\"@id\":\"https:\/\/www.lampert.info\/es\/#organization\",\"name\":\"Lampert Precision Welding\",\"url\":\"https:\/\/www.lampert.info\/es\/\",\"logo\":{\"@type\":\"ImageObject\",\"inLanguage\":\"es\",\"@id\":\"https:\/\/www.lampert.info\/es\/#\/schema\/logo\/image\/\",\"url\":\"https:\/\/www.lampert.info\/wp-content\/uploads\/2021\/12\/logo_lampert.png\",\"contentUrl\":\"https:\/\/www.lampert.info\/wp-content\/uploads\/2021\/12\/logo_lampert.png\",\"width\":642,\"height\":196,\"caption\":\"Lampert Precision Welding\"},\"image\":{\"@id\":\"https:\/\/www.lampert.info\/es\/#\/schema\/logo\/image\/\"}}]}<\/script>\n<!-- \/ Yoast SEO plugin. -->","yoast_head_json":{"title":"FAQ Soldadura fina | Todo sobre la soldadura TIG MIkro | Soldadura de precisi\u00f3n Lampert","description":"En nuestra secci\u00f3n de preguntas frecuentes sobre soldadura hemos recopilado las preguntas m\u00e1s frecuentes y las respondemos aqu\u00ed.","robots":{"index":"index","follow":"follow","max-snippet":"max-snippet:-1","max-image-preview":"max-image-preview:large","max-video-preview":"max-video-preview:-1"},"canonical":"https:\/\/www.lampert.info\/es\/ayuda\/preguntas-frecuentes\/","og_locale":"es_ES","og_type":"article","og_title":"FAQ Soldadura fina | Todo sobre la soldadura TIG MIkro | Soldadura de precisi\u00f3n Lampert","og_description":"En nuestra secci\u00f3n de preguntas frecuentes sobre soldadura hemos recopilado las preguntas m\u00e1s frecuentes y las respondemos aqu\u00ed.","og_url":"https:\/\/www.lampert.info\/es\/ayuda\/preguntas-frecuentes\/","og_site_name":"Lampert Precision Welding","article_modified_time":"2025-03-12T09:21:41+00:00","twitter_card":"summary_large_image","schema":{"@context":"https:\/\/schema.org","@graph":[{"@type":"WebPage","@id":"https:\/\/www.lampert.info\/es\/ayuda\/preguntas-frecuentes\/","url":"https:\/\/www.lampert.info\/es\/ayuda\/preguntas-frecuentes\/","name":"FAQ Soldadura fina | Todo sobre la soldadura TIG MIkro | Soldadura de precisi\u00f3n Lampert","isPartOf":{"@id":"https:\/\/www.lampert.info\/es\/#website"},"datePublished":"2022-08-11T12:51:48+00:00","dateModified":"2025-03-12T09:21:41+00:00","description":"En nuestra secci\u00f3n de preguntas frecuentes sobre soldadura hemos recopilado las preguntas m\u00e1s frecuentes y las respondemos aqu\u00ed.","breadcrumb":{"@id":"https:\/\/www.lampert.info\/es\/ayuda\/preguntas-frecuentes\/#breadcrumb"},"inLanguage":"es","potentialAction":[{"@type":"ReadAction","target":["https:\/\/www.lampert.info\/es\/ayuda\/preguntas-frecuentes\/"]}]},{"@type":"BreadcrumbList","@id":"https:\/\/www.lampert.info\/es\/ayuda\/preguntas-frecuentes\/#breadcrumb","itemListElement":[{"@type":"ListItem","position":1,"name":"Startseite","item":"https:\/\/www.lampert.info\/es\/pagina-web\/"},{"@type":"ListItem","position":2,"name":"Ayuda","item":"https:\/\/www.lampert.info\/es\/ayuda\/"},{"@type":"ListItem","position":3,"name":"PREGUNTAS FRECUENTES"}]},{"@type":"WebSite","@id":"https:\/\/www.lampert.info\/es\/#website","url":"https:\/\/www.lampert.info\/es\/","name":"Lampert Precision Welding","description":"Innovative Feinschwei\u00dftechnik","publisher":{"@id":"https:\/\/www.lampert.info\/es\/#organization"},"potentialAction":[{"@type":"SearchAction","target":{"@type":"EntryPoint","urlTemplate":"https:\/\/www.lampert.info\/es\/?s={search_term_string}"},"query-input":{"@type":"PropertyValueSpecification","valueRequired":true,"valueName":"search_term_string"}}],"inLanguage":"es"},{"@type":"Organization","@id":"https:\/\/www.lampert.info\/es\/#organization","name":"Lampert Precision Welding","url":"https:\/\/www.lampert.info\/es\/","logo":{"@type":"ImageObject","inLanguage":"es","@id":"https:\/\/www.lampert.info\/es\/#\/schema\/logo\/image\/","url":"https:\/\/www.lampert.info\/wp-content\/uploads\/2021\/12\/logo_lampert.png","contentUrl":"https:\/\/www.lampert.info\/wp-content\/uploads\/2021\/12\/logo_lampert.png","width":642,"height":196,"caption":"Lampert Precision Welding"},"image":{"@id":"https:\/\/www.lampert.info\/es\/#\/schema\/logo\/image\/"}}]}},"_links":{"self":[{"href":"https:\/\/www.lampert.info\/es\/wp-json\/wp\/v2\/pages\/5453","targetHints":{"allow":["GET"]}}],"collection":[{"href":"https:\/\/www.lampert.info\/es\/wp-json\/wp\/v2\/pages"}],"about":[{"href":"https:\/\/www.lampert.info\/es\/wp-json\/wp\/v2\/types\/page"}],"author":[{"embeddable":true,"href":"https:\/\/www.lampert.info\/es\/wp-json\/wp\/v2\/users\/1"}],"replies":[{"embeddable":true,"href":"https:\/\/www.lampert.info\/es\/wp-json\/wp\/v2\/comments?post=5453"}],"version-history":[{"count":4,"href":"https:\/\/www.lampert.info\/es\/wp-json\/wp\/v2\/pages\/5453\/revisions"}],"predecessor-version":[{"id":8556,"href":"https:\/\/www.lampert.info\/es\/wp-json\/wp\/v2\/pages\/5453\/revisions\/8556"}],"up":[{"embeddable":true,"href":"https:\/\/www.lampert.info\/es\/wp-json\/wp\/v2\/pages\/20499"}],"wp:attachment":[{"href":"https:\/\/www.lampert.info\/es\/wp-json\/wp\/v2\/media?parent=5453"}],"curies":[{"name":"wp","href":"https:\/\/api.w.org\/{rel}","templated":true}]}}