{"id":5440,"date":"2022-08-11T10:12:41","date_gmt":"2022-08-11T08:12:41","guid":{"rendered":"https:\/\/www.lampert.info\/sala-de-exposiciones\/"},"modified":"2026-01-16T00:24:26","modified_gmt":"2026-01-15T23:24:26","slug":"sala-de-exposiciones","status":"publish","type":"page","link":"https:\/\/www.lampert.info\/es\/sala-de-exposiciones\/","title":{"rendered":"Sala_de_exposiciones"},"content":{"rendered":"\t\t<div data-elementor-type=\"wp-page\" data-elementor-id=\"5440\" class=\"elementor elementor-5440\" data-elementor-post-type=\"page\">\n\t\t\t\t\t\t<section data-particle_enable=\"false\" data-particle-mobile-disabled=\"false\" class=\"elementor-section elementor-top-section elementor-element elementor-element-f9eefb0 elementor-section-boxed elementor-section-height-default elementor-section-height-default\" data-id=\"f9eefb0\" data-element_type=\"section\" data-e-type=\"section\" data-settings=\"{&quot;background_background&quot;:&quot;classic&quot;}\">\n\t\t\t\t\t\t<div class=\"elementor-container elementor-column-gap-default\">\n\t\t\t\t\t<div class=\"elementor-column elementor-col-100 elementor-top-column elementor-element elementor-element-fe5af0c\" data-id=\"fe5af0c\" data-element_type=\"column\" data-e-type=\"column\">\n\t\t\t<div class=\"elementor-widget-wrap elementor-element-populated\">\n\t\t\t\t\t\t<div class=\"elementor-element elementor-element-2177be4 elementor-widget elementor-widget-heading\" data-id=\"2177be4\" data-element_type=\"widget\" data-e-type=\"widget\" data-widget_type=\"heading.default\">\n\t\t\t\t<div class=\"elementor-widget-container\">\n\t\t\t\t\t<h1 class=\"elementor-heading-title elementor-size-default\">Sala de exposiciones virtual de Lampert<\/h1>\t\t\t\t<\/div>\n\t\t\t\t<\/div>\n\t\t\t\t<div class=\"elementor-element elementor-element-8dba26a elementor-widget-divider--view-line elementor-widget elementor-widget-divider\" data-id=\"8dba26a\" data-element_type=\"widget\" data-e-type=\"widget\" data-widget_type=\"divider.default\">\n\t\t\t\t<div class=\"elementor-widget-container\">\n\t\t\t\t\t\t\t<div class=\"elementor-divider\">\n\t\t\t<span class=\"elementor-divider-separator\">\n\t\t\t\t\t\t<\/span>\n\t\t<\/div>\n\t\t\t\t\t\t<\/div>\n\t\t\t\t<\/div>\n\t\t\t\t<div class=\"elementor-element elementor-element-06ca88c elementor-widget elementor-widget-text-editor\" data-id=\"06ca88c\" data-element_type=\"widget\" data-e-type=\"widget\" data-widget_type=\"text-editor.default\">\n\t\t\t\t<div class=\"elementor-widget-container\">\n\t\t\t\t\t\t\t\t\t<p>Conv\u00e9nzase de las posibilidades de aplicaci\u00f3n de nuestros equipos de soldadura y d\u00e9jese inspirar por las experiencias de nuestros clientes. Nuestros v\u00eddeos de demostraci\u00f3n le dar\u00e1n una primera impresi\u00f3n de la diversidad y funcionalidad de nuestras m\u00e1quinas de soldar, ya sea en orfebrer\u00eda, tecnolog\u00eda dental o industria.<\/p>\t\t\t\t\t\t\t\t<\/div>\n\t\t\t\t<\/div>\n\t\t\t\t<section data-particle_enable=\"false\" data-particle-mobile-disabled=\"false\" class=\"elementor-section elementor-inner-section elementor-element elementor-element-dbbe10e elementor-section-boxed elementor-section-height-default elementor-section-height-default\" data-id=\"dbbe10e\" data-element_type=\"section\" data-e-type=\"section\" id=\"button_down\">\n\t\t\t\t\t\t<div class=\"elementor-container elementor-column-gap-default\">\n\t\t\t\t\t<div class=\"elementor-column elementor-col-33 elementor-inner-column elementor-element elementor-element-f9b9995\" data-id=\"f9b9995\" data-element_type=\"column\" data-e-type=\"column\" data-settings=\"{&quot;background_background&quot;:&quot;classic&quot;}\">\n\t\t\t<div class=\"elementor-widget-wrap elementor-element-populated\">\n\t\t\t\t\t\t<div class=\"elementor-element elementor-element-47f792c elementor-widget elementor-widget-image\" data-id=\"47f792c\" data-element_type=\"widget\" data-e-type=\"widget\" data-widget_type=\"image.default\">\n\t\t\t\t<div class=\"elementor-widget-container\">\n\t\t\t\t\t\t\t\t\t\t\t\t\t\t\t\t<a href=\"https:\/\/www.lampert.info\/es\/testimonios\/\">\n\t\t\t\t\t\t\t<img fetchpriority=\"high\" decoding=\"async\" width=\"350\" height=\"330\" src=\"https:\/\/www.lampert.info\/wp-content\/uploads\/2022\/08\/teaser-kundenmeinungen-149.jpg\" class=\"attachment-large size-large wp-image-4959\" alt=\"\" srcset=\"https:\/\/www.lampert.info\/wp-content\/uploads\/2022\/08\/teaser-kundenmeinungen-149.jpg 350w, https:\/\/www.lampert.info\/wp-content\/uploads\/2022\/08\/teaser-kundenmeinungen-149-300x283.jpg 300w\" sizes=\"(max-width: 350px) 100vw, 350px\" \/>\t\t\t\t\t\t\t\t<\/a>\n\t\t\t\t\t\t\t\t\t\t\t\t\t\t\t<\/div>\n\t\t\t\t<\/div>\n\t\t\t\t<div class=\"elementor-element elementor-element-b985800 elementor-widget elementor-widget-heading\" data-id=\"b985800\" data-element_type=\"widget\" data-e-type=\"widget\" data-widget_type=\"heading.default\">\n\t\t\t\t<div class=\"elementor-widget-container\">\n\t\t\t\t\t<h2 class=\"elementor-heading-title elementor-size-default\">Testimonios de clientes<\/h2>\t\t\t\t<\/div>\n\t\t\t\t<\/div>\n\t\t\t\t<div class=\"elementor-element elementor-element-061f77f elementor-widget elementor-widget-text-editor\" data-id=\"061f77f\" data-element_type=\"widget\" data-e-type=\"widget\" data-widget_type=\"text-editor.default\">\n\t\t\t\t<div class=\"elementor-widget-container\">\n\t\t\t\t\t\t\t\t\tLee lo que dicen nuestros clientes sobre trabajar con el PUK.\t\t\t\t\t\t\t\t<\/div>\n\t\t\t\t<\/div>\n\t\t\t\t<div class=\"elementor-element elementor-element-5c6609f elementor-widget elementor-widget-eael-creative-button\" data-id=\"5c6609f\" data-element_type=\"widget\" data-e-type=\"widget\" data-widget_type=\"eael-creative-button.default\">\n\t\t\t\t<div class=\"elementor-widget-container\">\n\t\t\t\t\t        <div class=\"eael-creative-button-wrapper\">\n\n            <a class=\"eael-creative-button eael-creative-button--aylen eael-cb-icon-position-left\" href=\"https:\/\/www.lampert.info\/es\/testimonios\/\" data-text=\"\">\n            \t    \n                <div class=\"creative-button-inner\">\n\n                                            <span class=\"eael-creative-button-icon-left\"><i aria-hidden=\"true\" class=\"fas fa-chevron-right\"><\/i><\/span>                    \n                    <span class=\"cretive-button-text\">Testimonios de clientes<\/span>\n\n                                    <\/div>\n\t                        <\/a>\n        <\/div>\n        \t\t\t\t<\/div>\n\t\t\t\t<\/div>\n\t\t\t\t\t<\/div>\n\t\t<\/div>\n\t\t\t\t<div class=\"elementor-column elementor-col-33 elementor-inner-column elementor-element elementor-element-926ae8f\" data-id=\"926ae8f\" data-element_type=\"column\" data-e-type=\"column\" data-settings=\"{&quot;background_background&quot;:&quot;classic&quot;}\">\n\t\t\t<div class=\"elementor-widget-wrap elementor-element-populated\">\n\t\t\t\t\t\t<div class=\"elementor-element elementor-element-ac5b6da elementor-widget elementor-widget-image\" data-id=\"ac5b6da\" data-element_type=\"widget\" data-e-type=\"widget\" data-widget_type=\"image.default\">\n\t\t\t\t<div class=\"elementor-widget-container\">\n\t\t\t\t\t\t\t\t\t\t\t\t\t\t\t\t<a href=\"https:\/\/www.lampert.info\/?page_id=3508\">\n\t\t\t\t\t\t\t<img decoding=\"async\" width=\"350\" height=\"330\" src=\"https:\/\/www.lampert.info\/wp-content\/uploads\/2022\/08\/teaser-videos-150.jpg\" class=\"attachment-large size-large wp-image-4961\" alt=\"\" srcset=\"https:\/\/www.lampert.info\/wp-content\/uploads\/2022\/08\/teaser-videos-150.jpg 350w, https:\/\/www.lampert.info\/wp-content\/uploads\/2022\/08\/teaser-videos-150-300x283.jpg 300w\" sizes=\"(max-width: 350px) 100vw, 350px\" \/>\t\t\t\t\t\t\t\t<\/a>\n\t\t\t\t\t\t\t\t\t\t\t\t\t\t\t<\/div>\n\t\t\t\t<\/div>\n\t\t\t\t<div class=\"elementor-element elementor-element-04d03e7 elementor-widget elementor-widget-heading\" data-id=\"04d03e7\" data-element_type=\"widget\" data-e-type=\"widget\" data-widget_type=\"heading.default\">\n\t\t\t\t<div class=\"elementor-widget-container\">\n\t\t\t\t\t<h2 class=\"elementor-heading-title elementor-size-default\">Ejemplos de aplicaci\u00f3n<\/h2>\t\t\t\t<\/div>\n\t\t\t\t<\/div>\n\t\t\t\t<div class=\"elementor-element elementor-element-5fcdbfe elementor-widget elementor-widget-text-editor\" data-id=\"5fcdbfe\" data-element_type=\"widget\" data-e-type=\"widget\" data-widget_type=\"text-editor.default\">\n\t\t\t\t<div class=\"elementor-widget-container\">\n\t\t\t\t\t\t\t\t\t<p>Nuestra videoteca muestra muchos ejemplos de aplicaci\u00f3n de nuestras soldadoras.<\/p>\t\t\t\t\t\t\t\t<\/div>\n\t\t\t\t<\/div>\n\t\t\t\t<div class=\"elementor-element elementor-element-6ea79a9 elementor-widget elementor-widget-eael-creative-button\" data-id=\"6ea79a9\" data-element_type=\"widget\" data-e-type=\"widget\" data-widget_type=\"eael-creative-button.default\">\n\t\t\t\t<div class=\"elementor-widget-container\">\n\t\t\t\t\t        <div class=\"eael-creative-button-wrapper\">\n\n            <a class=\"eael-creative-button eael-creative-button--aylen eael-cb-icon-position-left\" href=\"https:\/\/www.lampert.info\/?page_id=3508\" data-text=\"\">\n            \t    \n                <div class=\"creative-button-inner\">\n\n                                            <span class=\"eael-creative-button-icon-left\"><i aria-hidden=\"true\" class=\"fas fa-chevron-right\"><\/i><\/span>                    \n                    <span class=\"cretive-button-text\">Descubre los v\u00eddeos<\/span>\n\n                                    <\/div>\n\t                        <\/a>\n        <\/div>\n        \t\t\t\t<\/div>\n\t\t\t\t<\/div>\n\t\t\t\t\t<\/div>\n\t\t<\/div>\n\t\t\t\t<div class=\"elementor-column elementor-col-33 elementor-inner-column elementor-element elementor-element-3175ab6\" data-id=\"3175ab6\" data-element_type=\"column\" data-e-type=\"column\" data-settings=\"{&quot;background_background&quot;:&quot;classic&quot;}\">\n\t\t\t<div class=\"elementor-widget-wrap elementor-element-populated\">\n\t\t\t\t\t\t<div class=\"elementor-element elementor-element-ea91b40 elementor-widget elementor-widget-image\" data-id=\"ea91b40\" data-element_type=\"widget\" data-e-type=\"widget\" data-widget_type=\"image.default\">\n\t\t\t\t<div class=\"elementor-widget-container\">\n\t\t\t\t\t\t\t\t\t\t\t\t\t\t\t\t<a href=\"https:\/\/www.lampert.info\/?page_id=3511\">\n\t\t\t\t\t\t\t<img decoding=\"async\" width=\"350\" height=\"330\" src=\"https:\/\/www.lampert.info\/wp-content\/uploads\/2022\/08\/teaser-anwendungsbeispiele-151-1213.jpg\" class=\"attachment-large size-large wp-image-4963\" alt=\"\" srcset=\"https:\/\/www.lampert.info\/wp-content\/uploads\/2022\/08\/teaser-anwendungsbeispiele-151-1213.jpg 350w, https:\/\/www.lampert.info\/wp-content\/uploads\/2022\/08\/teaser-anwendungsbeispiele-151-1213-300x283.jpg 300w\" sizes=\"(max-width: 350px) 100vw, 350px\" \/>\t\t\t\t\t\t\t\t<\/a>\n\t\t\t\t\t\t\t\t\t\t\t\t\t\t\t<\/div>\n\t\t\t\t<\/div>\n\t\t\t\t<div class=\"elementor-element elementor-element-cd0a902 elementor-widget elementor-widget-heading\" data-id=\"cd0a902\" data-element_type=\"widget\" data-e-type=\"widget\" data-widget_type=\"heading.default\">\n\t\t\t\t<div class=\"elementor-widget-container\">\n\t\t\t\t\t<h2 class=\"elementor-heading-title elementor-size-default\">Piezas de trabajo - Impresiones<\/h2>\t\t\t\t<\/div>\n\t\t\t\t<\/div>\n\t\t\t\t<div class=\"elementor-element elementor-element-7c4f5eb elementor-widget elementor-widget-text-editor\" data-id=\"7c4f5eb\" data-element_type=\"widget\" data-e-type=\"widget\" data-widget_type=\"text-editor.default\">\n\t\t\t\t<div class=\"elementor-widget-container\">\n\t\t\t\t\t\t\t\t\tNuestra galer\u00eda de fotos con ejemplos sobre el terreno.\t\t\t\t\t\t\t\t<\/div>\n\t\t\t\t<\/div>\n\t\t\t\t<div class=\"elementor-element elementor-element-555b0a8 elementor-widget elementor-widget-eael-creative-button\" data-id=\"555b0a8\" data-element_type=\"widget\" data-e-type=\"widget\" data-widget_type=\"eael-creative-button.default\">\n\t\t\t\t<div class=\"elementor-widget-container\">\n\t\t\t\t\t        <div class=\"eael-creative-button-wrapper\">\n\n            <a class=\"eael-creative-button eael-creative-button--aylen eael-cb-icon-position-left\" href=\"https:\/\/www.lampert.info\/?page_id=3511\" data-text=\"\">\n            \t    \n                <div class=\"creative-button-inner\">\n\n                                            <span class=\"eael-creative-button-icon-left\"><i aria-hidden=\"true\" class=\"fas fa-chevron-right\"><\/i><\/span>                    \n                    <span class=\"cretive-button-text\">Impresiones<\/span>\n\n                                    <\/div>\n\t                        <\/a>\n        <\/div>\n        \t\t\t\t<\/div>\n\t\t\t\t<\/div>\n\t\t\t\t\t<\/div>\n\t\t<\/div>\n\t\t\t\t\t<\/div>\n\t\t<\/section>\n\t\t\t\t\t<\/div>\n\t\t<\/div>\n\t\t\t\t\t<\/div>\n\t\t<\/section>\n\t\t\t\t<\/div>\n\t\t","protected":false},"excerpt":{"rendered":"<p>Sala de exposiciones virtual de Lampert Conv\u00e9nzase de las posibilidades de aplicaci\u00f3n de nuestros equipos de soldadura y d\u00e9jese inspirar por las experiencias de nuestros clientes. Nuestros v\u00eddeos de demostraci\u00f3n [&hellip;]<\/p>\n","protected":false},"author":1,"featured_media":0,"parent":0,"menu_order":0,"comment_status":"closed","ping_status":"closed","template":"","meta":{"_acf_changed":false,"inline_featured_image":false,"footnotes":""},"class_list":["post-5440","page","type-page","status-publish","hentry"],"acf":[],"yoast_head":"<!-- This site is optimized with the Yoast SEO plugin v27.4 - https:\/\/yoast.com\/product\/yoast-seo-wordpress\/ -->\n<title>Sala de exposici\u00f3n virtual de equipos de soldadura<\/title>\n<meta name=\"description\" content=\"Sala de exposici\u00f3n virtual de equipos de soldadura &quot; Encuentra inspiraci\u00f3n para utilizar el PUK \u2713Testimonios de clientes \u2713V\u00eddeos \u2713Ejemplos de aplicaci\u00f3n\" \/>\n<meta name=\"robots\" content=\"index, follow, max-snippet:-1, max-image-preview:large, max-video-preview:-1\" \/>\n<link rel=\"canonical\" href=\"https:\/\/www.lampert.info\/es\/sala-de-exposiciones\/\" \/>\n<meta property=\"og:locale\" content=\"es_ES\" \/>\n<meta property=\"og:type\" content=\"article\" \/>\n<meta property=\"og:title\" content=\"Sala de exposici\u00f3n virtual de equipos de soldadura\" \/>\n<meta property=\"og:description\" content=\"Sala de exposici\u00f3n virtual de equipos de soldadura &quot; Encuentra inspiraci\u00f3n para utilizar el PUK \u2713Testimonios de clientes \u2713V\u00eddeos \u2713Ejemplos de aplicaci\u00f3n\" \/>\n<meta property=\"og:url\" content=\"https:\/\/www.lampert.info\/es\/sala-de-exposiciones\/\" \/>\n<meta property=\"og:site_name\" content=\"Lampert Precision Welding\" \/>\n<meta property=\"article:modified_time\" content=\"2026-01-15T23:24:26+00:00\" \/>\n<meta property=\"og:image\" content=\"https:\/\/www.lampert.info\/wp-content\/uploads\/2022\/08\/teaser-kundenmeinungen-149.jpg\" \/>\n\t<meta property=\"og:image:width\" content=\"350\" \/>\n\t<meta property=\"og:image:height\" content=\"330\" \/>\n\t<meta property=\"og:image:type\" content=\"image\/jpeg\" \/>\n<meta name=\"twitter:card\" content=\"summary_large_image\" \/>\n<meta name=\"twitter:label1\" content=\"Tiempo de lectura\" \/>\n\t<meta name=\"twitter:data1\" content=\"1 minuto\" \/>\n<script type=\"application\/ld+json\" class=\"yoast-schema-graph\">{\"@context\":\"https:\\\/\\\/schema.org\",\"@graph\":[{\"@type\":\"WebPage\",\"@id\":\"https:\\\/\\\/www.lampert.info\\\/es\\\/sala-de-exposiciones\\\/\",\"url\":\"https:\\\/\\\/www.lampert.info\\\/es\\\/sala-de-exposiciones\\\/\",\"name\":\"Sala de exposici\u00f3n virtual de equipos de soldadura\",\"isPartOf\":{\"@id\":\"https:\\\/\\\/www.lampert.info\\\/es\\\/#website\"},\"primaryImageOfPage\":{\"@id\":\"https:\\\/\\\/www.lampert.info\\\/es\\\/sala-de-exposiciones\\\/#primaryimage\"},\"image\":{\"@id\":\"https:\\\/\\\/www.lampert.info\\\/es\\\/sala-de-exposiciones\\\/#primaryimage\"},\"thumbnailUrl\":\"https:\\\/\\\/www.lampert.info\\\/wp-content\\\/uploads\\\/2022\\\/08\\\/teaser-kundenmeinungen-149.jpg\",\"datePublished\":\"2022-08-11T08:12:41+00:00\",\"dateModified\":\"2026-01-15T23:24:26+00:00\",\"description\":\"Sala de exposici\u00f3n virtual de equipos de soldadura \\\" Encuentra inspiraci\u00f3n para utilizar el PUK \u2713Testimonios de clientes \u2713V\u00eddeos \u2713Ejemplos de aplicaci\u00f3n\",\"breadcrumb\":{\"@id\":\"https:\\\/\\\/www.lampert.info\\\/es\\\/sala-de-exposiciones\\\/#breadcrumb\"},\"inLanguage\":\"es\",\"potentialAction\":[{\"@type\":\"ReadAction\",\"target\":[\"https:\\\/\\\/www.lampert.info\\\/es\\\/sala-de-exposiciones\\\/\"]}]},{\"@type\":\"ImageObject\",\"inLanguage\":\"es\",\"@id\":\"https:\\\/\\\/www.lampert.info\\\/es\\\/sala-de-exposiciones\\\/#primaryimage\",\"url\":\"https:\\\/\\\/www.lampert.info\\\/wp-content\\\/uploads\\\/2022\\\/08\\\/teaser-kundenmeinungen-149.jpg\",\"contentUrl\":\"https:\\\/\\\/www.lampert.info\\\/wp-content\\\/uploads\\\/2022\\\/08\\\/teaser-kundenmeinungen-149.jpg\"},{\"@type\":\"BreadcrumbList\",\"@id\":\"https:\\\/\\\/www.lampert.info\\\/es\\\/sala-de-exposiciones\\\/#breadcrumb\",\"itemListElement\":[{\"@type\":\"ListItem\",\"position\":1,\"name\":\"Startseite\",\"item\":\"https:\\\/\\\/www.lampert.info\\\/es\\\/pagina-web\\\/\"},{\"@type\":\"ListItem\",\"position\":2,\"name\":\"Sala_de_exposiciones\"}]},{\"@type\":\"WebSite\",\"@id\":\"https:\\\/\\\/www.lampert.info\\\/es\\\/#website\",\"url\":\"https:\\\/\\\/www.lampert.info\\\/es\\\/\",\"name\":\"Lampert Precision Welding\",\"description\":\"Innovative Feinschwei\u00dftechnik\",\"publisher\":{\"@id\":\"https:\\\/\\\/www.lampert.info\\\/es\\\/#organization\"},\"potentialAction\":[{\"@type\":\"SearchAction\",\"target\":{\"@type\":\"EntryPoint\",\"urlTemplate\":\"https:\\\/\\\/www.lampert.info\\\/es\\\/?s={search_term_string}\"},\"query-input\":{\"@type\":\"PropertyValueSpecification\",\"valueRequired\":true,\"valueName\":\"search_term_string\"}}],\"inLanguage\":\"es\"},{\"@type\":\"Organization\",\"@id\":\"https:\\\/\\\/www.lampert.info\\\/es\\\/#organization\",\"name\":\"Lampert Precision Welding\",\"url\":\"https:\\\/\\\/www.lampert.info\\\/es\\\/\",\"logo\":{\"@type\":\"ImageObject\",\"inLanguage\":\"es\",\"@id\":\"https:\\\/\\\/www.lampert.info\\\/es\\\/#\\\/schema\\\/logo\\\/image\\\/\",\"url\":\"https:\\\/\\\/www.lampert.info\\\/wp-content\\\/uploads\\\/2021\\\/12\\\/logo_lampert.png\",\"contentUrl\":\"https:\\\/\\\/www.lampert.info\\\/wp-content\\\/uploads\\\/2021\\\/12\\\/logo_lampert.png\",\"width\":642,\"height\":196,\"caption\":\"Lampert Precision Welding\"},\"image\":{\"@id\":\"https:\\\/\\\/www.lampert.info\\\/es\\\/#\\\/schema\\\/logo\\\/image\\\/\"}}]}<\/script>\n<!-- \/ Yoast SEO plugin. -->","yoast_head_json":{"title":"Sala de exposici\u00f3n virtual de equipos de soldadura","description":"Sala de exposici\u00f3n virtual de equipos de soldadura \" Encuentra inspiraci\u00f3n para utilizar el PUK \u2713Testimonios de clientes \u2713V\u00eddeos \u2713Ejemplos de aplicaci\u00f3n","robots":{"index":"index","follow":"follow","max-snippet":"max-snippet:-1","max-image-preview":"max-image-preview:large","max-video-preview":"max-video-preview:-1"},"canonical":"https:\/\/www.lampert.info\/es\/sala-de-exposiciones\/","og_locale":"es_ES","og_type":"article","og_title":"Sala de exposici\u00f3n virtual de equipos de soldadura","og_description":"Sala de exposici\u00f3n virtual de equipos de soldadura \" Encuentra inspiraci\u00f3n para utilizar el PUK \u2713Testimonios de clientes \u2713V\u00eddeos \u2713Ejemplos de aplicaci\u00f3n","og_url":"https:\/\/www.lampert.info\/es\/sala-de-exposiciones\/","og_site_name":"Lampert Precision Welding","article_modified_time":"2026-01-15T23:24:26+00:00","og_image":[{"width":350,"height":330,"url":"https:\/\/www.lampert.info\/wp-content\/uploads\/2022\/08\/teaser-kundenmeinungen-149.jpg","type":"image\/jpeg"}],"twitter_card":"summary_large_image","twitter_misc":{"Tiempo de lectura":"1 minuto"},"schema":{"@context":"https:\/\/schema.org","@graph":[{"@type":"WebPage","@id":"https:\/\/www.lampert.info\/es\/sala-de-exposiciones\/","url":"https:\/\/www.lampert.info\/es\/sala-de-exposiciones\/","name":"Sala de exposici\u00f3n virtual de equipos de soldadura","isPartOf":{"@id":"https:\/\/www.lampert.info\/es\/#website"},"primaryImageOfPage":{"@id":"https:\/\/www.lampert.info\/es\/sala-de-exposiciones\/#primaryimage"},"image":{"@id":"https:\/\/www.lampert.info\/es\/sala-de-exposiciones\/#primaryimage"},"thumbnailUrl":"https:\/\/www.lampert.info\/wp-content\/uploads\/2022\/08\/teaser-kundenmeinungen-149.jpg","datePublished":"2022-08-11T08:12:41+00:00","dateModified":"2026-01-15T23:24:26+00:00","description":"Sala de exposici\u00f3n virtual de equipos de soldadura \" Encuentra inspiraci\u00f3n para utilizar el PUK \u2713Testimonios de clientes \u2713V\u00eddeos \u2713Ejemplos de aplicaci\u00f3n","breadcrumb":{"@id":"https:\/\/www.lampert.info\/es\/sala-de-exposiciones\/#breadcrumb"},"inLanguage":"es","potentialAction":[{"@type":"ReadAction","target":["https:\/\/www.lampert.info\/es\/sala-de-exposiciones\/"]}]},{"@type":"ImageObject","inLanguage":"es","@id":"https:\/\/www.lampert.info\/es\/sala-de-exposiciones\/#primaryimage","url":"https:\/\/www.lampert.info\/wp-content\/uploads\/2022\/08\/teaser-kundenmeinungen-149.jpg","contentUrl":"https:\/\/www.lampert.info\/wp-content\/uploads\/2022\/08\/teaser-kundenmeinungen-149.jpg"},{"@type":"BreadcrumbList","@id":"https:\/\/www.lampert.info\/es\/sala-de-exposiciones\/#breadcrumb","itemListElement":[{"@type":"ListItem","position":1,"name":"Startseite","item":"https:\/\/www.lampert.info\/es\/pagina-web\/"},{"@type":"ListItem","position":2,"name":"Sala_de_exposiciones"}]},{"@type":"WebSite","@id":"https:\/\/www.lampert.info\/es\/#website","url":"https:\/\/www.lampert.info\/es\/","name":"Lampert Precision Welding","description":"Innovative Feinschwei\u00dftechnik","publisher":{"@id":"https:\/\/www.lampert.info\/es\/#organization"},"potentialAction":[{"@type":"SearchAction","target":{"@type":"EntryPoint","urlTemplate":"https:\/\/www.lampert.info\/es\/?s={search_term_string}"},"query-input":{"@type":"PropertyValueSpecification","valueRequired":true,"valueName":"search_term_string"}}],"inLanguage":"es"},{"@type":"Organization","@id":"https:\/\/www.lampert.info\/es\/#organization","name":"Lampert Precision Welding","url":"https:\/\/www.lampert.info\/es\/","logo":{"@type":"ImageObject","inLanguage":"es","@id":"https:\/\/www.lampert.info\/es\/#\/schema\/logo\/image\/","url":"https:\/\/www.lampert.info\/wp-content\/uploads\/2021\/12\/logo_lampert.png","contentUrl":"https:\/\/www.lampert.info\/wp-content\/uploads\/2021\/12\/logo_lampert.png","width":642,"height":196,"caption":"Lampert Precision Welding"},"image":{"@id":"https:\/\/www.lampert.info\/es\/#\/schema\/logo\/image\/"}}]}},"_links":{"self":[{"href":"https:\/\/www.lampert.info\/es\/wp-json\/wp\/v2\/pages\/5440","targetHints":{"allow":["GET"]}}],"collection":[{"href":"https:\/\/www.lampert.info\/es\/wp-json\/wp\/v2\/pages"}],"about":[{"href":"https:\/\/www.lampert.info\/es\/wp-json\/wp\/v2\/types\/page"}],"author":[{"embeddable":true,"href":"https:\/\/www.lampert.info\/es\/wp-json\/wp\/v2\/users\/1"}],"replies":[{"embeddable":true,"href":"https:\/\/www.lampert.info\/es\/wp-json\/wp\/v2\/comments?post=5440"}],"version-history":[{"count":12,"href":"https:\/\/www.lampert.info\/es\/wp-json\/wp\/v2\/pages\/5440\/revisions"}],"predecessor-version":[{"id":27754,"href":"https:\/\/www.lampert.info\/es\/wp-json\/wp\/v2\/pages\/5440\/revisions\/27754"}],"wp:attachment":[{"href":"https:\/\/www.lampert.info\/es\/wp-json\/wp\/v2\/media?parent=5440"}],"curies":[{"name":"wp","href":"https:\/\/api.w.org\/{rel}","templated":true}]}}