{"id":5411,"date":"2022-08-04T13:16:41","date_gmt":"2022-08-04T11:16:41","guid":{"rendered":"https:\/\/www.lampert.info\/productos\/industria\/"},"modified":"2025-05-06T13:43:28","modified_gmt":"2025-05-06T11:43:28","slug":"industria","status":"publish","type":"page","link":"https:\/\/www.lampert.info\/es\/productos\/industria\/","title":{"rendered":"Industria"},"content":{"rendered":"\t\t<div data-elementor-type=\"wp-page\" data-elementor-id=\"5411\" class=\"elementor elementor-5411 elementor-2336\" data-elementor-post-type=\"page\">\n\t\t\t\t\t\t<section data-particle_enable=\"false\" data-particle-mobile-disabled=\"false\" class=\"elementor-section elementor-top-section elementor-element elementor-element-457f95a elementor-section-boxed elementor-section-height-default elementor-section-height-default\" data-id=\"457f95a\" data-element_type=\"section\" data-e-type=\"section\" data-settings=\"{&quot;background_background&quot;:&quot;classic&quot;}\">\n\t\t\t\t\t\t<div class=\"elementor-container elementor-column-gap-default\">\n\t\t\t\t\t<div class=\"elementor-column elementor-col-100 elementor-top-column elementor-element elementor-element-646c2b8f\" data-id=\"646c2b8f\" data-element_type=\"column\" data-e-type=\"column\">\n\t\t\t<div class=\"elementor-widget-wrap elementor-element-populated\">\n\t\t\t\t\t\t<div class=\"elementor-element elementor-element-445898bb elementor-widget elementor-widget-heading\" data-id=\"445898bb\" data-element_type=\"widget\" data-e-type=\"widget\" data-widget_type=\"heading.default\">\n\t\t\t\t<div class=\"elementor-widget-container\">\n\t\t\t\t\t<h1 class=\"elementor-heading-title elementor-size-default\">Tecnolog\u00eda de soldadura para la industria<\/h1>\t\t\t\t<\/div>\n\t\t\t\t<\/div>\n\t\t\t\t<div class=\"elementor-element elementor-element-78fc166 elementor-widget-divider--view-line elementor-widget elementor-widget-divider\" data-id=\"78fc166\" data-element_type=\"widget\" data-e-type=\"widget\" data-widget_type=\"divider.default\">\n\t\t\t\t<div class=\"elementor-widget-container\">\n\t\t\t\t\t\t\t<div class=\"elementor-divider\">\n\t\t\t<span class=\"elementor-divider-separator\">\n\t\t\t\t\t\t<\/span>\n\t\t<\/div>\n\t\t\t\t\t\t<\/div>\n\t\t\t\t<\/div>\n\t\t\t\t<div class=\"elementor-element elementor-element-e141e3b elementor-widget elementor-widget-text-editor\" data-id=\"e141e3b\" data-element_type=\"widget\" data-e-type=\"widget\" data-widget_type=\"text-editor.default\">\n\t\t\t\t<div class=\"elementor-widget-container\">\n\t\t\t\t\t\t\t\t\t<p>La tecnolog\u00eda de soldadura Micro Arc Welder se ha desarrollado especialmente para su uso industrial y se caracteriza por un potencial de rendimiento especialmente alto y por su robustez incluso bajo tensi\u00f3n permanente. Desde el taller de reparaciones hasta los departamentos de desarrollo, pasando por la construcci\u00f3n de prototipos e incluso los laboratorios electr\u00f3nicos, los sistemas de soldadura industrial Lampert est\u00e1n en casa en todas partes.<\/p>\t\t\t\t\t\t\t\t<\/div>\n\t\t\t\t<\/div>\n\t\t\t\t<section data-particle_enable=\"false\" data-particle-mobile-disabled=\"false\" class=\"elementor-section elementor-inner-section elementor-element elementor-element-4164fd33 elementor-section-boxed elementor-section-height-default elementor-section-height-default\" data-id=\"4164fd33\" data-element_type=\"section\" data-e-type=\"section\" id=\"button_down\">\n\t\t\t\t\t\t<div class=\"elementor-container elementor-column-gap-default\">\n\t\t\t\t\t<div class=\"elementor-column elementor-col-33 elementor-inner-column elementor-element elementor-element-f5c5794\" data-id=\"f5c5794\" data-element_type=\"column\" data-e-type=\"column\" data-settings=\"{&quot;background_background&quot;:&quot;classic&quot;}\">\n\t\t\t<div class=\"elementor-widget-wrap elementor-element-populated\">\n\t\t\t\t\t\t<div class=\"elementor-element elementor-element-2c4f764d elementor-widget elementor-widget-image\" data-id=\"2c4f764d\" data-element_type=\"widget\" data-e-type=\"widget\" data-widget_type=\"image.default\">\n\t\t\t\t<div class=\"elementor-widget-container\">\n\t\t\t\t\t\t\t\t\t\t\t\t\t\t\t\t<a href=\"https:\/\/www.lampert.info\/produkte\/industrie\/microarcwelder\/\">\n\t\t\t\t\t\t\t<img fetchpriority=\"high\" decoding=\"async\" width=\"430\" height=\"300\" src=\"https:\/\/www.lampert.info\/wp-content\/uploads\/2023\/06\/Lampert_Microarcwelder_FS_small.png\" class=\"attachment-large size-large wp-image-11946\" alt=\"The Micro Arc Welder\n- the universal precision TIG welding machine\" srcset=\"https:\/\/www.lampert.info\/wp-content\/uploads\/2023\/06\/Lampert_Microarcwelder_FS_small.png 430w, https:\/\/www.lampert.info\/wp-content\/uploads\/2023\/06\/Lampert_Microarcwelder_FS_small-300x209.png 300w\" sizes=\"(max-width: 430px) 100vw, 430px\" \/>\t\t\t\t\t\t\t\t<\/a>\n\t\t\t\t\t\t\t\t\t\t\t\t\t\t\t<\/div>\n\t\t\t\t<\/div>\n\t\t\t\t<div class=\"elementor-element elementor-element-49047238 elementor-widget elementor-widget-heading\" data-id=\"49047238\" data-element_type=\"widget\" data-e-type=\"widget\" data-widget_type=\"heading.default\">\n\t\t\t\t<div class=\"elementor-widget-container\">\n\t\t\t\t\t<h2 class=\"elementor-heading-title elementor-size-default\">El Micro Arc Welder<\/h2>\t\t\t\t<\/div>\n\t\t\t\t<\/div>\n\t\t\t\t<div class=\"elementor-element elementor-element-76ce805b elementor-widget elementor-widget-text-editor\" data-id=\"76ce805b\" data-element_type=\"widget\" data-e-type=\"widget\" data-widget_type=\"text-editor.default\">\n\t\t\t\t<div class=\"elementor-widget-container\">\n\t\t\t\t\t\t\t\t\t<p>La innovadora tecnolog\u00eda de soldadura para la industria. Desarrollada desde cero, la nueva m\u00e1quina de soldadura fina por pulsos TIG puede hacer frente incluso a las demandas m\u00e1s exigentes de los talleres de desarrollo, dise\u00f1o y producci\u00f3n.<\/p>\t\t\t\t\t\t\t\t<\/div>\n\t\t\t\t<\/div>\n\t\t\t\t<div class=\"elementor-element elementor-element-a6f7002 elementor-widget elementor-widget-eael-creative-button\" data-id=\"a6f7002\" data-element_type=\"widget\" data-e-type=\"widget\" data-widget_type=\"eael-creative-button.default\">\n\t\t\t\t<div class=\"elementor-widget-container\">\n\t\t\t\t\t        <div class=\"eael-creative-button-wrapper\">\n\n            <a class=\"eael-creative-button eael-creative-button--aylen eael-cb-icon-position-left\" href=\"https:\/\/www.lampert.info\/produkte\/industrie\/microarcwelder\/\" data-text=\"\">\n            \t    \n                <div class=\"creative-button-inner\">\n\n                                            <span class=\"eael-creative-button-icon-left\"><i aria-hidden=\"true\" class=\"fas fa-chevron-right\"><\/i><\/span>                    \n                    <span class=\"cretive-button-text\">M\u00e1s informaci\u00f3n<\/span>\n\n                                    <\/div>\n\t                        <\/a>\n        <\/div>\n        \t\t\t\t<\/div>\n\t\t\t\t<\/div>\n\t\t\t\t\t<\/div>\n\t\t<\/div>\n\t\t\t\t<div class=\"elementor-column elementor-col-33 elementor-inner-column elementor-element elementor-element-12effee1\" data-id=\"12effee1\" data-element_type=\"column\" data-e-type=\"column\" data-settings=\"{&quot;background_background&quot;:&quot;classic&quot;}\">\n\t\t\t<div class=\"elementor-widget-wrap elementor-element-populated\">\n\t\t\t\t\t\t<div class=\"elementor-element elementor-element-f8d5391 elementor-widget elementor-widget-image\" data-id=\"f8d5391\" data-element_type=\"widget\" data-e-type=\"widget\" data-widget_type=\"image.default\">\n\t\t\t\t<div class=\"elementor-widget-container\">\n\t\t\t\t\t\t\t\t\t\t\t\t\t\t\t<img decoding=\"async\" width=\"430\" height=\"198\" src=\"https:\/\/www.lampert.info\/wp-content\/uploads\/2023\/05\/Lampert_Augenschutz_small.png\" class=\"attachment-large size-large wp-image-11427\" alt=\"\" srcset=\"https:\/\/www.lampert.info\/wp-content\/uploads\/2023\/05\/Lampert_Augenschutz_small.png 430w, https:\/\/www.lampert.info\/wp-content\/uploads\/2023\/05\/Lampert_Augenschutz_small-300x138.png 300w\" sizes=\"(max-width: 430px) 100vw, 430px\" \/>\t\t\t\t\t\t\t\t\t\t\t\t\t\t\t<\/div>\n\t\t\t\t<\/div>\n\t\t\t\t<div class=\"elementor-element elementor-element-67b540b elementor-widget elementor-widget-heading\" data-id=\"67b540b\" data-element_type=\"widget\" data-e-type=\"widget\" data-widget_type=\"heading.default\">\n\t\t\t\t<div class=\"elementor-widget-container\">\n\t\t\t\t\t<h2 class=\"elementor-heading-title elementor-size-default\">Sistemas de protecci\u00f3n ocular<\/h2>\t\t\t\t<\/div>\n\t\t\t\t<\/div>\n\t\t\t\t<div class=\"elementor-element elementor-element-fcfe9a7 elementor-widget elementor-widget-text-editor\" data-id=\"fcfe9a7\" data-element_type=\"widget\" data-e-type=\"widget\" data-widget_type=\"text-editor.default\">\n\t\t\t\t<div class=\"elementor-widget-container\">\n\t\t\t\t\t\t\t\t\t<p>Los sistemas de protecci\u00f3n ocular de Lampert son dispositivos \u00f3pticos de alta calidad, \u00f3ptimamente dimensionados para cada tarea de soldadura. Cada \u00f3ptica est\u00e1 equipada con un sistema de protecci\u00f3n ocular certificado.<\/p>\t\t\t\t\t\t\t\t<\/div>\n\t\t\t\t<\/div>\n\t\t\t\t<div class=\"elementor-element elementor-element-a654fc8 elementor-widget elementor-widget-eael-creative-button\" data-id=\"a654fc8\" data-element_type=\"widget\" data-e-type=\"widget\" data-widget_type=\"eael-creative-button.default\">\n\t\t\t\t<div class=\"elementor-widget-container\">\n\t\t\t\t\t        <div class=\"eael-creative-button-wrapper\">\n\n            <a class=\"eael-creative-button eael-creative-button--aylen eael-cb-icon-position-left\" href=\"https:\/\/www.lampert.info\/produkte\/industrie\/maw-augenschutz\/\" data-text=\"\">\n            \t    \n                <div class=\"creative-button-inner\">\n\n                                            <span class=\"eael-creative-button-icon-left\"><i aria-hidden=\"true\" class=\"fas fa-chevron-right\"><\/i><\/span>                    \n                    <span class=\"cretive-button-text\">M\u00e1s informaci\u00f3n<\/span>\n\n                                    <\/div>\n\t                        <\/a>\n        <\/div>\n        \t\t\t\t<\/div>\n\t\t\t\t<\/div>\n\t\t\t\t\t<\/div>\n\t\t<\/div>\n\t\t\t\t<div class=\"elementor-column elementor-col-33 elementor-inner-column elementor-element elementor-element-23997aeb\" data-id=\"23997aeb\" data-element_type=\"column\" data-e-type=\"column\" data-settings=\"{&quot;background_background&quot;:&quot;classic&quot;}\">\n\t\t\t<div class=\"elementor-widget-wrap elementor-element-populated\">\n\t\t\t\t\t\t<div class=\"elementor-element elementor-element-a5ccb4f elementor-widget elementor-widget-image\" data-id=\"a5ccb4f\" data-element_type=\"widget\" data-e-type=\"widget\" data-widget_type=\"image.default\">\n\t\t\t\t<div class=\"elementor-widget-container\">\n\t\t\t\t\t\t\t\t\t\t\t\t\t\t\t\t<a href=\"https:\/\/www.lampert.info\/produkte\/zubehoer\/\">\n\t\t\t\t\t\t\t<img decoding=\"async\" width=\"430\" height=\"198\" src=\"https:\/\/www.lampert.info\/wp-content\/uploads\/2023\/05\/Lampert_Zubehoer_small.png\" class=\"attachment-large size-large wp-image-11430\" alt=\"\" srcset=\"https:\/\/www.lampert.info\/wp-content\/uploads\/2023\/05\/Lampert_Zubehoer_small.png 430w, https:\/\/www.lampert.info\/wp-content\/uploads\/2023\/05\/Lampert_Zubehoer_small-300x138.png 300w\" sizes=\"(max-width: 430px) 100vw, 430px\" \/>\t\t\t\t\t\t\t\t<\/a>\n\t\t\t\t\t\t\t\t\t\t\t\t\t\t\t<\/div>\n\t\t\t\t<\/div>\n\t\t\t\t<div class=\"elementor-element elementor-element-aeb686c elementor-widget elementor-widget-heading\" data-id=\"aeb686c\" data-element_type=\"widget\" data-e-type=\"widget\" data-widget_type=\"heading.default\">\n\t\t\t\t<div class=\"elementor-widget-container\">\n\t\t\t\t\t<h2 class=\"elementor-heading-title elementor-size-default\">Accesorios<\/h2>\t\t\t\t<\/div>\n\t\t\t\t<\/div>\n\t\t\t\t<div class=\"elementor-element elementor-element-0fb268f elementor-widget elementor-widget-text-editor\" data-id=\"0fb268f\" data-element_type=\"widget\" data-e-type=\"widget\" data-widget_type=\"text-editor.default\">\n\t\t\t\t<div class=\"elementor-widget-container\">\n\t\t\t\t\t\t\t\t\t<p>El objetivo de Lampert Precision Welding de hacer que los procesos de trabajo sean lo m\u00e1s eficaces y agradables posible tambi\u00e9n se refleja en el \u00e1rea de accesorios. El resultado, adem\u00e1s de nuestros innovadores productos b\u00e1sicos, son ayudas muy \u00fatiles para su trabajo.<\/p>\t\t\t\t\t\t\t\t<\/div>\n\t\t\t\t<\/div>\n\t\t\t\t<div class=\"elementor-element elementor-element-0282687 elementor-widget elementor-widget-eael-creative-button\" data-id=\"0282687\" data-element_type=\"widget\" data-e-type=\"widget\" data-widget_type=\"eael-creative-button.default\">\n\t\t\t\t<div class=\"elementor-widget-container\">\n\t\t\t\t\t        <div class=\"eael-creative-button-wrapper\">\n\n            <a class=\"eael-creative-button eael-creative-button--aylen eael-cb-icon-position-left\" href=\"https:\/\/www.lampert.info\/produkte\/zubehoer\/\" data-text=\"\">\n            \t    \n                <div class=\"creative-button-inner\">\n\n                                            <span class=\"eael-creative-button-icon-left\"><i aria-hidden=\"true\" class=\"fas fa-chevron-right\"><\/i><\/span>                    \n                    <span class=\"cretive-button-text\">M\u00e1s informaci\u00f3n<\/span>\n\n                                    <\/div>\n\t                        <\/a>\n        <\/div>\n        \t\t\t\t<\/div>\n\t\t\t\t<\/div>\n\t\t\t\t\t<\/div>\n\t\t<\/div>\n\t\t\t\t\t<\/div>\n\t\t<\/section>\n\t\t\t\t\t<\/div>\n\t\t<\/div>\n\t\t\t\t\t<\/div>\n\t\t<\/section>\n\t\t\t\t<\/div>\n\t\t","protected":false},"excerpt":{"rendered":"<p>Tecnolog\u00eda de soldadura para la industria La tecnolog\u00eda de soldadura Micro Arc Welder se ha desarrollado especialmente para su uso industrial y se caracteriza por un potencial de rendimiento especialmente [&hellip;]<\/p>\n","protected":false},"author":1,"featured_media":0,"parent":5409,"menu_order":0,"comment_status":"closed","ping_status":"closed","template":"","meta":{"_acf_changed":false,"inline_featured_image":false,"footnotes":""},"class_list":["post-5411","page","type-page","status-publish","hentry"],"acf":[],"yoast_head":"<!-- This site is optimized with the Yoast SEO plugin v27.4 - https:\/\/yoast.com\/product\/yoast-seo-wordpress\/ -->\n<title>Soldadura de chapas finas sin deformaci\u00f3n<\/title>\n<meta name=\"description\" content=\"\u2713 Soldadura sin distorsi\u00f3n \u2713 Soldadura con aporte m\u00ednimo de calor \u2713 Soldadura con bajo cambio microestructural\" \/>\n<meta name=\"robots\" content=\"index, follow, max-snippet:-1, max-image-preview:large, max-video-preview:-1\" \/>\n<link rel=\"canonical\" href=\"https:\/\/www.lampert.info\/es\/productos\/industria\/\" \/>\n<meta property=\"og:locale\" content=\"es_ES\" \/>\n<meta property=\"og:type\" content=\"article\" \/>\n<meta property=\"og:title\" content=\"Soldadura de chapas finas sin deformaci\u00f3n\" \/>\n<meta property=\"og:description\" content=\"\u2713 Soldadura sin distorsi\u00f3n \u2713 Soldadura con aporte m\u00ednimo de calor \u2713 Soldadura con bajo cambio microestructural\" \/>\n<meta property=\"og:url\" content=\"https:\/\/www.lampert.info\/es\/productos\/industria\/\" \/>\n<meta property=\"og:site_name\" content=\"Lampert Precision Welding\" \/>\n<meta property=\"article:modified_time\" content=\"2025-05-06T11:43:28+00:00\" \/>\n<meta property=\"og:image\" content=\"https:\/\/www.lampert.info\/wp-content\/uploads\/2023\/06\/Lampert_Microarcwelder_FS_small.png\" \/>\n\t<meta property=\"og:image:width\" content=\"430\" \/>\n\t<meta property=\"og:image:height\" content=\"300\" \/>\n\t<meta property=\"og:image:type\" content=\"image\/png\" \/>\n<meta name=\"twitter:card\" content=\"summary_large_image\" \/>\n<meta name=\"twitter:label1\" content=\"Tiempo de lectura\" \/>\n\t<meta name=\"twitter:data1\" content=\"2 minutos\" \/>\n<script type=\"application\/ld+json\" class=\"yoast-schema-graph\">{\"@context\":\"https:\\\/\\\/schema.org\",\"@graph\":[{\"@type\":\"WebPage\",\"@id\":\"https:\\\/\\\/www.lampert.info\\\/es\\\/productos\\\/industria\\\/\",\"url\":\"https:\\\/\\\/www.lampert.info\\\/es\\\/productos\\\/industria\\\/\",\"name\":\"Soldadura de chapas finas sin deformaci\u00f3n\",\"isPartOf\":{\"@id\":\"https:\\\/\\\/www.lampert.info\\\/es\\\/#website\"},\"primaryImageOfPage\":{\"@id\":\"https:\\\/\\\/www.lampert.info\\\/es\\\/productos\\\/industria\\\/#primaryimage\"},\"image\":{\"@id\":\"https:\\\/\\\/www.lampert.info\\\/es\\\/productos\\\/industria\\\/#primaryimage\"},\"thumbnailUrl\":\"https:\\\/\\\/www.lampert.info\\\/wp-content\\\/uploads\\\/2023\\\/06\\\/Lampert_Microarcwelder_FS_small.png\",\"datePublished\":\"2022-08-04T11:16:41+00:00\",\"dateModified\":\"2025-05-06T11:43:28+00:00\",\"description\":\"\u2713 Soldadura sin distorsi\u00f3n \u2713 Soldadura con aporte m\u00ednimo de calor \u2713 Soldadura con bajo cambio microestructural\",\"breadcrumb\":{\"@id\":\"https:\\\/\\\/www.lampert.info\\\/es\\\/productos\\\/industria\\\/#breadcrumb\"},\"inLanguage\":\"es\",\"potentialAction\":[{\"@type\":\"ReadAction\",\"target\":[\"https:\\\/\\\/www.lampert.info\\\/es\\\/productos\\\/industria\\\/\"]}]},{\"@type\":\"ImageObject\",\"inLanguage\":\"es\",\"@id\":\"https:\\\/\\\/www.lampert.info\\\/es\\\/productos\\\/industria\\\/#primaryimage\",\"url\":\"https:\\\/\\\/www.lampert.info\\\/wp-content\\\/uploads\\\/2023\\\/06\\\/Lampert_Microarcwelder_FS_small.png\",\"contentUrl\":\"https:\\\/\\\/www.lampert.info\\\/wp-content\\\/uploads\\\/2023\\\/06\\\/Lampert_Microarcwelder_FS_small.png\"},{\"@type\":\"BreadcrumbList\",\"@id\":\"https:\\\/\\\/www.lampert.info\\\/es\\\/productos\\\/industria\\\/#breadcrumb\",\"itemListElement\":[{\"@type\":\"ListItem\",\"position\":1,\"name\":\"Startseite\",\"item\":\"https:\\\/\\\/www.lampert.info\\\/es\\\/pagina-web\\\/\"},{\"@type\":\"ListItem\",\"position\":2,\"name\":\"Productos\",\"item\":\"https:\\\/\\\/www.lampert.info\\\/es\\\/productos\\\/\"},{\"@type\":\"ListItem\",\"position\":3,\"name\":\"Industria\"}]},{\"@type\":\"WebSite\",\"@id\":\"https:\\\/\\\/www.lampert.info\\\/es\\\/#website\",\"url\":\"https:\\\/\\\/www.lampert.info\\\/es\\\/\",\"name\":\"Lampert Precision Welding\",\"description\":\"Innovative Feinschwei\u00dftechnik\",\"publisher\":{\"@id\":\"https:\\\/\\\/www.lampert.info\\\/es\\\/#organization\"},\"potentialAction\":[{\"@type\":\"SearchAction\",\"target\":{\"@type\":\"EntryPoint\",\"urlTemplate\":\"https:\\\/\\\/www.lampert.info\\\/es\\\/?s={search_term_string}\"},\"query-input\":{\"@type\":\"PropertyValueSpecification\",\"valueRequired\":true,\"valueName\":\"search_term_string\"}}],\"inLanguage\":\"es\"},{\"@type\":\"Organization\",\"@id\":\"https:\\\/\\\/www.lampert.info\\\/es\\\/#organization\",\"name\":\"Lampert Precision Welding\",\"url\":\"https:\\\/\\\/www.lampert.info\\\/es\\\/\",\"logo\":{\"@type\":\"ImageObject\",\"inLanguage\":\"es\",\"@id\":\"https:\\\/\\\/www.lampert.info\\\/es\\\/#\\\/schema\\\/logo\\\/image\\\/\",\"url\":\"https:\\\/\\\/www.lampert.info\\\/wp-content\\\/uploads\\\/2021\\\/12\\\/logo_lampert.png\",\"contentUrl\":\"https:\\\/\\\/www.lampert.info\\\/wp-content\\\/uploads\\\/2021\\\/12\\\/logo_lampert.png\",\"width\":642,\"height\":196,\"caption\":\"Lampert Precision Welding\"},\"image\":{\"@id\":\"https:\\\/\\\/www.lampert.info\\\/es\\\/#\\\/schema\\\/logo\\\/image\\\/\"}}]}<\/script>\n<!-- \/ Yoast SEO plugin. -->","yoast_head_json":{"title":"Soldadura de chapas finas sin deformaci\u00f3n","description":"\u2713 Soldadura sin distorsi\u00f3n \u2713 Soldadura con aporte m\u00ednimo de calor \u2713 Soldadura con bajo cambio microestructural","robots":{"index":"index","follow":"follow","max-snippet":"max-snippet:-1","max-image-preview":"max-image-preview:large","max-video-preview":"max-video-preview:-1"},"canonical":"https:\/\/www.lampert.info\/es\/productos\/industria\/","og_locale":"es_ES","og_type":"article","og_title":"Soldadura de chapas finas sin deformaci\u00f3n","og_description":"\u2713 Soldadura sin distorsi\u00f3n \u2713 Soldadura con aporte m\u00ednimo de calor \u2713 Soldadura con bajo cambio microestructural","og_url":"https:\/\/www.lampert.info\/es\/productos\/industria\/","og_site_name":"Lampert Precision Welding","article_modified_time":"2025-05-06T11:43:28+00:00","og_image":[{"width":430,"height":300,"url":"https:\/\/www.lampert.info\/wp-content\/uploads\/2023\/06\/Lampert_Microarcwelder_FS_small.png","type":"image\/png"}],"twitter_card":"summary_large_image","twitter_misc":{"Tiempo de lectura":"2 minutos"},"schema":{"@context":"https:\/\/schema.org","@graph":[{"@type":"WebPage","@id":"https:\/\/www.lampert.info\/es\/productos\/industria\/","url":"https:\/\/www.lampert.info\/es\/productos\/industria\/","name":"Soldadura de chapas finas sin deformaci\u00f3n","isPartOf":{"@id":"https:\/\/www.lampert.info\/es\/#website"},"primaryImageOfPage":{"@id":"https:\/\/www.lampert.info\/es\/productos\/industria\/#primaryimage"},"image":{"@id":"https:\/\/www.lampert.info\/es\/productos\/industria\/#primaryimage"},"thumbnailUrl":"https:\/\/www.lampert.info\/wp-content\/uploads\/2023\/06\/Lampert_Microarcwelder_FS_small.png","datePublished":"2022-08-04T11:16:41+00:00","dateModified":"2025-05-06T11:43:28+00:00","description":"\u2713 Soldadura sin distorsi\u00f3n \u2713 Soldadura con aporte m\u00ednimo de calor \u2713 Soldadura con bajo cambio microestructural","breadcrumb":{"@id":"https:\/\/www.lampert.info\/es\/productos\/industria\/#breadcrumb"},"inLanguage":"es","potentialAction":[{"@type":"ReadAction","target":["https:\/\/www.lampert.info\/es\/productos\/industria\/"]}]},{"@type":"ImageObject","inLanguage":"es","@id":"https:\/\/www.lampert.info\/es\/productos\/industria\/#primaryimage","url":"https:\/\/www.lampert.info\/wp-content\/uploads\/2023\/06\/Lampert_Microarcwelder_FS_small.png","contentUrl":"https:\/\/www.lampert.info\/wp-content\/uploads\/2023\/06\/Lampert_Microarcwelder_FS_small.png"},{"@type":"BreadcrumbList","@id":"https:\/\/www.lampert.info\/es\/productos\/industria\/#breadcrumb","itemListElement":[{"@type":"ListItem","position":1,"name":"Startseite","item":"https:\/\/www.lampert.info\/es\/pagina-web\/"},{"@type":"ListItem","position":2,"name":"Productos","item":"https:\/\/www.lampert.info\/es\/productos\/"},{"@type":"ListItem","position":3,"name":"Industria"}]},{"@type":"WebSite","@id":"https:\/\/www.lampert.info\/es\/#website","url":"https:\/\/www.lampert.info\/es\/","name":"Lampert Precision Welding","description":"Innovative Feinschwei\u00dftechnik","publisher":{"@id":"https:\/\/www.lampert.info\/es\/#organization"},"potentialAction":[{"@type":"SearchAction","target":{"@type":"EntryPoint","urlTemplate":"https:\/\/www.lampert.info\/es\/?s={search_term_string}"},"query-input":{"@type":"PropertyValueSpecification","valueRequired":true,"valueName":"search_term_string"}}],"inLanguage":"es"},{"@type":"Organization","@id":"https:\/\/www.lampert.info\/es\/#organization","name":"Lampert Precision Welding","url":"https:\/\/www.lampert.info\/es\/","logo":{"@type":"ImageObject","inLanguage":"es","@id":"https:\/\/www.lampert.info\/es\/#\/schema\/logo\/image\/","url":"https:\/\/www.lampert.info\/wp-content\/uploads\/2021\/12\/logo_lampert.png","contentUrl":"https:\/\/www.lampert.info\/wp-content\/uploads\/2021\/12\/logo_lampert.png","width":642,"height":196,"caption":"Lampert Precision Welding"},"image":{"@id":"https:\/\/www.lampert.info\/es\/#\/schema\/logo\/image\/"}}]}},"_links":{"self":[{"href":"https:\/\/www.lampert.info\/es\/wp-json\/wp\/v2\/pages\/5411","targetHints":{"allow":["GET"]}}],"collection":[{"href":"https:\/\/www.lampert.info\/es\/wp-json\/wp\/v2\/pages"}],"about":[{"href":"https:\/\/www.lampert.info\/es\/wp-json\/wp\/v2\/types\/page"}],"author":[{"embeddable":true,"href":"https:\/\/www.lampert.info\/es\/wp-json\/wp\/v2\/users\/1"}],"replies":[{"embeddable":true,"href":"https:\/\/www.lampert.info\/es\/wp-json\/wp\/v2\/comments?post=5411"}],"version-history":[{"count":19,"href":"https:\/\/www.lampert.info\/es\/wp-json\/wp\/v2\/pages\/5411\/revisions"}],"predecessor-version":[{"id":24937,"href":"https:\/\/www.lampert.info\/es\/wp-json\/wp\/v2\/pages\/5411\/revisions\/24937"}],"up":[{"embeddable":true,"href":"https:\/\/www.lampert.info\/es\/wp-json\/wp\/v2\/pages\/5409"}],"wp:attachment":[{"href":"https:\/\/www.lampert.info\/es\/wp-json\/wp\/v2\/media?parent=5411"}],"curies":[{"name":"wp","href":"https:\/\/api.w.org\/{rel}","templated":true}]}}