{"id":5400,"date":"2022-08-04T13:13:05","date_gmt":"2022-08-04T11:13:05","guid":{"rendered":"https:\/\/www.lampert.info\/dental\/"},"modified":"2025-05-06T14:45:03","modified_gmt":"2025-05-06T12:45:03","slug":"dental","status":"publish","type":"page","link":"https:\/\/www.lampert.info\/es\/productos\/dental\/","title":{"rendered":"Dental"},"content":{"rendered":"\t\t<div data-elementor-type=\"wp-page\" data-elementor-id=\"5400\" class=\"elementor elementor-5400 elementor-2326\" data-elementor-post-type=\"page\">\n\t\t\t\t\t\t<section data-particle_enable=\"false\" data-particle-mobile-disabled=\"false\" class=\"elementor-section elementor-top-section elementor-element elementor-element-457f95a elementor-section-boxed elementor-section-height-default elementor-section-height-default\" data-id=\"457f95a\" data-element_type=\"section\" data-e-type=\"section\" data-settings=\"{&quot;background_background&quot;:&quot;classic&quot;}\">\n\t\t\t\t\t\t<div class=\"elementor-container elementor-column-gap-default\">\n\t\t\t\t\t<div class=\"elementor-column elementor-col-100 elementor-top-column elementor-element elementor-element-646c2b8f\" data-id=\"646c2b8f\" data-element_type=\"column\" data-e-type=\"column\">\n\t\t\t<div class=\"elementor-widget-wrap elementor-element-populated\">\n\t\t\t\t\t\t<div class=\"elementor-element elementor-element-445898bb elementor-widget elementor-widget-heading\" data-id=\"445898bb\" data-element_type=\"widget\" data-e-type=\"widget\" data-widget_type=\"heading.default\">\n\t\t\t\t<div class=\"elementor-widget-container\">\n\t\t\t\t\t<h1 class=\"elementor-heading-title elementor-size-default\">T\u00e9cnica de soldadura para odontolog\u00eda<\/h1>\t\t\t\t<\/div>\n\t\t\t\t<\/div>\n\t\t\t\t<div class=\"elementor-element elementor-element-78fc166 elementor-widget-divider--view-line elementor-widget elementor-widget-divider\" data-id=\"78fc166\" data-element_type=\"widget\" data-e-type=\"widget\" data-widget_type=\"divider.default\">\n\t\t\t\t<div class=\"elementor-widget-container\">\n\t\t\t\t\t\t\t<div class=\"elementor-divider\">\n\t\t\t<span class=\"elementor-divider-separator\">\n\t\t\t\t\t\t<\/span>\n\t\t<\/div>\n\t\t\t\t\t\t<\/div>\n\t\t\t\t<\/div>\n\t\t\t\t<div class=\"elementor-element elementor-element-63aab0a elementor-widget elementor-widget-text-editor\" data-id=\"63aab0a\" data-element_type=\"widget\" data-e-type=\"widget\" data-widget_type=\"text-editor.default\">\n\t\t\t\t<div class=\"elementor-widget-container\">\n\t\t\t\t\t\t\t\t\t<p>La gama de equipos de soldadura dental Lampert permite a los prot\u00e9sicos dentales soldar <br>una amplia variedad de pr\u00f3tesis dentales y diversos aparatos de ortodoncia. <br>Combinado con un sistema de protecci\u00f3n ocular perfectamente coordinado, un equipo de soldadura Lampert es imprescindible en cualquier laboratorio dental.<\/p>\t\t\t\t\t\t\t\t<\/div>\n\t\t\t\t<\/div>\n\t\t\t\t<section data-particle_enable=\"false\" data-particle-mobile-disabled=\"false\" class=\"elementor-section elementor-inner-section elementor-element elementor-element-4164fd33 elementor-section-boxed elementor-section-height-default elementor-section-height-default\" data-id=\"4164fd33\" data-element_type=\"section\" data-e-type=\"section\" id=\"button_down\">\n\t\t\t\t\t\t<div class=\"elementor-container elementor-column-gap-default\">\n\t\t\t\t\t<div class=\"elementor-column elementor-col-33 elementor-inner-column elementor-element elementor-element-f5c5794\" data-id=\"f5c5794\" data-element_type=\"column\" data-e-type=\"column\" data-settings=\"{&quot;background_background&quot;:&quot;classic&quot;}\">\n\t\t\t<div class=\"elementor-widget-wrap elementor-element-populated\">\n\t\t\t\t\t\t<div class=\"elementor-element elementor-element-5c7c09c elementor-widget elementor-widget-image\" data-id=\"5c7c09c\" data-element_type=\"widget\" data-e-type=\"widget\" data-widget_type=\"image.default\">\n\t\t\t\t<div class=\"elementor-widget-container\">\n\t\t\t\t\t\t\t\t\t\t\t\t\t\t\t\t<a href=\"https:\/\/www.lampert.info\/produkte\/dental\/puk-d6\/\">\n\t\t\t\t\t\t\t<img fetchpriority=\"high\" decoding=\"async\" width=\"300\" height=\"300\" src=\"https:\/\/www.lampert.info\/wp-content\/uploads\/2025\/03\/lampert-puk-d6-feinschweissgeraet-dental-fine-welding-device-300x300.jpg\" class=\"attachment-medium size-medium wp-image-24272\" alt=\"PUK D6.1 Vista frontal\" srcset=\"https:\/\/www.lampert.info\/wp-content\/uploads\/2025\/03\/lampert-puk-d6-feinschweissgeraet-dental-fine-welding-device-300x300.jpg 300w, https:\/\/www.lampert.info\/wp-content\/uploads\/2025\/03\/lampert-puk-d6-feinschweissgeraet-dental-fine-welding-device-1024x1024.jpg 1024w, https:\/\/www.lampert.info\/wp-content\/uploads\/2025\/03\/lampert-puk-d6-feinschweissgeraet-dental-fine-welding-device-150x150.jpg 150w, https:\/\/www.lampert.info\/wp-content\/uploads\/2025\/03\/lampert-puk-d6-feinschweissgeraet-dental-fine-welding-device-768x768.jpg 768w, https:\/\/www.lampert.info\/wp-content\/uploads\/2025\/03\/lampert-puk-d6-feinschweissgeraet-dental-fine-welding-device.jpg 1500w\" sizes=\"(max-width: 300px) 100vw, 300px\" \/>\t\t\t\t\t\t\t\t<\/a>\n\t\t\t\t\t\t\t\t\t\t\t\t\t\t\t<\/div>\n\t\t\t\t<\/div>\n\t\t\t\t<div class=\"elementor-element elementor-element-49047238 elementor-widget elementor-widget-heading\" data-id=\"49047238\" data-element_type=\"widget\" data-e-type=\"widget\" data-widget_type=\"heading.default\">\n\t\t\t\t<div class=\"elementor-widget-container\">\n\t\t\t\t\t<h2 class=\"elementor-heading-title elementor-size-default\">El nuevo PUK D6.1<\/h2>\t\t\t\t<\/div>\n\t\t\t\t<\/div>\n\t\t\t\t<div class=\"elementor-element elementor-element-76ce805b elementor-widget elementor-widget-text-editor\" data-id=\"76ce805b\" data-element_type=\"widget\" data-e-type=\"widget\" data-widget_type=\"text-editor.default\">\n\t\t\t\t<div class=\"elementor-widget-container\">\n\t\t\t\t\t\t\t\t\t<p>El dispositivo de soldadura para prot\u00e9sicos dentales.<br>Este dispositivo, desarrollado desde cero, lleva la tecnolog\u00eda de soldadura de precisi\u00f3n para laboratorios dentales a un nuevo nivel.<\/p>\t\t\t\t\t\t\t\t<\/div>\n\t\t\t\t<\/div>\n\t\t\t\t<div class=\"elementor-element elementor-element-11d341f elementor-widget elementor-widget-eael-creative-button\" data-id=\"11d341f\" data-element_type=\"widget\" data-e-type=\"widget\" data-widget_type=\"eael-creative-button.default\">\n\t\t\t\t<div class=\"elementor-widget-container\">\n\t\t\t\t\t        <div class=\"eael-creative-button-wrapper\">\n\n            <a class=\"eael-creative-button eael-creative-button--aylen eael-cb-icon-position-left\" href=\"https:\/\/www.lampert.info\/produkte\/dental\/puk-d6\/\" data-text=\"\">\n            \t    \n                <div class=\"creative-button-inner\">\n\n                                            <span class=\"eael-creative-button-icon-left\"><i aria-hidden=\"true\" class=\"fas fa-chevron-right\"><\/i><\/span>                    \n                    <span class=\"cretive-button-text\">Conoce el PUK D6.1<\/span>\n\n                                    <\/div>\n\t                        <\/a>\n        <\/div>\n        \t\t\t\t<\/div>\n\t\t\t\t<\/div>\n\t\t\t\t\t<\/div>\n\t\t<\/div>\n\t\t\t\t<div class=\"elementor-column elementor-col-33 elementor-inner-column elementor-element elementor-element-12effee1\" data-id=\"12effee1\" data-element_type=\"column\" data-e-type=\"column\" data-settings=\"{&quot;background_background&quot;:&quot;classic&quot;}\">\n\t\t\t<div class=\"elementor-widget-wrap elementor-element-populated\">\n\t\t\t\t\t\t<div class=\"elementor-element elementor-element-30115f32 elementor-widget elementor-widget-image\" data-id=\"30115f32\" data-element_type=\"widget\" data-e-type=\"widget\" data-widget_type=\"image.default\">\n\t\t\t\t<div class=\"elementor-widget-container\">\n\t\t\t\t\t\t\t\t\t\t\t\t\t\t\t\t<a href=\"https:\/\/www.lampert.info\/produkte\/dental\/puk-d5-augenschutz\/\">\n\t\t\t\t\t\t\t<img decoding=\"async\" width=\"430\" height=\"198\" src=\"https:\/\/www.lampert.info\/wp-content\/uploads\/2023\/05\/Lampert_Augenschutz_small.png\" class=\"attachment-large size-large wp-image-11427\" alt=\"\" srcset=\"https:\/\/www.lampert.info\/wp-content\/uploads\/2023\/05\/Lampert_Augenschutz_small.png 430w, https:\/\/www.lampert.info\/wp-content\/uploads\/2023\/05\/Lampert_Augenschutz_small-300x138.png 300w\" sizes=\"(max-width: 430px) 100vw, 430px\" \/>\t\t\t\t\t\t\t\t<\/a>\n\t\t\t\t\t\t\t\t\t\t\t\t\t\t\t<\/div>\n\t\t\t\t<\/div>\n\t\t\t\t<div class=\"elementor-element elementor-element-3b5a4415 elementor-widget elementor-widget-heading\" data-id=\"3b5a4415\" data-element_type=\"widget\" data-e-type=\"widget\" data-widget_type=\"heading.default\">\n\t\t\t\t<div class=\"elementor-widget-container\">\n\t\t\t\t\t<h2 class=\"elementor-heading-title elementor-size-default\">PUK-<br>Microscopios de soldadura<\/h2>\t\t\t\t<\/div>\n\t\t\t\t<\/div>\n\t\t\t\t<div class=\"elementor-element elementor-element-578d7886 elementor-widget elementor-widget-text-editor\" data-id=\"578d7886\" data-element_type=\"widget\" data-e-type=\"widget\" data-widget_type=\"text-editor.default\">\n\t\t\t\t<div class=\"elementor-widget-container\">\n\t\t\t\t\t\t\t\t\t<p>Los microscopios de soldadura PUK son dispositivos \u00f3pticos de alta calidad, dimensionados de forma \u00f3ptima para la tarea de soldadura correspondiente. Cada microscopio de soldadura est\u00e1 equipado con un sistema de protecci\u00f3n ocular certificado.<\/p>\t\t\t\t\t\t\t\t<\/div>\n\t\t\t\t<\/div>\n\t\t\t\t<div class=\"elementor-element elementor-element-05f2989 elementor-widget elementor-widget-eael-creative-button\" data-id=\"05f2989\" data-element_type=\"widget\" data-e-type=\"widget\" data-widget_type=\"eael-creative-button.default\">\n\t\t\t\t<div class=\"elementor-widget-container\">\n\t\t\t\t\t        <div class=\"eael-creative-button-wrapper\">\n\n            <a class=\"eael-creative-button eael-creative-button--aylen eael-cb-icon-position-left\" href=\"https:\/\/www.lampert.info\/produkte\/schmuck\/puk-6-augenschutz\/\" target=\"_blank\" data-text=\"\">\n            \t    \n                <div class=\"creative-button-inner\">\n\n                                            <span class=\"eael-creative-button-icon-left\"><i aria-hidden=\"true\" class=\"fas fa-chevron-right\"><\/i><\/span>                    \n                    <span class=\"cretive-button-text\">Conozca los productos<\/span>\n\n                                    <\/div>\n\t                        <\/a>\n        <\/div>\n        \t\t\t\t<\/div>\n\t\t\t\t<\/div>\n\t\t\t\t\t<\/div>\n\t\t<\/div>\n\t\t\t\t<div class=\"elementor-column elementor-col-33 elementor-inner-column elementor-element elementor-element-23997aeb\" data-id=\"23997aeb\" data-element_type=\"column\" data-e-type=\"column\" data-settings=\"{&quot;background_background&quot;:&quot;classic&quot;}\">\n\t\t\t<div class=\"elementor-widget-wrap elementor-element-populated\">\n\t\t\t\t\t\t<div class=\"elementor-element elementor-element-61b4c630 elementor-widget elementor-widget-image\" data-id=\"61b4c630\" data-element_type=\"widget\" data-e-type=\"widget\" data-widget_type=\"image.default\">\n\t\t\t\t<div class=\"elementor-widget-container\">\n\t\t\t\t\t\t\t\t\t\t\t\t\t\t\t\t<a href=\"https:\/\/www.lampert.info\/produkte\/zubehoer\/\">\n\t\t\t\t\t\t\t<img decoding=\"async\" width=\"430\" height=\"198\" src=\"https:\/\/www.lampert.info\/wp-content\/uploads\/2023\/05\/Lampert_Zubehoer_small.png\" class=\"attachment-large size-large wp-image-11430\" alt=\"\" srcset=\"https:\/\/www.lampert.info\/wp-content\/uploads\/2023\/05\/Lampert_Zubehoer_small.png 430w, https:\/\/www.lampert.info\/wp-content\/uploads\/2023\/05\/Lampert_Zubehoer_small-300x138.png 300w\" sizes=\"(max-width: 430px) 100vw, 430px\" \/>\t\t\t\t\t\t\t\t<\/a>\n\t\t\t\t\t\t\t\t\t\t\t\t\t\t\t<\/div>\n\t\t\t\t<\/div>\n\t\t\t\t<div class=\"elementor-element elementor-element-508c6395 elementor-widget elementor-widget-heading\" data-id=\"508c6395\" data-element_type=\"widget\" data-e-type=\"widget\" data-widget_type=\"heading.default\">\n\t\t\t\t<div class=\"elementor-widget-container\">\n\t\t\t\t\t<h2 class=\"elementor-heading-title elementor-size-default\">Accesorios<\/h2>\t\t\t\t<\/div>\n\t\t\t\t<\/div>\n\t\t\t\t<div class=\"elementor-element elementor-element-46cf355 elementor-widget elementor-widget-text-editor\" data-id=\"46cf355\" data-element_type=\"widget\" data-e-type=\"widget\" data-widget_type=\"text-editor.default\">\n\t\t\t\t<div class=\"elementor-widget-container\">\n\t\t\t\t\t\t\t\t\t<p> <\/p><p> <\/p><p>Haga que los procesos de trabajo sean lo m\u00e1s eficaces y agradables posible con los accesorios adecuados.<\/p><p> <\/p><p> <\/p>\t\t\t\t\t\t\t\t<\/div>\n\t\t\t\t<\/div>\n\t\t\t\t<div class=\"elementor-element elementor-element-3f744c3 elementor-widget elementor-widget-eael-creative-button\" data-id=\"3f744c3\" data-element_type=\"widget\" data-e-type=\"widget\" data-widget_type=\"eael-creative-button.default\">\n\t\t\t\t<div class=\"elementor-widget-container\">\n\t\t\t\t\t        <div class=\"eael-creative-button-wrapper\">\n\n            <a class=\"eael-creative-button eael-creative-button--aylen eael-cb-icon-position-left\" href=\"https:\/\/www.lampert.info\/produkte\/zubehoer\/\" data-text=\"\">\n            \t    \n                <div class=\"creative-button-inner\">\n\n                                            <span class=\"eael-creative-button-icon-left\"><i aria-hidden=\"true\" class=\"fas fa-chevron-right\"><\/i><\/span>                    \n                    <span class=\"cretive-button-text\">Conozca los productos<\/span>\n\n                                    <\/div>\n\t                        <\/a>\n        <\/div>\n        \t\t\t\t<\/div>\n\t\t\t\t<\/div>\n\t\t\t\t\t<\/div>\n\t\t<\/div>\n\t\t\t\t\t<\/div>\n\t\t<\/section>\n\t\t\t\t\t<\/div>\n\t\t<\/div>\n\t\t\t\t\t<\/div>\n\t\t<\/section>\n\t\t\t\t<\/div>\n\t\t","protected":false},"excerpt":{"rendered":"<p>T\u00e9cnica de soldadura para odontolog\u00eda La gama de equipos de soldadura dental Lampert permite a los prot\u00e9sicos dentales soldar una amplia variedad de pr\u00f3tesis dentales y diversos aparatos de ortodoncia. [&hellip;]<\/p>\n","protected":false},"author":1,"featured_media":0,"parent":5409,"menu_order":0,"comment_status":"closed","ping_status":"closed","template":"","meta":{"_acf_changed":false,"inline_featured_image":false,"footnotes":""},"class_list":["post-5400","page","type-page","status-publish","hentry"],"acf":[],"yoast_head":"<!-- This site is optimized with the Yoast SEO plugin v27.4 - https:\/\/yoast.com\/product\/yoast-seo-wordpress\/ -->\n<title>Tecnolog\u00eda de soldadura para odontolog\u00eda | PUK D6<\/title>\n<meta name=\"description\" content=\"Tecnolog\u00eda de soldadura para odontolog\u00eda\u2713 Tecnolog\u00eda PUK de alta calidad\u2713 PUK D6\u2713 Microscopios de soldadura PUK\u2713 Accesorios\u2713\u2713\u2713 Tecnolog\u00eda PUK de alta calidad\" \/>\n<meta name=\"robots\" content=\"index, follow, max-snippet:-1, max-image-preview:large, max-video-preview:-1\" \/>\n<link rel=\"canonical\" href=\"https:\/\/www.lampert.info\/es\/productos\/dental\/\" \/>\n<meta property=\"og:locale\" content=\"es_ES\" \/>\n<meta property=\"og:type\" content=\"article\" \/>\n<meta property=\"og:title\" content=\"Tecnolog\u00eda de soldadura para odontolog\u00eda | PUK D6\" \/>\n<meta property=\"og:description\" content=\"Tecnolog\u00eda de soldadura para odontolog\u00eda\u2713 Tecnolog\u00eda PUK de alta calidad\u2713 PUK D6\u2713 Microscopios de soldadura PUK\u2713 Accesorios\u2713\u2713\u2713 Tecnolog\u00eda PUK de alta calidad\" \/>\n<meta property=\"og:url\" content=\"https:\/\/www.lampert.info\/es\/productos\/dental\/\" \/>\n<meta property=\"og:site_name\" content=\"Lampert Precision Welding\" \/>\n<meta property=\"article:modified_time\" content=\"2025-05-06T12:45:03+00:00\" \/>\n<meta property=\"og:image\" content=\"https:\/\/www.lampert.info\/wp-content\/uploads\/2025\/03\/lampert-puk-d6-feinschweissgeraet-dental-fine-welding-device.jpg\" \/>\n\t<meta property=\"og:image:width\" content=\"1500\" \/>\n\t<meta property=\"og:image:height\" content=\"1500\" \/>\n\t<meta property=\"og:image:type\" content=\"image\/jpeg\" \/>\n<meta name=\"twitter:card\" content=\"summary_large_image\" \/>\n<meta name=\"twitter:label1\" content=\"Tiempo de lectura\" \/>\n\t<meta name=\"twitter:data1\" content=\"1 minuto\" \/>\n<script type=\"application\/ld+json\" class=\"yoast-schema-graph\">{\"@context\":\"https:\\\/\\\/schema.org\",\"@graph\":[{\"@type\":\"WebPage\",\"@id\":\"https:\\\/\\\/www.lampert.info\\\/es\\\/productos\\\/dental\\\/\",\"url\":\"https:\\\/\\\/www.lampert.info\\\/es\\\/productos\\\/dental\\\/\",\"name\":\"Tecnolog\u00eda de soldadura para odontolog\u00eda | PUK D6\",\"isPartOf\":{\"@id\":\"https:\\\/\\\/www.lampert.info\\\/es\\\/#website\"},\"primaryImageOfPage\":{\"@id\":\"https:\\\/\\\/www.lampert.info\\\/es\\\/productos\\\/dental\\\/#primaryimage\"},\"image\":{\"@id\":\"https:\\\/\\\/www.lampert.info\\\/es\\\/productos\\\/dental\\\/#primaryimage\"},\"thumbnailUrl\":\"https:\\\/\\\/www.lampert.info\\\/wp-content\\\/uploads\\\/2025\\\/03\\\/lampert-puk-d6-feinschweissgeraet-dental-fine-welding-device-300x300.jpg\",\"datePublished\":\"2022-08-04T11:13:05+00:00\",\"dateModified\":\"2025-05-06T12:45:03+00:00\",\"description\":\"Tecnolog\u00eda de soldadura para odontolog\u00eda\u2713 Tecnolog\u00eda PUK de alta calidad\u2713 PUK D6\u2713 Microscopios de soldadura PUK\u2713 Accesorios\u2713\u2713\u2713 Tecnolog\u00eda PUK de alta calidad\",\"breadcrumb\":{\"@id\":\"https:\\\/\\\/www.lampert.info\\\/es\\\/productos\\\/dental\\\/#breadcrumb\"},\"inLanguage\":\"es\",\"potentialAction\":[{\"@type\":\"ReadAction\",\"target\":[\"https:\\\/\\\/www.lampert.info\\\/es\\\/productos\\\/dental\\\/\"]}]},{\"@type\":\"ImageObject\",\"inLanguage\":\"es\",\"@id\":\"https:\\\/\\\/www.lampert.info\\\/es\\\/productos\\\/dental\\\/#primaryimage\",\"url\":\"https:\\\/\\\/www.lampert.info\\\/wp-content\\\/uploads\\\/2025\\\/03\\\/lampert-puk-d6-feinschweissgeraet-dental-fine-welding-device-300x300.jpg\",\"contentUrl\":\"https:\\\/\\\/www.lampert.info\\\/wp-content\\\/uploads\\\/2025\\\/03\\\/lampert-puk-d6-feinschweissgeraet-dental-fine-welding-device-300x300.jpg\"},{\"@type\":\"BreadcrumbList\",\"@id\":\"https:\\\/\\\/www.lampert.info\\\/es\\\/productos\\\/dental\\\/#breadcrumb\",\"itemListElement\":[{\"@type\":\"ListItem\",\"position\":1,\"name\":\"Startseite\",\"item\":\"https:\\\/\\\/www.lampert.info\\\/es\\\/pagina-web\\\/\"},{\"@type\":\"ListItem\",\"position\":2,\"name\":\"Productos\",\"item\":\"https:\\\/\\\/www.lampert.info\\\/es\\\/productos\\\/\"},{\"@type\":\"ListItem\",\"position\":3,\"name\":\"Dental\"}]},{\"@type\":\"WebSite\",\"@id\":\"https:\\\/\\\/www.lampert.info\\\/es\\\/#website\",\"url\":\"https:\\\/\\\/www.lampert.info\\\/es\\\/\",\"name\":\"Lampert Precision Welding\",\"description\":\"Innovative Feinschwei\u00dftechnik\",\"publisher\":{\"@id\":\"https:\\\/\\\/www.lampert.info\\\/es\\\/#organization\"},\"potentialAction\":[{\"@type\":\"SearchAction\",\"target\":{\"@type\":\"EntryPoint\",\"urlTemplate\":\"https:\\\/\\\/www.lampert.info\\\/es\\\/?s={search_term_string}\"},\"query-input\":{\"@type\":\"PropertyValueSpecification\",\"valueRequired\":true,\"valueName\":\"search_term_string\"}}],\"inLanguage\":\"es\"},{\"@type\":\"Organization\",\"@id\":\"https:\\\/\\\/www.lampert.info\\\/es\\\/#organization\",\"name\":\"Lampert Precision Welding\",\"url\":\"https:\\\/\\\/www.lampert.info\\\/es\\\/\",\"logo\":{\"@type\":\"ImageObject\",\"inLanguage\":\"es\",\"@id\":\"https:\\\/\\\/www.lampert.info\\\/es\\\/#\\\/schema\\\/logo\\\/image\\\/\",\"url\":\"https:\\\/\\\/www.lampert.info\\\/wp-content\\\/uploads\\\/2021\\\/12\\\/logo_lampert.png\",\"contentUrl\":\"https:\\\/\\\/www.lampert.info\\\/wp-content\\\/uploads\\\/2021\\\/12\\\/logo_lampert.png\",\"width\":642,\"height\":196,\"caption\":\"Lampert Precision Welding\"},\"image\":{\"@id\":\"https:\\\/\\\/www.lampert.info\\\/es\\\/#\\\/schema\\\/logo\\\/image\\\/\"}}]}<\/script>\n<!-- \/ Yoast SEO plugin. -->","yoast_head_json":{"title":"Tecnolog\u00eda de soldadura para odontolog\u00eda | PUK D6","description":"Tecnolog\u00eda de soldadura para odontolog\u00eda\u2713 Tecnolog\u00eda PUK de alta calidad\u2713 PUK D6\u2713 Microscopios de soldadura PUK\u2713 Accesorios\u2713\u2713\u2713 Tecnolog\u00eda PUK de alta calidad","robots":{"index":"index","follow":"follow","max-snippet":"max-snippet:-1","max-image-preview":"max-image-preview:large","max-video-preview":"max-video-preview:-1"},"canonical":"https:\/\/www.lampert.info\/es\/productos\/dental\/","og_locale":"es_ES","og_type":"article","og_title":"Tecnolog\u00eda de soldadura para odontolog\u00eda | PUK D6","og_description":"Tecnolog\u00eda de soldadura para odontolog\u00eda\u2713 Tecnolog\u00eda PUK de alta calidad\u2713 PUK D6\u2713 Microscopios de soldadura PUK\u2713 Accesorios\u2713\u2713\u2713 Tecnolog\u00eda PUK de alta calidad","og_url":"https:\/\/www.lampert.info\/es\/productos\/dental\/","og_site_name":"Lampert Precision Welding","article_modified_time":"2025-05-06T12:45:03+00:00","og_image":[{"width":1500,"height":1500,"url":"https:\/\/www.lampert.info\/wp-content\/uploads\/2025\/03\/lampert-puk-d6-feinschweissgeraet-dental-fine-welding-device.jpg","type":"image\/jpeg"}],"twitter_card":"summary_large_image","twitter_misc":{"Tiempo de lectura":"1 minuto"},"schema":{"@context":"https:\/\/schema.org","@graph":[{"@type":"WebPage","@id":"https:\/\/www.lampert.info\/es\/productos\/dental\/","url":"https:\/\/www.lampert.info\/es\/productos\/dental\/","name":"Tecnolog\u00eda de soldadura para odontolog\u00eda | PUK D6","isPartOf":{"@id":"https:\/\/www.lampert.info\/es\/#website"},"primaryImageOfPage":{"@id":"https:\/\/www.lampert.info\/es\/productos\/dental\/#primaryimage"},"image":{"@id":"https:\/\/www.lampert.info\/es\/productos\/dental\/#primaryimage"},"thumbnailUrl":"https:\/\/www.lampert.info\/wp-content\/uploads\/2025\/03\/lampert-puk-d6-feinschweissgeraet-dental-fine-welding-device-300x300.jpg","datePublished":"2022-08-04T11:13:05+00:00","dateModified":"2025-05-06T12:45:03+00:00","description":"Tecnolog\u00eda de soldadura para odontolog\u00eda\u2713 Tecnolog\u00eda PUK de alta calidad\u2713 PUK D6\u2713 Microscopios de soldadura PUK\u2713 Accesorios\u2713\u2713\u2713 Tecnolog\u00eda PUK de alta calidad","breadcrumb":{"@id":"https:\/\/www.lampert.info\/es\/productos\/dental\/#breadcrumb"},"inLanguage":"es","potentialAction":[{"@type":"ReadAction","target":["https:\/\/www.lampert.info\/es\/productos\/dental\/"]}]},{"@type":"ImageObject","inLanguage":"es","@id":"https:\/\/www.lampert.info\/es\/productos\/dental\/#primaryimage","url":"https:\/\/www.lampert.info\/wp-content\/uploads\/2025\/03\/lampert-puk-d6-feinschweissgeraet-dental-fine-welding-device-300x300.jpg","contentUrl":"https:\/\/www.lampert.info\/wp-content\/uploads\/2025\/03\/lampert-puk-d6-feinschweissgeraet-dental-fine-welding-device-300x300.jpg"},{"@type":"BreadcrumbList","@id":"https:\/\/www.lampert.info\/es\/productos\/dental\/#breadcrumb","itemListElement":[{"@type":"ListItem","position":1,"name":"Startseite","item":"https:\/\/www.lampert.info\/es\/pagina-web\/"},{"@type":"ListItem","position":2,"name":"Productos","item":"https:\/\/www.lampert.info\/es\/productos\/"},{"@type":"ListItem","position":3,"name":"Dental"}]},{"@type":"WebSite","@id":"https:\/\/www.lampert.info\/es\/#website","url":"https:\/\/www.lampert.info\/es\/","name":"Lampert Precision Welding","description":"Innovative Feinschwei\u00dftechnik","publisher":{"@id":"https:\/\/www.lampert.info\/es\/#organization"},"potentialAction":[{"@type":"SearchAction","target":{"@type":"EntryPoint","urlTemplate":"https:\/\/www.lampert.info\/es\/?s={search_term_string}"},"query-input":{"@type":"PropertyValueSpecification","valueRequired":true,"valueName":"search_term_string"}}],"inLanguage":"es"},{"@type":"Organization","@id":"https:\/\/www.lampert.info\/es\/#organization","name":"Lampert Precision Welding","url":"https:\/\/www.lampert.info\/es\/","logo":{"@type":"ImageObject","inLanguage":"es","@id":"https:\/\/www.lampert.info\/es\/#\/schema\/logo\/image\/","url":"https:\/\/www.lampert.info\/wp-content\/uploads\/2021\/12\/logo_lampert.png","contentUrl":"https:\/\/www.lampert.info\/wp-content\/uploads\/2021\/12\/logo_lampert.png","width":642,"height":196,"caption":"Lampert Precision Welding"},"image":{"@id":"https:\/\/www.lampert.info\/es\/#\/schema\/logo\/image\/"}}]}},"_links":{"self":[{"href":"https:\/\/www.lampert.info\/es\/wp-json\/wp\/v2\/pages\/5400","targetHints":{"allow":["GET"]}}],"collection":[{"href":"https:\/\/www.lampert.info\/es\/wp-json\/wp\/v2\/pages"}],"about":[{"href":"https:\/\/www.lampert.info\/es\/wp-json\/wp\/v2\/types\/page"}],"author":[{"embeddable":true,"href":"https:\/\/www.lampert.info\/es\/wp-json\/wp\/v2\/users\/1"}],"replies":[{"embeddable":true,"href":"https:\/\/www.lampert.info\/es\/wp-json\/wp\/v2\/comments?post=5400"}],"version-history":[{"count":21,"href":"https:\/\/www.lampert.info\/es\/wp-json\/wp\/v2\/pages\/5400\/revisions"}],"predecessor-version":[{"id":24950,"href":"https:\/\/www.lampert.info\/es\/wp-json\/wp\/v2\/pages\/5400\/revisions\/24950"}],"up":[{"embeddable":true,"href":"https:\/\/www.lampert.info\/es\/wp-json\/wp\/v2\/pages\/5409"}],"wp:attachment":[{"href":"https:\/\/www.lampert.info\/es\/wp-json\/wp\/v2\/media?parent=5400"}],"curies":[{"name":"wp","href":"https:\/\/api.w.org\/{rel}","templated":true}]}}