{"id":5397,"date":"2022-08-04T13:04:50","date_gmt":"2022-08-04T11:04:50","guid":{"rendered":"https:\/\/www.lampert.info\/joyeria\/"},"modified":"2026-04-27T12:49:52","modified_gmt":"2026-04-27T10:49:52","slug":"joyeria","status":"publish","type":"page","link":"https:\/\/www.lampert.info\/es\/productos\/joyeria\/","title":{"rendered":"Joyer\u00eda"},"content":{"rendered":"\t\t<div data-elementor-type=\"wp-page\" data-elementor-id=\"5397\" class=\"elementor elementor-5397 elementor-2317\" data-elementor-post-type=\"page\">\n\t\t\t\t\t\t<section data-particle_enable=\"false\" data-particle-mobile-disabled=\"false\" class=\"elementor-section elementor-top-section elementor-element elementor-element-457f95a elementor-section-boxed elementor-section-height-default elementor-section-height-default\" data-id=\"457f95a\" data-element_type=\"section\" data-e-type=\"section\" data-settings=\"{&quot;background_background&quot;:&quot;classic&quot;}\">\n\t\t\t\t\t\t<div class=\"elementor-container elementor-column-gap-default\">\n\t\t\t\t\t<div class=\"elementor-column elementor-col-100 elementor-top-column elementor-element elementor-element-646c2b8f\" data-id=\"646c2b8f\" data-element_type=\"column\" data-e-type=\"column\">\n\t\t\t<div class=\"elementor-widget-wrap elementor-element-populated\">\n\t\t\t\t\t\t<div class=\"elementor-element elementor-element-445898bb elementor-widget elementor-widget-heading\" data-id=\"445898bb\" data-element_type=\"widget\" data-e-type=\"widget\" data-widget_type=\"heading.default\">\n\t\t\t\t<div class=\"elementor-widget-container\">\n\t\t\t\t\t<h1 class=\"elementor-heading-title elementor-size-default\">Tecnolog\u00eda de soldadura para orfebres y plateros<\/h1>\t\t\t\t<\/div>\n\t\t\t\t<\/div>\n\t\t\t\t<div class=\"elementor-element elementor-element-78fc166 elementor-widget-divider--view-line elementor-widget elementor-widget-divider\" data-id=\"78fc166\" data-element_type=\"widget\" data-e-type=\"widget\" data-widget_type=\"divider.default\">\n\t\t\t\t<div class=\"elementor-widget-container\">\n\t\t\t\t\t\t\t<div class=\"elementor-divider\">\n\t\t\t<span class=\"elementor-divider-separator\">\n\t\t\t\t\t\t<\/span>\n\t\t<\/div>\n\t\t\t\t\t\t<\/div>\n\t\t\t\t<\/div>\n\t\t\t\t<div class=\"elementor-element elementor-element-4de7fc6 elementor-widget elementor-widget-text-editor\" data-id=\"4de7fc6\" data-element_type=\"widget\" data-e-type=\"widget\" data-widget_type=\"text-editor.default\">\n\t\t\t\t<div class=\"elementor-widget-container\">\n\t\t\t\t\t\t\t\t\t<p>Nuestra tecnolog\u00eda de soldadura es valorada en todo el mundo por orfebres, plateros y relojeros en la producci\u00f3n de joyas. Nuestras m\u00e1quinas de soldadura permiten la realizaci\u00f3n de dise\u00f1os creativos de joyas, as\u00ed como reparaciones r\u00e1pidas y sencillas, y muestran sus puntos fuertes especialmente al soldar aleaciones delicadas de metales preciosos y al soldar cerca de piedras preciosas. En combinaci\u00f3n con nuestros sistemas de protecci\u00f3n ocular y nuestras amplias opciones de accesorios, la PUK es un elemento imprescindible en cualquier lugar de trabajo.<\/p>\t\t\t\t\t\t\t\t<\/div>\n\t\t\t\t<\/div>\n\t\t\t\t<section data-particle_enable=\"false\" data-particle-mobile-disabled=\"false\" class=\"elementor-section elementor-inner-section elementor-element elementor-element-4164fd33 elementor-section-boxed elementor-section-height-default elementor-section-height-default\" data-id=\"4164fd33\" data-element_type=\"section\" data-e-type=\"section\" id=\"button_down\">\n\t\t\t\t\t\t<div class=\"elementor-container elementor-column-gap-default\">\n\t\t\t\t\t<div class=\"elementor-column elementor-col-33 elementor-inner-column elementor-element elementor-element-f5c5794\" data-id=\"f5c5794\" data-element_type=\"column\" data-e-type=\"column\" data-settings=\"{&quot;background_background&quot;:&quot;classic&quot;}\">\n\t\t\t<div class=\"elementor-widget-wrap elementor-element-populated\">\n\t\t\t\t\t\t<div class=\"elementor-element elementor-element-76e2f5d elementor-widget elementor-widget-image\" data-id=\"76e2f5d\" data-element_type=\"widget\" data-e-type=\"widget\" data-widget_type=\"image.default\">\n\t\t\t\t<div class=\"elementor-widget-container\">\n\t\t\t\t\t\t\t\t\t\t\t\t\t\t\t\t<a href=\"https:\/\/www.lampert.info\/produkte\/schmuck\/puk-6-1\/\">\n\t\t\t\t\t\t\t<img decoding=\"async\" src=\"https:\/\/www.lampert.info\/wp-content\/uploads\/elementor\/thumbs\/Lampert_Werktechnik_PUK6-1_NEW_FS-r0drkjymepbl3p181uz6poca89nuhx3ptd1scw46gs.png\" title=\"PUK6.1_NUEVO_sin_fondo\" alt=\"PUK 6.1 NUEVO Vista frontal\" loading=\"lazy\" \/>\t\t\t\t\t\t\t\t<\/a>\n\t\t\t\t\t\t\t\t\t\t\t\t\t\t\t<\/div>\n\t\t\t\t<\/div>\n\t\t\t\t<div class=\"elementor-element elementor-element-49047238 elementor-widget elementor-widget-heading\" data-id=\"49047238\" data-element_type=\"widget\" data-e-type=\"widget\" data-widget_type=\"heading.default\">\n\t\t\t\t<div class=\"elementor-widget-container\">\n\t\t\t\t\t<h2 class=\"elementor-heading-title elementor-size-default\">La nueva PUK 6.1<\/h2>\t\t\t\t<\/div>\n\t\t\t\t<\/div>\n\t\t\t\t<div class=\"elementor-element elementor-element-76ce805b elementor-widget elementor-widget-text-editor\" data-id=\"76ce805b\" data-element_type=\"widget\" data-e-type=\"widget\" data-widget_type=\"text-editor.default\">\n\t\t\t\t<div class=\"elementor-widget-container\">\n\t\t\t\t\t\t\t\t\t<p>La novedad mundial de Lampert. El \u00e1mbito de aplicaci\u00f3n de la nueva PUK 6.1 cubre todas las necesidades de los talleres y de la producci\u00f3n de joyas. Soldadura en joyer\u00eda, soldadura en relojer\u00eda: la PUK 6.1 es el aparato adecuado para ello. <\/p>\t\t\t\t\t\t\t\t<\/div>\n\t\t\t\t<\/div>\n\t\t\t\t<div class=\"elementor-element elementor-element-411fb5a elementor-widget elementor-widget-eael-creative-button\" data-id=\"411fb5a\" data-element_type=\"widget\" data-e-type=\"widget\" data-widget_type=\"eael-creative-button.default\">\n\t\t\t\t<div class=\"elementor-widget-container\">\n\t\t\t\t\t        <div class=\"eael-creative-button-wrapper\">\n\n            <a class=\"eael-creative-button eael-creative-button--aylen eael-cb-icon-position-left\" href=\"https:\/\/www.lampert.info\/produkte\/schmuck\/puk-6-1\/\" data-text=\"\">\n            \t    \n                <div class=\"creative-button-inner\">\n\n                                            <span class=\"eael-creative-button-icon-left\"><i aria-hidden=\"true\" class=\"fas fa-chevron-right\"><\/i><\/span>                    \n                    <span class=\"cretive-button-text\">Conozca la PUK 6.1<\/span>\n\n                                    <\/div>\n\t                        <\/a>\n        <\/div>\n        \t\t\t\t<\/div>\n\t\t\t\t<\/div>\n\t\t\t\t\t<\/div>\n\t\t<\/div>\n\t\t\t\t<div class=\"elementor-column elementor-col-33 elementor-inner-column elementor-element elementor-element-12effee1\" data-id=\"12effee1\" data-element_type=\"column\" data-e-type=\"column\" data-settings=\"{&quot;background_background&quot;:&quot;classic&quot;}\">\n\t\t\t<div class=\"elementor-widget-wrap elementor-element-populated\">\n\t\t\t\t\t\t<div class=\"elementor-element elementor-element-30115f32 elementor-widget elementor-widget-image\" data-id=\"30115f32\" data-element_type=\"widget\" data-e-type=\"widget\" data-widget_type=\"image.default\">\n\t\t\t\t<div class=\"elementor-widget-container\">\n\t\t\t\t\t\t\t\t\t\t\t\t\t\t\t\t<a href=\"https:\/\/www.lampert.info\/produkte\/schmuck\/puk-6-augenschutz\/\">\n\t\t\t\t\t\t\t<img fetchpriority=\"high\" decoding=\"async\" width=\"430\" height=\"198\" src=\"https:\/\/www.lampert.info\/wp-content\/uploads\/2023\/05\/Lampert_Augenschutz_small.png\" class=\"attachment-large size-large wp-image-11427\" alt=\"\" srcset=\"https:\/\/www.lampert.info\/wp-content\/uploads\/2023\/05\/Lampert_Augenschutz_small.png 430w, https:\/\/www.lampert.info\/wp-content\/uploads\/2023\/05\/Lampert_Augenschutz_small-300x138.png 300w\" sizes=\"(max-width: 430px) 100vw, 430px\" \/>\t\t\t\t\t\t\t\t<\/a>\n\t\t\t\t\t\t\t\t\t\t\t\t\t\t\t<\/div>\n\t\t\t\t<\/div>\n\t\t\t\t<div class=\"elementor-element elementor-element-3b5a4415 elementor-widget elementor-widget-heading\" data-id=\"3b5a4415\" data-element_type=\"widget\" data-e-type=\"widget\" data-widget_type=\"heading.default\">\n\t\t\t\t<div class=\"elementor-widget-container\">\n\t\t\t\t\t<h2 class=\"elementor-heading-title elementor-size-default\">Sistemas de protecci\u00f3n ocular PUK<\/h2>\t\t\t\t<\/div>\n\t\t\t\t<\/div>\n\t\t\t\t<div class=\"elementor-element elementor-element-578d7886 elementor-widget elementor-widget-text-editor\" data-id=\"578d7886\" data-element_type=\"widget\" data-e-type=\"widget\" data-widget_type=\"text-editor.default\">\n\t\t\t\t<div class=\"elementor-widget-container\">\n\t\t\t\t\t\t\t\t\t<p>Los sistemas de protecci\u00f3n ocular PUK son dispositivos \u00f3pticos de alta calidad, con unas dimensiones \u00f3ptimas para cada tarea de soldadura. Cada \u00f3ptica est\u00e1 equipada con un sistema de protecci\u00f3n ocular certificado.<\/p>\t\t\t\t\t\t\t\t<\/div>\n\t\t\t\t<\/div>\n\t\t\t\t<div class=\"elementor-element elementor-element-f7d36f1 elementor-widget elementor-widget-eael-creative-button\" data-id=\"f7d36f1\" data-element_type=\"widget\" data-e-type=\"widget\" data-widget_type=\"eael-creative-button.default\">\n\t\t\t\t<div class=\"elementor-widget-container\">\n\t\t\t\t\t        <div class=\"eael-creative-button-wrapper\">\n\n            <a class=\"eael-creative-button eael-creative-button--aylen eael-cb-icon-position-left\" href=\"https:\/\/www.lampert.info\/produkte\/schmuck\/puk-6-augenschutz\/\" data-text=\"\">\n            \t    \n                <div class=\"creative-button-inner\">\n\n                                            <span class=\"eael-creative-button-icon-left\"><i aria-hidden=\"true\" class=\"fas fa-chevron-right\"><\/i><\/span>                    \n                    <span class=\"cretive-button-text\">Conozca los productos<\/span>\n\n                                    <\/div>\n\t                        <\/a>\n        <\/div>\n        \t\t\t\t<\/div>\n\t\t\t\t<\/div>\n\t\t\t\t\t<\/div>\n\t\t<\/div>\n\t\t\t\t<div class=\"elementor-column elementor-col-33 elementor-inner-column elementor-element elementor-element-23997aeb\" data-id=\"23997aeb\" data-element_type=\"column\" data-e-type=\"column\" data-settings=\"{&quot;background_background&quot;:&quot;classic&quot;}\">\n\t\t\t<div class=\"elementor-widget-wrap elementor-element-populated\">\n\t\t\t\t\t\t<div class=\"elementor-element elementor-element-61b4c630 elementor-widget elementor-widget-image\" data-id=\"61b4c630\" data-element_type=\"widget\" data-e-type=\"widget\" data-widget_type=\"image.default\">\n\t\t\t\t<div class=\"elementor-widget-container\">\n\t\t\t\t\t\t\t\t\t\t\t\t\t\t\t\t<a href=\"https:\/\/www.lampert.info\/produkte\/zubehoer\/\">\n\t\t\t\t\t\t\t<img decoding=\"async\" width=\"430\" height=\"198\" src=\"https:\/\/www.lampert.info\/wp-content\/uploads\/2023\/05\/Lampert_Zubehoer_small.png\" class=\"attachment-large size-large wp-image-11430\" alt=\"\" srcset=\"https:\/\/www.lampert.info\/wp-content\/uploads\/2023\/05\/Lampert_Zubehoer_small.png 430w, https:\/\/www.lampert.info\/wp-content\/uploads\/2023\/05\/Lampert_Zubehoer_small-300x138.png 300w\" sizes=\"(max-width: 430px) 100vw, 430px\" \/>\t\t\t\t\t\t\t\t<\/a>\n\t\t\t\t\t\t\t\t\t\t\t\t\t\t\t<\/div>\n\t\t\t\t<\/div>\n\t\t\t\t<div class=\"elementor-element elementor-element-508c6395 elementor-widget elementor-widget-heading\" data-id=\"508c6395\" data-element_type=\"widget\" data-e-type=\"widget\" data-widget_type=\"heading.default\">\n\t\t\t\t<div class=\"elementor-widget-container\">\n\t\t\t\t\t<h2 class=\"elementor-heading-title elementor-size-default\">Accesorios<\/h2>\t\t\t\t<\/div>\n\t\t\t\t<\/div>\n\t\t\t\t<div class=\"elementor-element elementor-element-46cf355 elementor-widget elementor-widget-text-editor\" data-id=\"46cf355\" data-element_type=\"widget\" data-e-type=\"widget\" data-widget_type=\"text-editor.default\">\n\t\t\t\t<div class=\"elementor-widget-container\">\n\t\t\t\t\t\t\t\t\tComplete su sistema de soldadura con los componentes accesorios \u00f3ptimos para sus necesidades de trabajo.  \t\t\t\t\t\t\t\t<\/div>\n\t\t\t\t<\/div>\n\t\t\t\t<div class=\"elementor-element elementor-element-6d454f7 elementor-widget elementor-widget-eael-creative-button\" data-id=\"6d454f7\" data-element_type=\"widget\" data-e-type=\"widget\" data-widget_type=\"eael-creative-button.default\">\n\t\t\t\t<div class=\"elementor-widget-container\">\n\t\t\t\t\t        <div class=\"eael-creative-button-wrapper\">\n\n            <a class=\"eael-creative-button eael-creative-button--aylen eael-cb-icon-position-left\" href=\"https:\/\/www.lampert.info\/produkte\/zubehoer\/\" data-text=\"\">\n            \t    \n                <div class=\"creative-button-inner\">\n\n                                            <span class=\"eael-creative-button-icon-left\"><i aria-hidden=\"true\" class=\"fas fa-chevron-right\"><\/i><\/span>                    \n                    <span class=\"cretive-button-text\">Conozca los productos<\/span>\n\n                                    <\/div>\n\t                        <\/a>\n        <\/div>\n        \t\t\t\t<\/div>\n\t\t\t\t<\/div>\n\t\t\t\t\t<\/div>\n\t\t<\/div>\n\t\t\t\t\t<\/div>\n\t\t<\/section>\n\t\t\t\t\t<\/div>\n\t\t<\/div>\n\t\t\t\t\t<\/div>\n\t\t<\/section>\n\t\t\t\t<\/div>\n\t\t","protected":false},"excerpt":{"rendered":"<p>Tecnolog\u00eda de soldadura para orfebres y plateros Nuestra tecnolog\u00eda de soldadura es valorada en todo el mundo por orfebres, plateros y relojeros en la producci\u00f3n de joyas. Nuestras m\u00e1quinas de [&hellip;]<\/p>\n","protected":false},"author":1,"featured_media":0,"parent":5409,"menu_order":0,"comment_status":"closed","ping_status":"closed","template":"","meta":{"_acf_changed":false,"inline_featured_image":false,"footnotes":""},"class_list":["post-5397","page","type-page","status-publish","hentry"],"acf":[],"yoast_head":"<!-- This site is optimized with the Yoast SEO plugin v27.4 - https:\/\/yoast.com\/product\/yoast-seo-wordpress\/ -->\n<title>Tecnolog\u00eda de soldadura para orfebres y plateros<\/title>\n<meta name=\"description\" content=\"Tecnolog\u00eda de soldadura para orfebres y plateros | Amplia gama \u2713de sistemas de protecci\u00f3n ocular \u2713Accesorios PUK 6\" \/>\n<meta name=\"robots\" content=\"index, follow, max-snippet:-1, max-image-preview:large, max-video-preview:-1\" \/>\n<link rel=\"canonical\" href=\"https:\/\/www.lampert.info\/es\/productos\/joyeria\/\" \/>\n<meta property=\"og:locale\" content=\"es_ES\" \/>\n<meta property=\"og:type\" content=\"article\" \/>\n<meta property=\"og:title\" content=\"Tecnolog\u00eda de soldadura para orfebres y plateros\" \/>\n<meta property=\"og:description\" content=\"Tecnolog\u00eda de soldadura para orfebres y plateros | Amplia gama \u2713de sistemas de protecci\u00f3n ocular \u2713Accesorios PUK 6\" \/>\n<meta property=\"og:url\" content=\"https:\/\/www.lampert.info\/es\/productos\/joyeria\/\" \/>\n<meta property=\"og:site_name\" content=\"Lampert Precision Welding\" \/>\n<meta property=\"article:modified_time\" content=\"2026-04-27T10:49:52+00:00\" \/>\n<meta property=\"og:image\" content=\"https:\/\/www.lampert.info\/wp-content\/uploads\/elementor\/thumbs\/Lampert_Werktechnik_PUK6-1_NEW_FS-r0drkjymepbl3p181uz6poca89nuhx3ptd1scw46h2.png\" \/>\n<meta name=\"twitter:card\" content=\"summary_large_image\" \/>\n<meta name=\"twitter:label1\" content=\"Tiempo de lectura\" \/>\n\t<meta name=\"twitter:data1\" content=\"1 minuto\" \/>\n<script type=\"application\/ld+json\" class=\"yoast-schema-graph\">{\"@context\":\"https:\\\/\\\/schema.org\",\"@graph\":[{\"@type\":\"WebPage\",\"@id\":\"https:\\\/\\\/www.lampert.info\\\/es\\\/productos\\\/joyeria\\\/\",\"url\":\"https:\\\/\\\/www.lampert.info\\\/es\\\/productos\\\/joyeria\\\/\",\"name\":\"Tecnolog\u00eda de soldadura para orfebres y plateros\",\"isPartOf\":{\"@id\":\"https:\\\/\\\/www.lampert.info\\\/es\\\/#website\"},\"primaryImageOfPage\":{\"@id\":\"https:\\\/\\\/www.lampert.info\\\/es\\\/productos\\\/joyeria\\\/#primaryimage\"},\"image\":{\"@id\":\"https:\\\/\\\/www.lampert.info\\\/es\\\/productos\\\/joyeria\\\/#primaryimage\"},\"thumbnailUrl\":\"https:\\\/\\\/www.lampert.info\\\/wp-content\\\/uploads\\\/elementor\\\/thumbs\\\/Lampert_Werktechnik_PUK6-1_NEW_FS-r0drkjymepbl3p181uz6poca89nuhx3ptd1scw46h2.png\",\"datePublished\":\"2022-08-04T11:04:50+00:00\",\"dateModified\":\"2026-04-27T10:49:52+00:00\",\"description\":\"Tecnolog\u00eda de soldadura para orfebres y plateros | Amplia gama \u2713de sistemas de protecci\u00f3n ocular \u2713Accesorios PUK 6\",\"breadcrumb\":{\"@id\":\"https:\\\/\\\/www.lampert.info\\\/es\\\/productos\\\/joyeria\\\/#breadcrumb\"},\"inLanguage\":\"es\",\"potentialAction\":[{\"@type\":\"ReadAction\",\"target\":[\"https:\\\/\\\/www.lampert.info\\\/es\\\/productos\\\/joyeria\\\/\"]}]},{\"@type\":\"ImageObject\",\"inLanguage\":\"es\",\"@id\":\"https:\\\/\\\/www.lampert.info\\\/es\\\/productos\\\/joyeria\\\/#primaryimage\",\"url\":\"https:\\\/\\\/www.lampert.info\\\/wp-content\\\/uploads\\\/elementor\\\/thumbs\\\/Lampert_Werktechnik_PUK6-1_NEW_FS-r0drkjymepbl3p181uz6poca89nuhx3ptd1scw46h2.png\",\"contentUrl\":\"https:\\\/\\\/www.lampert.info\\\/wp-content\\\/uploads\\\/elementor\\\/thumbs\\\/Lampert_Werktechnik_PUK6-1_NEW_FS-r0drkjymepbl3p181uz6poca89nuhx3ptd1scw46h2.png\"},{\"@type\":\"BreadcrumbList\",\"@id\":\"https:\\\/\\\/www.lampert.info\\\/es\\\/productos\\\/joyeria\\\/#breadcrumb\",\"itemListElement\":[{\"@type\":\"ListItem\",\"position\":1,\"name\":\"Startseite\",\"item\":\"https:\\\/\\\/www.lampert.info\\\/es\\\/pagina-web\\\/\"},{\"@type\":\"ListItem\",\"position\":2,\"name\":\"Productos\",\"item\":\"https:\\\/\\\/www.lampert.info\\\/es\\\/productos\\\/\"},{\"@type\":\"ListItem\",\"position\":3,\"name\":\"Joyer\u00eda\"}]},{\"@type\":\"WebSite\",\"@id\":\"https:\\\/\\\/www.lampert.info\\\/es\\\/#website\",\"url\":\"https:\\\/\\\/www.lampert.info\\\/es\\\/\",\"name\":\"Lampert Precision Welding\",\"description\":\"Innovative Feinschwei\u00dftechnik\",\"publisher\":{\"@id\":\"https:\\\/\\\/www.lampert.info\\\/es\\\/#organization\"},\"potentialAction\":[{\"@type\":\"SearchAction\",\"target\":{\"@type\":\"EntryPoint\",\"urlTemplate\":\"https:\\\/\\\/www.lampert.info\\\/es\\\/?s={search_term_string}\"},\"query-input\":{\"@type\":\"PropertyValueSpecification\",\"valueRequired\":true,\"valueName\":\"search_term_string\"}}],\"inLanguage\":\"es\"},{\"@type\":\"Organization\",\"@id\":\"https:\\\/\\\/www.lampert.info\\\/es\\\/#organization\",\"name\":\"Lampert Precision Welding\",\"url\":\"https:\\\/\\\/www.lampert.info\\\/es\\\/\",\"logo\":{\"@type\":\"ImageObject\",\"inLanguage\":\"es\",\"@id\":\"https:\\\/\\\/www.lampert.info\\\/es\\\/#\\\/schema\\\/logo\\\/image\\\/\",\"url\":\"https:\\\/\\\/www.lampert.info\\\/wp-content\\\/uploads\\\/2021\\\/12\\\/logo_lampert.png\",\"contentUrl\":\"https:\\\/\\\/www.lampert.info\\\/wp-content\\\/uploads\\\/2021\\\/12\\\/logo_lampert.png\",\"width\":642,\"height\":196,\"caption\":\"Lampert Precision Welding\"},\"image\":{\"@id\":\"https:\\\/\\\/www.lampert.info\\\/es\\\/#\\\/schema\\\/logo\\\/image\\\/\"}}]}<\/script>\n<!-- \/ Yoast SEO plugin. -->","yoast_head_json":{"title":"Tecnolog\u00eda de soldadura para orfebres y plateros","description":"Tecnolog\u00eda de soldadura para orfebres y plateros | Amplia gama \u2713de sistemas de protecci\u00f3n ocular \u2713Accesorios PUK 6","robots":{"index":"index","follow":"follow","max-snippet":"max-snippet:-1","max-image-preview":"max-image-preview:large","max-video-preview":"max-video-preview:-1"},"canonical":"https:\/\/www.lampert.info\/es\/productos\/joyeria\/","og_locale":"es_ES","og_type":"article","og_title":"Tecnolog\u00eda de soldadura para orfebres y plateros","og_description":"Tecnolog\u00eda de soldadura para orfebres y plateros | Amplia gama \u2713de sistemas de protecci\u00f3n ocular \u2713Accesorios PUK 6","og_url":"https:\/\/www.lampert.info\/es\/productos\/joyeria\/","og_site_name":"Lampert Precision Welding","article_modified_time":"2026-04-27T10:49:52+00:00","og_image":[{"url":"https:\/\/www.lampert.info\/wp-content\/uploads\/elementor\/thumbs\/Lampert_Werktechnik_PUK6-1_NEW_FS-r0drkjymepbl3p181uz6poca89nuhx3ptd1scw46h2.png","type":"","width":"","height":""}],"twitter_card":"summary_large_image","twitter_misc":{"Tiempo de lectura":"1 minuto"},"schema":{"@context":"https:\/\/schema.org","@graph":[{"@type":"WebPage","@id":"https:\/\/www.lampert.info\/es\/productos\/joyeria\/","url":"https:\/\/www.lampert.info\/es\/productos\/joyeria\/","name":"Tecnolog\u00eda de soldadura para orfebres y plateros","isPartOf":{"@id":"https:\/\/www.lampert.info\/es\/#website"},"primaryImageOfPage":{"@id":"https:\/\/www.lampert.info\/es\/productos\/joyeria\/#primaryimage"},"image":{"@id":"https:\/\/www.lampert.info\/es\/productos\/joyeria\/#primaryimage"},"thumbnailUrl":"https:\/\/www.lampert.info\/wp-content\/uploads\/elementor\/thumbs\/Lampert_Werktechnik_PUK6-1_NEW_FS-r0drkjymepbl3p181uz6poca89nuhx3ptd1scw46h2.png","datePublished":"2022-08-04T11:04:50+00:00","dateModified":"2026-04-27T10:49:52+00:00","description":"Tecnolog\u00eda de soldadura para orfebres y plateros | Amplia gama \u2713de sistemas de protecci\u00f3n ocular \u2713Accesorios PUK 6","breadcrumb":{"@id":"https:\/\/www.lampert.info\/es\/productos\/joyeria\/#breadcrumb"},"inLanguage":"es","potentialAction":[{"@type":"ReadAction","target":["https:\/\/www.lampert.info\/es\/productos\/joyeria\/"]}]},{"@type":"ImageObject","inLanguage":"es","@id":"https:\/\/www.lampert.info\/es\/productos\/joyeria\/#primaryimage","url":"https:\/\/www.lampert.info\/wp-content\/uploads\/elementor\/thumbs\/Lampert_Werktechnik_PUK6-1_NEW_FS-r0drkjymepbl3p181uz6poca89nuhx3ptd1scw46h2.png","contentUrl":"https:\/\/www.lampert.info\/wp-content\/uploads\/elementor\/thumbs\/Lampert_Werktechnik_PUK6-1_NEW_FS-r0drkjymepbl3p181uz6poca89nuhx3ptd1scw46h2.png"},{"@type":"BreadcrumbList","@id":"https:\/\/www.lampert.info\/es\/productos\/joyeria\/#breadcrumb","itemListElement":[{"@type":"ListItem","position":1,"name":"Startseite","item":"https:\/\/www.lampert.info\/es\/pagina-web\/"},{"@type":"ListItem","position":2,"name":"Productos","item":"https:\/\/www.lampert.info\/es\/productos\/"},{"@type":"ListItem","position":3,"name":"Joyer\u00eda"}]},{"@type":"WebSite","@id":"https:\/\/www.lampert.info\/es\/#website","url":"https:\/\/www.lampert.info\/es\/","name":"Lampert Precision Welding","description":"Innovative Feinschwei\u00dftechnik","publisher":{"@id":"https:\/\/www.lampert.info\/es\/#organization"},"potentialAction":[{"@type":"SearchAction","target":{"@type":"EntryPoint","urlTemplate":"https:\/\/www.lampert.info\/es\/?s={search_term_string}"},"query-input":{"@type":"PropertyValueSpecification","valueRequired":true,"valueName":"search_term_string"}}],"inLanguage":"es"},{"@type":"Organization","@id":"https:\/\/www.lampert.info\/es\/#organization","name":"Lampert Precision Welding","url":"https:\/\/www.lampert.info\/es\/","logo":{"@type":"ImageObject","inLanguage":"es","@id":"https:\/\/www.lampert.info\/es\/#\/schema\/logo\/image\/","url":"https:\/\/www.lampert.info\/wp-content\/uploads\/2021\/12\/logo_lampert.png","contentUrl":"https:\/\/www.lampert.info\/wp-content\/uploads\/2021\/12\/logo_lampert.png","width":642,"height":196,"caption":"Lampert Precision Welding"},"image":{"@id":"https:\/\/www.lampert.info\/es\/#\/schema\/logo\/image\/"}}]}},"_links":{"self":[{"href":"https:\/\/www.lampert.info\/es\/wp-json\/wp\/v2\/pages\/5397","targetHints":{"allow":["GET"]}}],"collection":[{"href":"https:\/\/www.lampert.info\/es\/wp-json\/wp\/v2\/pages"}],"about":[{"href":"https:\/\/www.lampert.info\/es\/wp-json\/wp\/v2\/types\/page"}],"author":[{"embeddable":true,"href":"https:\/\/www.lampert.info\/es\/wp-json\/wp\/v2\/users\/1"}],"replies":[{"embeddable":true,"href":"https:\/\/www.lampert.info\/es\/wp-json\/wp\/v2\/comments?post=5397"}],"version-history":[{"count":20,"href":"https:\/\/www.lampert.info\/es\/wp-json\/wp\/v2\/pages\/5397\/revisions"}],"predecessor-version":[{"id":28787,"href":"https:\/\/www.lampert.info\/es\/wp-json\/wp\/v2\/pages\/5397\/revisions\/28787"}],"up":[{"embeddable":true,"href":"https:\/\/www.lampert.info\/es\/wp-json\/wp\/v2\/pages\/5409"}],"wp:attachment":[{"href":"https:\/\/www.lampert.info\/es\/wp-json\/wp\/v2\/media?parent=5397"}],"curies":[{"name":"wp","href":"https:\/\/api.w.org\/{rel}","templated":true}]}}