{"id":25848,"date":"2025-07-29T18:06:40","date_gmt":"2025-07-29T16:06:40","guid":{"rendered":"https:\/\/www.lampert.info\/feder-ibw\/"},"modified":"2026-01-16T00:22:18","modified_gmt":"2026-01-15T23:22:18","slug":"feder-ibw","status":"publish","type":"page","link":"https:\/\/www.lampert.info\/es\/feder-ibw\/","title":{"rendered":"FEDER &#8211; IBW"},"content":{"rendered":"\t\t<div data-elementor-type=\"wp-page\" data-elementor-id=\"25848\" class=\"elementor elementor-25848 elementor-25838\" data-elementor-post-type=\"page\">\n\t\t\t\t\t\t<section data-particle_enable=\"false\" data-particle-mobile-disabled=\"false\" class=\"elementor-section elementor-top-section elementor-element elementor-element-a53c129 elementor-section-boxed elementor-section-height-default elementor-section-height-default\" data-id=\"a53c129\" data-element_type=\"section\" data-e-type=\"section\" data-settings=\"{&quot;background_background&quot;:&quot;classic&quot;}\">\n\t\t\t\t\t\t<div class=\"elementor-container elementor-column-gap-default\">\n\t\t\t\t\t<div class=\"elementor-column elementor-col-100 elementor-top-column elementor-element elementor-element-8998a46\" data-id=\"8998a46\" data-element_type=\"column\" data-e-type=\"column\">\n\t\t\t<div class=\"elementor-widget-wrap elementor-element-populated\">\n\t\t\t\t\t\t<div class=\"elementor-element elementor-element-bdc3a92 elementor-widget elementor-widget-heading\" data-id=\"bdc3a92\" data-element_type=\"widget\" data-e-type=\"widget\" data-widget_type=\"heading.default\">\n\t\t\t\t<div class=\"elementor-widget-container\">\n\t\t\t\t\t<h1 class=\"elementor-heading-title elementor-size-default\">Lampert forma parte del programa de financiaci\u00f3n \"Go International - FEDER<\/h1>\t\t\t\t<\/div>\n\t\t\t\t<\/div>\n\t\t\t\t<div class=\"elementor-element elementor-element-8917f1f elementor-widget elementor-widget-text-editor\" data-id=\"8917f1f\" data-element_type=\"widget\" data-e-type=\"widget\" data-widget_type=\"text-editor.default\">\n\t\t\t\t<div class=\"elementor-widget-container\">\n\t\t\t\t\t\t\t\t\t<p>Con el programa de internacionalizaci\u00f3n \u00abGo International\u00bb, el Ministerio de Econom\u00eda de Baviera y la UE fomentan el desarrollo de nuevos mercados exteriores para las peque\u00f1as y medianas empresas. El Fondo Europeo de Desarrollo Regional (FEDER) tambi\u00e9n apoya dos proyectos de internacionalizaci\u00f3n de Lampert Precision Welding. <\/p>\t\t\t\t\t\t\t\t<\/div>\n\t\t\t\t<\/div>\n\t\t\t\t\t<\/div>\n\t\t<\/div>\n\t\t\t\t\t<\/div>\n\t\t<\/section>\n\t\t\t\t<section data-particle_enable=\"false\" data-particle-mobile-disabled=\"false\" class=\"elementor-section elementor-top-section elementor-element elementor-element-c58cde4 elementor-section-boxed elementor-section-height-default elementor-section-height-default\" data-id=\"c58cde4\" data-element_type=\"section\" data-e-type=\"section\" data-settings=\"{&quot;background_background&quot;:&quot;classic&quot;}\">\n\t\t\t\t\t\t<div class=\"elementor-container elementor-column-gap-default\">\n\t\t\t\t\t<div class=\"elementor-column elementor-col-100 elementor-top-column elementor-element elementor-element-b00a350\" data-id=\"b00a350\" data-element_type=\"column\" data-e-type=\"column\">\n\t\t\t<div class=\"elementor-widget-wrap elementor-element-populated\">\n\t\t\t\t\t\t<div class=\"elementor-element elementor-element-ea67595 elementor-widget elementor-widget-heading\" data-id=\"ea67595\" data-element_type=\"widget\" data-e-type=\"widget\" data-widget_type=\"heading.default\">\n\t\t\t\t<div class=\"elementor-widget-container\">\n\t\t\t\t\t<h2 class=\"elementor-heading-title elementor-size-default\">I. Objetivo en l\u00ednea Suiza para aplicaciones industriales de microsoldadura TIG<\/h2>\t\t\t\t<\/div>\n\t\t\t\t<\/div>\n\t\t\t\t<div class=\"elementor-element elementor-element-0bcabf2 elementor-widget elementor-widget-text-editor\" data-id=\"0bcabf2\" data-element_type=\"widget\" data-e-type=\"widget\" data-widget_type=\"text-editor.default\">\n\t\t\t\t<div class=\"elementor-widget-container\">\n\t\t\t\t\t\t\t\t\t<p>En 2023, los propios empleados de Lampert presentaron y vendieron directamente en Alemania el Micro Arc Welder, un nuevo dispositivo de soldadura especial para microsoldadura TIG en aplicaciones industriales.<\/p><p>A medida que contin\u00faa desarrollando el mercado europeo de la Soldadora de Arco Miro, Lampert pretende centrarse m\u00e1s en las ventas en l\u00ednea con seminarios web en l\u00ednea y la posterior soldadura de prueba de muestras de soldadura para poder escalar las ventas de forma comercialmente sostenible. El objetivo del seminario web online es simplificar el contacto inicial con Lampert y la familiarizaci\u00f3n con la tecnolog\u00eda de soldadura micro TIG, permitiendo as\u00ed a los clientes potenciales evaluar y decidir sobre el uso de una soldadora Lampert con mayor rapidez. <\/p><p>Para el mercado objetivo suizo, el Micro Arc Welder se presentar\u00e1 a los clientes suizos a trav\u00e9s de seminarios web en Linkedin. El seminario web incluir\u00e1 ofertas especiales y tambi\u00e9n permitir\u00e1 a los interesados enviar muestras de soldadura a Lampert por adelantado y soldarlas o discutirlas en directo en el seminario web. <\/p><p>El proyecto se est\u00e1 realizando junto con un socio de marketing para Linkedin.<\/p>\t\t\t\t\t\t\t\t<\/div>\n\t\t\t\t<\/div>\n\t\t\t\t<section data-particle_enable=\"false\" data-particle-mobile-disabled=\"false\" class=\"elementor-section elementor-inner-section elementor-element elementor-element-d9766cb elementor-section-boxed elementor-section-height-default elementor-section-height-default\" data-id=\"d9766cb\" data-element_type=\"section\" data-e-type=\"section\">\n\t\t\t\t\t\t<div class=\"elementor-container elementor-column-gap-default\">\n\t\t\t\t\t<div class=\"elementor-column elementor-col-50 elementor-inner-column elementor-element elementor-element-c9ad5fa\" data-id=\"c9ad5fa\" data-element_type=\"column\" data-e-type=\"column\">\n\t\t\t<div class=\"elementor-widget-wrap elementor-element-populated\">\n\t\t\t\t\t\t<div class=\"elementor-element elementor-element-6283a90 elementor-widget elementor-widget-image\" data-id=\"6283a90\" data-element_type=\"widget\" data-e-type=\"widget\" data-widget_type=\"image.default\">\n\t\t\t\t<div class=\"elementor-widget-container\">\n\t\t\t\t\t\t\t\t\t\t\t\t\t\t\t<img decoding=\"async\" width=\"300\" height=\"66\" src=\"https:\/\/www.lampert.info\/wp-content\/uploads\/2025\/07\/EU_FH_21-27_rechts_zentriert_CMYK-300x66.jpg\" class=\"attachment-medium size-medium wp-image-25842\" alt=\"Anuncio de financiaci\u00f3n de la UE\" srcset=\"https:\/\/www.lampert.info\/wp-content\/uploads\/2025\/07\/EU_FH_21-27_rechts_zentriert_CMYK-300x66.jpg 300w, https:\/\/www.lampert.info\/wp-content\/uploads\/2025\/07\/EU_FH_21-27_rechts_zentriert_CMYK-1024x226.jpg 1024w, https:\/\/www.lampert.info\/wp-content\/uploads\/2025\/07\/EU_FH_21-27_rechts_zentriert_CMYK-768x169.jpg 768w, https:\/\/www.lampert.info\/wp-content\/uploads\/2025\/07\/EU_FH_21-27_rechts_zentriert_CMYK.jpg 1356w\" sizes=\"(max-width: 300px) 100vw, 300px\" \/>\t\t\t\t\t\t\t\t\t\t\t\t\t\t\t<\/div>\n\t\t\t\t<\/div>\n\t\t\t\t\t<\/div>\n\t\t<\/div>\n\t\t\t\t<div class=\"elementor-column elementor-col-50 elementor-inner-column elementor-element elementor-element-984487a\" data-id=\"984487a\" data-element_type=\"column\" data-e-type=\"column\">\n\t\t\t<div class=\"elementor-widget-wrap\">\n\t\t\t\t\t\t\t<\/div>\n\t\t<\/div>\n\t\t\t\t\t<\/div>\n\t\t<\/section>\n\t\t\t\t<div class=\"elementor-element elementor-element-ee27ec3 elementor-widget elementor-widget-heading\" data-id=\"ee27ec3\" data-element_type=\"widget\" data-e-type=\"widget\" data-widget_type=\"heading.default\">\n\t\t\t\t<div class=\"elementor-widget-container\">\n\t\t\t\t\t<h2 class=\"elementor-heading-title elementor-size-default\">II Acercamiento al cliente objetivo y demostraci\u00f3n de microsoldadura TIG en EE.UU.<\/h2>\t\t\t\t<\/div>\n\t\t\t\t<\/div>\n\t\t\t\t<div class=\"elementor-element elementor-element-0bfb42b elementor-widget elementor-widget-text-editor\" data-id=\"0bfb42b\" data-element_type=\"widget\" data-e-type=\"widget\" data-widget_type=\"text-editor.default\">\n\t\t\t\t<div class=\"elementor-widget-container\">\n\t\t\t\t\t\t\t\t\t<p>Adem\u00e1s de la expansi\u00f3n en Europa, Lampert tiene previsto aprovechar el gran potencial del mercado estadounidense junto con un socio de ventas local en EE.UU., una empresa con conocimientos expertos tanto en el desarrollo empresarial como en la venta de equipos de soldadura en general. Para Lampert Precision Welding, esta cooperaci\u00f3n es una oportunidad atractiva para reconstruir y reestructurar las ventas en EE.UU. y tambi\u00e9n para utilizar los conocimientos adquiridos para desarrollar una estrategia de expansi\u00f3n espec\u00edfica y desarrollar EE.UU. de forma sostenible, tanto a trav\u00e9s del contacto multicanal con los clientes como mediante la organizaci\u00f3n conjunta de eventos de demostraci\u00f3n y participaciones en ferias comerciales. <\/p><p>Lampert considera que el potencial del mercado estadounidense para la tecnolog\u00eda de microsoldadura TIG es muy elevado, ya que el pa\u00eds alberga un gran n\u00famero de empresas de alta tecnolog\u00eda\/tecnolog\u00eda espacial con trabajos de prototipo y desarrollo, as\u00ed como un n\u00famero igualmente elevado de instituciones de investigaci\u00f3n, y la metalurgia (especialmente la fabricaci\u00f3n de herramientas y la ingenier\u00eda mec\u00e1nica) tambi\u00e9n es un factor econ\u00f3mico importante. Todas estas \u00e1reas representan \u00e1mbitos de aplicaci\u00f3n probados y comprobados para la Micro Arc Welder de Lampert. <\/p><p>Nuestro socio utilizar\u00e1 su red de contactos y su experiencia local en EE.UU. para desarrollar una estrategia de entrada en el mercado y un plan de marketing. Lampert aportar\u00e1 su experiencia en el mercado alem\u00e1n en cuanto a posibles aplicaciones t\u00e9cnicas, clientes objetivo y acercamiento al cliente para conseguir clientes para la Micro Arc Welder en EE.UU. <\/p>\t\t\t\t\t\t\t\t<\/div>\n\t\t\t\t<\/div>\n\t\t\t\t\t<\/div>\n\t\t<\/div>\n\t\t\t\t\t<\/div>\n\t\t<\/section>\n\t\t\t\t<section data-particle_enable=\"false\" data-particle-mobile-disabled=\"false\" class=\"elementor-section elementor-inner-section elementor-element elementor-element-ef407c9 elementor-section-boxed elementor-section-height-default elementor-section-height-default\" data-id=\"ef407c9\" data-element_type=\"section\" data-e-type=\"section\">\n\t\t\t\t\t\t<div class=\"elementor-container elementor-column-gap-default\">\n\t\t\t\t\t<div class=\"elementor-column elementor-col-50 elementor-inner-column elementor-element elementor-element-9eadf57\" data-id=\"9eadf57\" data-element_type=\"column\" data-e-type=\"column\">\n\t\t\t<div class=\"elementor-widget-wrap elementor-element-populated\">\n\t\t\t\t\t\t<div class=\"elementor-element elementor-element-1bd13ed elementor-widget elementor-widget-image\" data-id=\"1bd13ed\" data-element_type=\"widget\" data-e-type=\"widget\" data-widget_type=\"image.default\">\n\t\t\t\t<div class=\"elementor-widget-container\">\n\t\t\t\t\t\t\t\t\t\t\t\t\t\t\t<img decoding=\"async\" width=\"300\" height=\"66\" src=\"https:\/\/www.lampert.info\/wp-content\/uploads\/2025\/07\/EU_FH_21-27_rechts_zentriert_CMYK-300x66.jpg\" class=\"attachment-medium size-medium wp-image-25842\" alt=\"Anuncio de financiaci\u00f3n de la UE\" srcset=\"https:\/\/www.lampert.info\/wp-content\/uploads\/2025\/07\/EU_FH_21-27_rechts_zentriert_CMYK-300x66.jpg 300w, https:\/\/www.lampert.info\/wp-content\/uploads\/2025\/07\/EU_FH_21-27_rechts_zentriert_CMYK-1024x226.jpg 1024w, https:\/\/www.lampert.info\/wp-content\/uploads\/2025\/07\/EU_FH_21-27_rechts_zentriert_CMYK-768x169.jpg 768w, https:\/\/www.lampert.info\/wp-content\/uploads\/2025\/07\/EU_FH_21-27_rechts_zentriert_CMYK.jpg 1356w\" sizes=\"(max-width: 300px) 100vw, 300px\" \/>\t\t\t\t\t\t\t\t\t\t\t\t\t\t\t<\/div>\n\t\t\t\t<\/div>\n\t\t\t\t\t<\/div>\n\t\t<\/div>\n\t\t\t\t<div class=\"elementor-column elementor-col-50 elementor-inner-column elementor-element elementor-element-65224bc\" data-id=\"65224bc\" data-element_type=\"column\" data-e-type=\"column\">\n\t\t\t<div class=\"elementor-widget-wrap\">\n\t\t\t\t\t\t\t<\/div>\n\t\t<\/div>\n\t\t\t\t\t<\/div>\n\t\t<\/section>\n\t\t\t\t<\/div>\n\t\t","protected":false},"excerpt":{"rendered":"<p>Lampert forma parte del programa de financiaci\u00f3n \u00abGo International &#8211; FEDER Con el programa de internacionalizaci\u00f3n \u00abGo International\u00bb, el Ministerio de Econom\u00eda de Baviera y la UE fomentan el desarrollo [&hellip;]<\/p>\n","protected":false},"author":3,"featured_media":0,"parent":0,"menu_order":0,"comment_status":"closed","ping_status":"closed","template":"","meta":{"_acf_changed":false,"inline_featured_image":false,"footnotes":""},"class_list":["post-25848","page","type-page","status-publish","hentry"],"acf":[],"yoast_head":"<!-- This site is optimized with the Yoast SEO plugin v27.4 - https:\/\/yoast.com\/product\/yoast-seo-wordpress\/ -->\n<title>FEDER - IBW - Lampert Precision Welding<\/title>\n<meta name=\"description\" content=\"La UE financia el desarrollo estructurado del mercado en Suiza y EE.UU. para la Micro Arc Welder de Lampert con el programa FEDER-IBW\" \/>\n<meta name=\"robots\" content=\"noindex, follow\" \/>\n<meta property=\"og:locale\" content=\"es_ES\" \/>\n<meta property=\"og:type\" content=\"article\" \/>\n<meta property=\"og:title\" content=\"FEDER - IBW - Lampert Precision Welding\" \/>\n<meta property=\"og:description\" content=\"La UE financia el desarrollo estructurado del mercado en Suiza y EE.UU. para la Micro Arc Welder de Lampert con el programa FEDER-IBW\" \/>\n<meta property=\"og:url\" content=\"https:\/\/www.lampert.info\/es\/feder-ibw\/\" \/>\n<meta property=\"og:site_name\" content=\"Lampert Precision Welding\" \/>\n<meta property=\"article:modified_time\" content=\"2026-01-15T23:22:18+00:00\" \/>\n<meta property=\"og:image\" content=\"https:\/\/www.lampert.info\/wp-content\/uploads\/2025\/07\/EU_FH_21-27_rechts_zentriert_CMYK.jpg\" \/>\n\t<meta property=\"og:image:width\" content=\"1356\" \/>\n\t<meta property=\"og:image:height\" content=\"299\" \/>\n\t<meta property=\"og:image:type\" content=\"image\/jpeg\" \/>\n<meta name=\"twitter:card\" content=\"summary_large_image\" \/>\n<meta name=\"twitter:label1\" content=\"Tiempo de lectura\" \/>\n\t<meta name=\"twitter:data1\" content=\"3 minutos\" \/>\n<script type=\"application\/ld+json\" class=\"yoast-schema-graph\">{\"@context\":\"https:\\\/\\\/schema.org\",\"@graph\":[{\"@type\":\"WebPage\",\"@id\":\"https:\\\/\\\/www.lampert.info\\\/es\\\/feder-ibw\\\/\",\"url\":\"https:\\\/\\\/www.lampert.info\\\/es\\\/feder-ibw\\\/\",\"name\":\"FEDER - IBW - Lampert Precision Welding\",\"isPartOf\":{\"@id\":\"https:\\\/\\\/www.lampert.info\\\/es\\\/#website\"},\"primaryImageOfPage\":{\"@id\":\"https:\\\/\\\/www.lampert.info\\\/es\\\/feder-ibw\\\/#primaryimage\"},\"image\":{\"@id\":\"https:\\\/\\\/www.lampert.info\\\/es\\\/feder-ibw\\\/#primaryimage\"},\"thumbnailUrl\":\"https:\\\/\\\/www.lampert.info\\\/wp-content\\\/uploads\\\/2025\\\/07\\\/EU_FH_21-27_rechts_zentriert_CMYK-300x66.jpg\",\"datePublished\":\"2025-07-29T16:06:40+00:00\",\"dateModified\":\"2026-01-15T23:22:18+00:00\",\"description\":\"La UE financia el desarrollo estructurado del mercado en Suiza y EE.UU. para la Micro Arc Welder de Lampert con el programa FEDER-IBW\",\"breadcrumb\":{\"@id\":\"https:\\\/\\\/www.lampert.info\\\/es\\\/feder-ibw\\\/#breadcrumb\"},\"inLanguage\":\"es\",\"potentialAction\":[{\"@type\":\"ReadAction\",\"target\":[\"https:\\\/\\\/www.lampert.info\\\/es\\\/feder-ibw\\\/\"]}]},{\"@type\":\"ImageObject\",\"inLanguage\":\"es\",\"@id\":\"https:\\\/\\\/www.lampert.info\\\/es\\\/feder-ibw\\\/#primaryimage\",\"url\":\"https:\\\/\\\/www.lampert.info\\\/wp-content\\\/uploads\\\/2025\\\/07\\\/EU_FH_21-27_rechts_zentriert_CMYK-300x66.jpg\",\"contentUrl\":\"https:\\\/\\\/www.lampert.info\\\/wp-content\\\/uploads\\\/2025\\\/07\\\/EU_FH_21-27_rechts_zentriert_CMYK-300x66.jpg\"},{\"@type\":\"BreadcrumbList\",\"@id\":\"https:\\\/\\\/www.lampert.info\\\/es\\\/feder-ibw\\\/#breadcrumb\",\"itemListElement\":[{\"@type\":\"ListItem\",\"position\":1,\"name\":\"Startseite\",\"item\":\"https:\\\/\\\/www.lampert.info\\\/es\\\/pagina-web\\\/\"},{\"@type\":\"ListItem\",\"position\":2,\"name\":\"FEDER &#8211; IBW\"}]},{\"@type\":\"WebSite\",\"@id\":\"https:\\\/\\\/www.lampert.info\\\/es\\\/#website\",\"url\":\"https:\\\/\\\/www.lampert.info\\\/es\\\/\",\"name\":\"Lampert Precision Welding\",\"description\":\"Innovative Feinschwei\u00dftechnik\",\"publisher\":{\"@id\":\"https:\\\/\\\/www.lampert.info\\\/es\\\/#organization\"},\"potentialAction\":[{\"@type\":\"SearchAction\",\"target\":{\"@type\":\"EntryPoint\",\"urlTemplate\":\"https:\\\/\\\/www.lampert.info\\\/es\\\/?s={search_term_string}\"},\"query-input\":{\"@type\":\"PropertyValueSpecification\",\"valueRequired\":true,\"valueName\":\"search_term_string\"}}],\"inLanguage\":\"es\"},{\"@type\":\"Organization\",\"@id\":\"https:\\\/\\\/www.lampert.info\\\/es\\\/#organization\",\"name\":\"Lampert Precision Welding\",\"url\":\"https:\\\/\\\/www.lampert.info\\\/es\\\/\",\"logo\":{\"@type\":\"ImageObject\",\"inLanguage\":\"es\",\"@id\":\"https:\\\/\\\/www.lampert.info\\\/es\\\/#\\\/schema\\\/logo\\\/image\\\/\",\"url\":\"https:\\\/\\\/www.lampert.info\\\/wp-content\\\/uploads\\\/2021\\\/12\\\/logo_lampert.png\",\"contentUrl\":\"https:\\\/\\\/www.lampert.info\\\/wp-content\\\/uploads\\\/2021\\\/12\\\/logo_lampert.png\",\"width\":642,\"height\":196,\"caption\":\"Lampert Precision Welding\"},\"image\":{\"@id\":\"https:\\\/\\\/www.lampert.info\\\/es\\\/#\\\/schema\\\/logo\\\/image\\\/\"}}]}<\/script>\n<!-- \/ Yoast SEO plugin. -->","yoast_head_json":{"title":"FEDER - IBW - Lampert Precision Welding","description":"La UE financia el desarrollo estructurado del mercado en Suiza y EE.UU. para la Micro Arc Welder de Lampert con el programa FEDER-IBW","robots":{"index":"noindex","follow":"follow"},"og_locale":"es_ES","og_type":"article","og_title":"FEDER - IBW - Lampert Precision Welding","og_description":"La UE financia el desarrollo estructurado del mercado en Suiza y EE.UU. para la Micro Arc Welder de Lampert con el programa FEDER-IBW","og_url":"https:\/\/www.lampert.info\/es\/feder-ibw\/","og_site_name":"Lampert Precision Welding","article_modified_time":"2026-01-15T23:22:18+00:00","og_image":[{"width":1356,"height":299,"url":"https:\/\/www.lampert.info\/wp-content\/uploads\/2025\/07\/EU_FH_21-27_rechts_zentriert_CMYK.jpg","type":"image\/jpeg"}],"twitter_card":"summary_large_image","twitter_misc":{"Tiempo de lectura":"3 minutos"},"schema":{"@context":"https:\/\/schema.org","@graph":[{"@type":"WebPage","@id":"https:\/\/www.lampert.info\/es\/feder-ibw\/","url":"https:\/\/www.lampert.info\/es\/feder-ibw\/","name":"FEDER - IBW - Lampert Precision Welding","isPartOf":{"@id":"https:\/\/www.lampert.info\/es\/#website"},"primaryImageOfPage":{"@id":"https:\/\/www.lampert.info\/es\/feder-ibw\/#primaryimage"},"image":{"@id":"https:\/\/www.lampert.info\/es\/feder-ibw\/#primaryimage"},"thumbnailUrl":"https:\/\/www.lampert.info\/wp-content\/uploads\/2025\/07\/EU_FH_21-27_rechts_zentriert_CMYK-300x66.jpg","datePublished":"2025-07-29T16:06:40+00:00","dateModified":"2026-01-15T23:22:18+00:00","description":"La UE financia el desarrollo estructurado del mercado en Suiza y EE.UU. para la Micro Arc Welder de Lampert con el programa FEDER-IBW","breadcrumb":{"@id":"https:\/\/www.lampert.info\/es\/feder-ibw\/#breadcrumb"},"inLanguage":"es","potentialAction":[{"@type":"ReadAction","target":["https:\/\/www.lampert.info\/es\/feder-ibw\/"]}]},{"@type":"ImageObject","inLanguage":"es","@id":"https:\/\/www.lampert.info\/es\/feder-ibw\/#primaryimage","url":"https:\/\/www.lampert.info\/wp-content\/uploads\/2025\/07\/EU_FH_21-27_rechts_zentriert_CMYK-300x66.jpg","contentUrl":"https:\/\/www.lampert.info\/wp-content\/uploads\/2025\/07\/EU_FH_21-27_rechts_zentriert_CMYK-300x66.jpg"},{"@type":"BreadcrumbList","@id":"https:\/\/www.lampert.info\/es\/feder-ibw\/#breadcrumb","itemListElement":[{"@type":"ListItem","position":1,"name":"Startseite","item":"https:\/\/www.lampert.info\/es\/pagina-web\/"},{"@type":"ListItem","position":2,"name":"FEDER &#8211; IBW"}]},{"@type":"WebSite","@id":"https:\/\/www.lampert.info\/es\/#website","url":"https:\/\/www.lampert.info\/es\/","name":"Lampert Precision Welding","description":"Innovative Feinschwei\u00dftechnik","publisher":{"@id":"https:\/\/www.lampert.info\/es\/#organization"},"potentialAction":[{"@type":"SearchAction","target":{"@type":"EntryPoint","urlTemplate":"https:\/\/www.lampert.info\/es\/?s={search_term_string}"},"query-input":{"@type":"PropertyValueSpecification","valueRequired":true,"valueName":"search_term_string"}}],"inLanguage":"es"},{"@type":"Organization","@id":"https:\/\/www.lampert.info\/es\/#organization","name":"Lampert Precision Welding","url":"https:\/\/www.lampert.info\/es\/","logo":{"@type":"ImageObject","inLanguage":"es","@id":"https:\/\/www.lampert.info\/es\/#\/schema\/logo\/image\/","url":"https:\/\/www.lampert.info\/wp-content\/uploads\/2021\/12\/logo_lampert.png","contentUrl":"https:\/\/www.lampert.info\/wp-content\/uploads\/2021\/12\/logo_lampert.png","width":642,"height":196,"caption":"Lampert Precision Welding"},"image":{"@id":"https:\/\/www.lampert.info\/es\/#\/schema\/logo\/image\/"}}]}},"_links":{"self":[{"href":"https:\/\/www.lampert.info\/es\/wp-json\/wp\/v2\/pages\/25848","targetHints":{"allow":["GET"]}}],"collection":[{"href":"https:\/\/www.lampert.info\/es\/wp-json\/wp\/v2\/pages"}],"about":[{"href":"https:\/\/www.lampert.info\/es\/wp-json\/wp\/v2\/types\/page"}],"author":[{"embeddable":true,"href":"https:\/\/www.lampert.info\/es\/wp-json\/wp\/v2\/users\/3"}],"replies":[{"embeddable":true,"href":"https:\/\/www.lampert.info\/es\/wp-json\/wp\/v2\/comments?post=25848"}],"version-history":[{"count":2,"href":"https:\/\/www.lampert.info\/es\/wp-json\/wp\/v2\/pages\/25848\/revisions"}],"predecessor-version":[{"id":27749,"href":"https:\/\/www.lampert.info\/es\/wp-json\/wp\/v2\/pages\/25848\/revisions\/27749"}],"wp:attachment":[{"href":"https:\/\/www.lampert.info\/es\/wp-json\/wp\/v2\/media?parent=25848"}],"curies":[{"name":"wp","href":"https:\/\/api.w.org\/{rel}","templated":true}]}}