{"id":20499,"date":"2024-09-18T10:46:35","date_gmt":"2024-09-18T08:46:35","guid":{"rendered":"https:\/\/www.lampert.info\/ayuda\/"},"modified":"2024-09-18T11:06:10","modified_gmt":"2024-09-18T09:06:10","slug":"ayuda","status":"publish","type":"page","link":"https:\/\/www.lampert.info\/es\/ayuda\/","title":{"rendered":"Ayuda"},"content":{"rendered":"\t\t<div data-elementor-type=\"wp-page\" data-elementor-id=\"20499\" class=\"elementor elementor-20499 elementor-20472\" data-elementor-post-type=\"page\">\n\t\t\t\t\t\t<section data-particle_enable=\"false\" data-particle-mobile-disabled=\"false\" class=\"elementor-section elementor-top-section elementor-element elementor-element-da248d4 elementor-section-boxed elementor-section-height-default elementor-section-height-default\" data-id=\"da248d4\" data-element_type=\"section\" data-e-type=\"section\" data-settings=\"{&quot;background_background&quot;:&quot;classic&quot;}\">\n\t\t\t\t\t\t\t<div class=\"elementor-background-overlay\"><\/div>\n\t\t\t\t\t\t\t<div class=\"elementor-container elementor-column-gap-default\">\n\t\t\t\t\t<div class=\"elementor-column elementor-col-100 elementor-top-column elementor-element elementor-element-c66e53e\" data-id=\"c66e53e\" data-element_type=\"column\" data-e-type=\"column\" data-settings=\"{&quot;background_background&quot;:&quot;classic&quot;}\">\n\t\t\t<div class=\"elementor-widget-wrap elementor-element-populated\">\n\t\t\t\t\t\t<section data-particle_enable=\"false\" data-particle-mobile-disabled=\"false\" class=\"elementor-section elementor-inner-section elementor-element elementor-element-e10371f elementor-section-boxed elementor-section-height-default elementor-section-height-default\" data-id=\"e10371f\" data-element_type=\"section\" data-e-type=\"section\">\n\t\t\t\t\t\t<div class=\"elementor-container elementor-column-gap-default\">\n\t\t\t\t\t<div class=\"elementor-column elementor-col-100 elementor-inner-column elementor-element elementor-element-84d87b4\" data-id=\"84d87b4\" data-element_type=\"column\" data-e-type=\"column\">\n\t\t\t<div class=\"elementor-widget-wrap elementor-element-populated\">\n\t\t\t\t\t\t<div class=\"elementor-element elementor-element-0838c0d elementor-widget elementor-widget-heading\" data-id=\"0838c0d\" data-element_type=\"widget\" data-e-type=\"widget\" data-widget_type=\"heading.default\">\n\t\t\t\t<div class=\"elementor-widget-container\">\n\t\t\t\t\t<h1 class=\"elementor-heading-title elementor-size-default\">Apoyo a los equipos de soldadura Lampert<\/h1>\t\t\t\t<\/div>\n\t\t\t\t<\/div>\n\t\t\t\t<div class=\"elementor-element elementor-element-9234ec3 elementor-widget-divider--view-line elementor-widget elementor-widget-divider\" data-id=\"9234ec3\" data-element_type=\"widget\" data-e-type=\"widget\" data-widget_type=\"divider.default\">\n\t\t\t\t<div class=\"elementor-widget-container\">\n\t\t\t\t\t\t\t<div class=\"elementor-divider\">\n\t\t\t<span class=\"elementor-divider-separator\">\n\t\t\t\t\t\t<\/span>\n\t\t<\/div>\n\t\t\t\t\t\t<\/div>\n\t\t\t\t<\/div>\n\t\t\t\t<div class=\"elementor-element elementor-element-9d0e640 elementor-widget elementor-widget-text-editor\" data-id=\"9d0e640\" data-element_type=\"widget\" data-e-type=\"widget\" data-widget_type=\"text-editor.default\">\n\t\t\t\t<div class=\"elementor-widget-container\">\n\t\t\t\t\t\t\t\t\t<p style=\"text-align: center;\">\u00bfQuieres sacar el m\u00e1ximo partido a tu soldadora de precisi\u00f3n?<br \/>\nEncontrar\u00e1s todo lo que necesitas en nuestra \u00e1rea de asistencia.<br \/>\nDesde tutoriales detallados para principiantes hasta informaci\u00f3n espec\u00edfica para usuarios avanzados: te ofrecemos una asistencia completa.<br \/>\nConsulta nuestras preguntas frecuentes, descarga nuestro material informativo o ponte en contacto directamente con nuestro equipo de <a href=\"https:\/\/www.lampert.info\/es\/contacte-con\/\">asistencia<\/a>.<br \/>\n\u00a1Estaremos encantados de ayudarte!    <\/p>\n\t\t\t\t\t\t\t\t<\/div>\n\t\t\t\t<\/div>\n\t\t\t\t\t<\/div>\n\t\t<\/div>\n\t\t\t\t\t<\/div>\n\t\t<\/section>\n\t\t\t\t\t<\/div>\n\t\t<\/div>\n\t\t\t\t\t<\/div>\n\t\t<\/section>\n\t\t\t\t<section data-particle_enable=\"false\" data-particle-mobile-disabled=\"false\" class=\"elementor-section elementor-top-section elementor-element elementor-element-a42ba3b elementor-section-boxed elementor-section-height-default elementor-section-height-default\" data-id=\"a42ba3b\" data-element_type=\"section\" data-e-type=\"section\">\n\t\t\t\t\t\t<div class=\"elementor-container elementor-column-gap-default\">\n\t\t\t\t\t\t<\/div>\n\t\t<\/section>\n\t\t\t\t<section data-particle_enable=\"false\" data-particle-mobile-disabled=\"false\" class=\"elementor-section elementor-top-section elementor-element elementor-element-3288bb2 elementor-section-boxed elementor-section-height-default elementor-section-height-default\" data-id=\"3288bb2\" data-element_type=\"section\" data-e-type=\"section\">\n\t\t\t\t\t\t<div class=\"elementor-container elementor-column-gap-default\">\n\t\t\t\t\t\t<\/div>\n\t\t<\/section>\n\t\t\t\t<section data-particle_enable=\"false\" data-particle-mobile-disabled=\"false\" class=\"elementor-section elementor-top-section elementor-element elementor-element-2230f2c elementor-section-boxed elementor-section-height-default elementor-section-height-default\" data-id=\"2230f2c\" data-element_type=\"section\" data-e-type=\"section\">\n\t\t\t\t\t\t<div class=\"elementor-container elementor-column-gap-default\">\n\t\t\t\t\t\t<\/div>\n\t\t<\/section>\n\t\t\t\t<section data-particle_enable=\"false\" data-particle-mobile-disabled=\"false\" class=\"elementor-section elementor-top-section elementor-element elementor-element-9d49d20 elementor-section-boxed elementor-section-height-default elementor-section-height-default\" data-id=\"9d49d20\" data-element_type=\"section\" data-e-type=\"section\">\n\t\t\t\t\t\t<div class=\"elementor-container elementor-column-gap-default\">\n\t\t\t\t\t\t<\/div>\n\t\t<\/section>\n\t\t\t\t<section data-particle_enable=\"false\" data-particle-mobile-disabled=\"false\" class=\"elementor-section elementor-top-section elementor-element elementor-element-c3f6dda elementor-section-boxed elementor-section-height-default elementor-section-height-default\" data-id=\"c3f6dda\" data-element_type=\"section\" data-e-type=\"section\">\n\t\t\t\t\t\t<div class=\"elementor-container elementor-column-gap-default\">\n\t\t\t\t\t\t<\/div>\n\t\t<\/section>\n\t\t\t\t<section data-particle_enable=\"false\" data-particle-mobile-disabled=\"false\" class=\"elementor-section elementor-top-section elementor-element elementor-element-d111037 elementor-section-boxed elementor-section-height-default elementor-section-height-default\" data-id=\"d111037\" data-element_type=\"section\" data-e-type=\"section\">\n\t\t\t\t\t\t<div class=\"elementor-container elementor-column-gap-default\">\n\t\t\t\t\t\t<\/div>\n\t\t<\/section>\n\t\t\t\t<section data-particle_enable=\"false\" data-particle-mobile-disabled=\"false\" class=\"elementor-section elementor-top-section elementor-element elementor-element-4acd295 elementor-section-boxed elementor-section-height-default elementor-section-height-default\" data-id=\"4acd295\" data-element_type=\"section\" data-e-type=\"section\">\n\t\t\t\t\t\t<div class=\"elementor-container elementor-column-gap-default\">\n\t\t\t\t\t\t<\/div>\n\t\t<\/section>\n\t\t\t\t<section data-particle_enable=\"false\" data-particle-mobile-disabled=\"false\" class=\"elementor-section elementor-inner-section elementor-element elementor-element-d3958d4 elementor-section-boxed elementor-section-height-default elementor-section-height-default\" data-id=\"d3958d4\" data-element_type=\"section\" data-e-type=\"section\">\n\t\t\t\t\t\t<div class=\"elementor-container elementor-column-gap-default\">\n\t\t\t\t\t<div class=\"elementor-column elementor-col-33 elementor-inner-column elementor-element elementor-element-bb169b7\" data-id=\"bb169b7\" data-element_type=\"column\" data-e-type=\"column\" data-settings=\"{&quot;background_background&quot;:&quot;classic&quot;}\">\n\t\t\t<div class=\"elementor-widget-wrap elementor-element-populated\">\n\t\t\t\t\t\t<div class=\"elementor-element elementor-element-f16b72b elementor-view-default elementor-widget elementor-widget-icon\" data-id=\"f16b72b\" data-element_type=\"widget\" data-e-type=\"widget\" data-widget_type=\"icon.default\">\n\t\t\t\t<div class=\"elementor-widget-container\">\n\t\t\t\t\t\t\t<div class=\"elementor-icon-wrapper\">\n\t\t\t<a class=\"elementor-icon\" href=\"https:\/\/www.lampert.info\/es\/puk-unboxing\/\">\n\t\t\t<i aria-hidden=\"true\" class=\"fas fa-chalkboard-teacher\"><\/i>\t\t\t<\/a>\n\t\t<\/div>\n\t\t\t\t\t\t<\/div>\n\t\t\t\t<\/div>\n\t\t\t\t<div class=\"elementor-element elementor-element-3e6ae8e elementor-widget elementor-widget-heading\" data-id=\"3e6ae8e\" data-element_type=\"widget\" data-e-type=\"widget\" data-widget_type=\"heading.default\">\n\t\t\t\t<div class=\"elementor-widget-container\">\n\t\t\t\t\t<h2 class=\"elementor-heading-title elementor-size-default\">Tutoriales<\/h2>\t\t\t\t<\/div>\n\t\t\t\t<\/div>\n\t\t\t\t<div class=\"elementor-element elementor-element-e6161cf elementor-widget elementor-widget-text-editor\" data-id=\"e6161cf\" data-element_type=\"widget\" data-e-type=\"widget\" data-widget_type=\"text-editor.default\">\n\t\t\t\t<div class=\"elementor-widget-container\">\n\t\t\t\t\t\t\t\t\t<p>Tutoriales en v\u00eddeo sobre el desembalaje, la instalaci\u00f3n, la puesta en marcha, el funcionamiento,&#8230;.<br \/>Aqu\u00ed encontrar\u00e1s informaci\u00f3n importante para principiantes y usuarios avanzados.<\/p>\n\t\t\t\t\t\t\t\t<\/div>\n\t\t\t\t<\/div>\n\t\t\t\t<div class=\"elementor-element elementor-element-248ffdd elementor-widget elementor-widget-eael-creative-button\" data-id=\"248ffdd\" data-element_type=\"widget\" data-e-type=\"widget\" data-widget_type=\"eael-creative-button.default\">\n\t\t\t\t<div class=\"elementor-widget-container\">\n\t\t\t\t\t        <div class=\"eael-creative-button-wrapper\">\n\n            <a class=\"eael-creative-button eael-creative-button--aylen\" href=\"https:\/\/www.lampert.info\/support\/video-tutorials\/\" data-text=\"\">\n            \t    \n                <div class=\"creative-button-inner\">\n\n                                            <span class=\"eael-creative-button-icon-left\"><i aria-hidden=\"true\" class=\"fas fa-chevron-right\"><\/i><\/span>                    \n                    <span class=\"cretive-button-text\">A los tutoriales<\/span>\n\n                                    <\/div>\n\t                        <\/a>\n        <\/div>\n        \t\t\t\t<\/div>\n\t\t\t\t<\/div>\n\t\t\t\t\t<\/div>\n\t\t<\/div>\n\t\t\t\t<div class=\"elementor-column elementor-col-33 elementor-inner-column elementor-element elementor-element-b920bab\" data-id=\"b920bab\" data-element_type=\"column\" data-e-type=\"column\" data-settings=\"{&quot;background_background&quot;:&quot;classic&quot;}\">\n\t\t\t<div class=\"elementor-widget-wrap elementor-element-populated\">\n\t\t\t\t\t\t<div class=\"elementor-element elementor-element-36e406e elementor-view-default elementor-widget elementor-widget-icon\" data-id=\"36e406e\" data-element_type=\"widget\" data-e-type=\"widget\" data-widget_type=\"icon.default\">\n\t\t\t\t<div class=\"elementor-widget-container\">\n\t\t\t\t\t\t\t<div class=\"elementor-icon-wrapper\">\n\t\t\t<a class=\"elementor-icon\" href=\"https:\/\/www.lampert.info\/es\/preguntas-frecuentes\/\">\n\t\t\t<i aria-hidden=\"true\" class=\"far fa-question-circle\"><\/i>\t\t\t<\/a>\n\t\t<\/div>\n\t\t\t\t\t\t<\/div>\n\t\t\t\t<\/div>\n\t\t\t\t<div class=\"elementor-element elementor-element-a95b3ef elementor-widget elementor-widget-heading\" data-id=\"a95b3ef\" data-element_type=\"widget\" data-e-type=\"widget\" data-widget_type=\"heading.default\">\n\t\t\t\t<div class=\"elementor-widget-container\">\n\t\t\t\t\t<h2 class=\"elementor-heading-title elementor-size-default\">PREGUNTAS FRECUENTES<\/h2>\t\t\t\t<\/div>\n\t\t\t\t<\/div>\n\t\t\t\t<div class=\"elementor-element elementor-element-2d09767 elementor-widget elementor-widget-text-editor\" data-id=\"2d09767\" data-element_type=\"widget\" data-e-type=\"widget\" data-widget_type=\"text-editor.default\">\n\t\t\t\t<div class=\"elementor-widget-container\">\n\t\t\t\t\t\t\t\t\t<p>\u00bfSe puede soldar la plata? \u00bfEs el arg\u00f3n t\u00f3xico? Aqu\u00ed encontrar\u00e1s respuestas a las preguntas m\u00e1s frecuentes sobre el tema de la soldadura fina.<\/p>\n\t\t\t\t\t\t\t\t<\/div>\n\t\t\t\t<\/div>\n\t\t\t\t<div class=\"elementor-element elementor-element-fc623f0 elementor-widget elementor-widget-eael-creative-button\" data-id=\"fc623f0\" data-element_type=\"widget\" data-e-type=\"widget\" data-widget_type=\"eael-creative-button.default\">\n\t\t\t\t<div class=\"elementor-widget-container\">\n\t\t\t\t\t        <div class=\"eael-creative-button-wrapper\">\n\n            <a class=\"eael-creative-button eael-creative-button--aylen\" href=\"https:\/\/www.lampert.info\/support\/faq\/\" data-text=\"\">\n            \t    \n                <div class=\"creative-button-inner\">\n\n                                            <span class=\"eael-creative-button-icon-left\"><i aria-hidden=\"true\" class=\"fas fa-chevron-right\"><\/i><\/span>                    \n                    <span class=\"cretive-button-text\">A las FAQ<\/span>\n\n                                    <\/div>\n\t                        <\/a>\n        <\/div>\n        \t\t\t\t<\/div>\n\t\t\t\t<\/div>\n\t\t\t\t\t<\/div>\n\t\t<\/div>\n\t\t\t\t<div class=\"elementor-column elementor-col-33 elementor-inner-column elementor-element elementor-element-7aa981e\" data-id=\"7aa981e\" data-element_type=\"column\" data-e-type=\"column\" data-settings=\"{&quot;background_background&quot;:&quot;classic&quot;}\">\n\t\t\t<div class=\"elementor-widget-wrap elementor-element-populated\">\n\t\t\t\t\t\t<div class=\"elementor-element elementor-element-637456b elementor-view-default elementor-widget elementor-widget-icon\" data-id=\"637456b\" data-element_type=\"widget\" data-e-type=\"widget\" data-widget_type=\"icon.default\">\n\t\t\t\t<div class=\"elementor-widget-container\">\n\t\t\t\t\t\t\t<div class=\"elementor-icon-wrapper\">\n\t\t\t<a class=\"elementor-icon\" href=\"https:\/\/www.lampert.info\/es\/centro-de-servicios\/\">\n\t\t\t<i aria-hidden=\"true\" class=\"fas fa-book\"><\/i>\t\t\t<\/a>\n\t\t<\/div>\n\t\t\t\t\t\t<\/div>\n\t\t\t\t<\/div>\n\t\t\t\t<div class=\"elementor-element elementor-element-0272d62 elementor-widget elementor-widget-heading\" data-id=\"0272d62\" data-element_type=\"widget\" data-e-type=\"widget\" data-widget_type=\"heading.default\">\n\t\t\t\t<div class=\"elementor-widget-container\">\n\t\t\t\t\t<h2 class=\"elementor-heading-title elementor-size-default\">Material informativo<\/h2>\t\t\t\t<\/div>\n\t\t\t\t<\/div>\n\t\t\t\t<div class=\"elementor-element elementor-element-266013c elementor-widget elementor-widget-text-editor\" data-id=\"266013c\" data-element_type=\"widget\" data-e-type=\"widget\" data-widget_type=\"text-editor.default\">\n\t\t\t\t<div class=\"elementor-widget-container\">\n\t\t\t\t\t\t\t\t\t<p>Aqu\u00ed encontrar\u00e1s instrucciones de uso e informaci\u00f3n de producto sobre las anteriores soldadoras Lampert y sus accesorios.<\/p>\n\t\t\t\t\t\t\t\t<\/div>\n\t\t\t\t<\/div>\n\t\t\t\t<div class=\"elementor-element elementor-element-5a480ef elementor-widget elementor-widget-eael-creative-button\" data-id=\"5a480ef\" data-element_type=\"widget\" data-e-type=\"widget\" data-widget_type=\"eael-creative-button.default\">\n\t\t\t\t<div class=\"elementor-widget-container\">\n\t\t\t\t\t        <div class=\"eael-creative-button-wrapper\">\n\n            <a class=\"eael-creative-button eael-creative-button--aylen\" href=\"https:\/\/www.lampert.info\/support\/infomaterial\/\" data-text=\"\">\n            \t    \n                <div class=\"creative-button-inner\">\n\n                                            <span class=\"eael-creative-button-icon-left\"><i aria-hidden=\"true\" class=\"fas fa-chevron-right\"><\/i><\/span>                    \n                    <span class=\"cretive-button-text\">Al material informativo<\/span>\n\n                                    <\/div>\n\t                        <\/a>\n        <\/div>\n        \t\t\t\t<\/div>\n\t\t\t\t<\/div>\n\t\t\t\t\t<\/div>\n\t\t<\/div>\n\t\t\t\t\t<\/div>\n\t\t<\/section>\n\t\t\t\t<\/div>\n\t\t","protected":false},"excerpt":{"rendered":"<p>Apoyo a los equipos de soldadura Lampert \u00bfQuieres sacar el m\u00e1ximo partido a tu soldadora de precisi\u00f3n? Encontrar\u00e1s todo lo que necesitas en nuestra \u00e1rea de asistencia. Desde tutoriales detallados [&hellip;]<\/p>\n","protected":false},"author":9,"featured_media":0,"parent":0,"menu_order":0,"comment_status":"closed","ping_status":"closed","template":"","meta":{"_acf_changed":false,"inline_featured_image":false,"_monsterinsights_skip_tracking":false,"_monsterinsights_sitenote_active":false,"_monsterinsights_sitenote_note":"","_monsterinsights_sitenote_category":0,"footnotes":""},"class_list":["post-20499","page","type-page","status-publish","hentry"],"acf":[],"yoast_head":"<!-- This site is optimized with the Yoast SEO plugin v27.2 - https:\/\/yoast.com\/product\/yoast-seo-wordpress\/ -->\n<title>Apoya el equipo de soldadura Lampert<\/title>\n<meta name=\"robots\" content=\"index, follow, max-snippet:-1, max-image-preview:large, max-video-preview:-1\" \/>\n<link rel=\"canonical\" href=\"https:\/\/www.lampert.info\/es\/ayuda\/\" \/>\n<meta property=\"og:locale\" content=\"es_ES\" \/>\n<meta property=\"og:type\" content=\"article\" \/>\n<meta property=\"og:title\" content=\"Apoya el equipo de soldadura Lampert\" \/>\n<meta property=\"og:description\" content=\"Apoyo a los equipos de soldadura Lampert \u00bfQuieres sacar el m\u00e1ximo partido a tu soldadora de precisi\u00f3n? Encontrar\u00e1s todo lo que necesitas en nuestra \u00e1rea de asistencia. Desde tutoriales detallados [&hellip;]\" \/>\n<meta property=\"og:url\" content=\"https:\/\/www.lampert.info\/es\/ayuda\/\" \/>\n<meta property=\"og:site_name\" content=\"Lampert Precision Welding\" \/>\n<meta property=\"article:modified_time\" content=\"2024-09-18T09:06:10+00:00\" \/>\n<meta name=\"twitter:card\" content=\"summary_large_image\" \/>\n<meta name=\"twitter:label1\" content=\"Tiempo de lectura\" \/>\n\t<meta name=\"twitter:data1\" content=\"1 minuto\" \/>\n<script type=\"application\/ld+json\" class=\"yoast-schema-graph\">{\"@context\":\"https:\/\/schema.org\",\"@graph\":[{\"@type\":\"WebPage\",\"@id\":\"https:\/\/www.lampert.info\/es\/ayuda\/\",\"url\":\"https:\/\/www.lampert.info\/es\/ayuda\/\",\"name\":\"Apoya el equipo de soldadura Lampert\",\"isPartOf\":{\"@id\":\"https:\/\/www.lampert.info\/es\/#website\"},\"datePublished\":\"2024-09-18T08:46:35+00:00\",\"dateModified\":\"2024-09-18T09:06:10+00:00\",\"breadcrumb\":{\"@id\":\"https:\/\/www.lampert.info\/es\/ayuda\/#breadcrumb\"},\"inLanguage\":\"es\",\"potentialAction\":[{\"@type\":\"ReadAction\",\"target\":[\"https:\/\/www.lampert.info\/es\/ayuda\/\"]}]},{\"@type\":\"BreadcrumbList\",\"@id\":\"https:\/\/www.lampert.info\/es\/ayuda\/#breadcrumb\",\"itemListElement\":[{\"@type\":\"ListItem\",\"position\":1,\"name\":\"Startseite\",\"item\":\"https:\/\/www.lampert.info\/es\/pagina-web\/\"},{\"@type\":\"ListItem\",\"position\":2,\"name\":\"Ayuda\"}]},{\"@type\":\"WebSite\",\"@id\":\"https:\/\/www.lampert.info\/es\/#website\",\"url\":\"https:\/\/www.lampert.info\/es\/\",\"name\":\"Lampert Precision Welding\",\"description\":\"Innovative Feinschwei\u00dftechnik\",\"publisher\":{\"@id\":\"https:\/\/www.lampert.info\/es\/#organization\"},\"potentialAction\":[{\"@type\":\"SearchAction\",\"target\":{\"@type\":\"EntryPoint\",\"urlTemplate\":\"https:\/\/www.lampert.info\/es\/?s={search_term_string}\"},\"query-input\":{\"@type\":\"PropertyValueSpecification\",\"valueRequired\":true,\"valueName\":\"search_term_string\"}}],\"inLanguage\":\"es\"},{\"@type\":\"Organization\",\"@id\":\"https:\/\/www.lampert.info\/es\/#organization\",\"name\":\"Lampert Precision Welding\",\"url\":\"https:\/\/www.lampert.info\/es\/\",\"logo\":{\"@type\":\"ImageObject\",\"inLanguage\":\"es\",\"@id\":\"https:\/\/www.lampert.info\/es\/#\/schema\/logo\/image\/\",\"url\":\"https:\/\/www.lampert.info\/wp-content\/uploads\/2021\/12\/logo_lampert.png\",\"contentUrl\":\"https:\/\/www.lampert.info\/wp-content\/uploads\/2021\/12\/logo_lampert.png\",\"width\":642,\"height\":196,\"caption\":\"Lampert Precision Welding\"},\"image\":{\"@id\":\"https:\/\/www.lampert.info\/es\/#\/schema\/logo\/image\/\"}}]}<\/script>\n<!-- \/ Yoast SEO plugin. -->","yoast_head_json":{"title":"Apoya el equipo de soldadura Lampert","robots":{"index":"index","follow":"follow","max-snippet":"max-snippet:-1","max-image-preview":"max-image-preview:large","max-video-preview":"max-video-preview:-1"},"canonical":"https:\/\/www.lampert.info\/es\/ayuda\/","og_locale":"es_ES","og_type":"article","og_title":"Apoya el equipo de soldadura Lampert","og_description":"Apoyo a los equipos de soldadura Lampert \u00bfQuieres sacar el m\u00e1ximo partido a tu soldadora de precisi\u00f3n? Encontrar\u00e1s todo lo que necesitas en nuestra \u00e1rea de asistencia. Desde tutoriales detallados [&hellip;]","og_url":"https:\/\/www.lampert.info\/es\/ayuda\/","og_site_name":"Lampert Precision Welding","article_modified_time":"2024-09-18T09:06:10+00:00","twitter_card":"summary_large_image","twitter_misc":{"Tiempo de lectura":"1 minuto"},"schema":{"@context":"https:\/\/schema.org","@graph":[{"@type":"WebPage","@id":"https:\/\/www.lampert.info\/es\/ayuda\/","url":"https:\/\/www.lampert.info\/es\/ayuda\/","name":"Apoya el equipo de soldadura Lampert","isPartOf":{"@id":"https:\/\/www.lampert.info\/es\/#website"},"datePublished":"2024-09-18T08:46:35+00:00","dateModified":"2024-09-18T09:06:10+00:00","breadcrumb":{"@id":"https:\/\/www.lampert.info\/es\/ayuda\/#breadcrumb"},"inLanguage":"es","potentialAction":[{"@type":"ReadAction","target":["https:\/\/www.lampert.info\/es\/ayuda\/"]}]},{"@type":"BreadcrumbList","@id":"https:\/\/www.lampert.info\/es\/ayuda\/#breadcrumb","itemListElement":[{"@type":"ListItem","position":1,"name":"Startseite","item":"https:\/\/www.lampert.info\/es\/pagina-web\/"},{"@type":"ListItem","position":2,"name":"Ayuda"}]},{"@type":"WebSite","@id":"https:\/\/www.lampert.info\/es\/#website","url":"https:\/\/www.lampert.info\/es\/","name":"Lampert Precision Welding","description":"Innovative Feinschwei\u00dftechnik","publisher":{"@id":"https:\/\/www.lampert.info\/es\/#organization"},"potentialAction":[{"@type":"SearchAction","target":{"@type":"EntryPoint","urlTemplate":"https:\/\/www.lampert.info\/es\/?s={search_term_string}"},"query-input":{"@type":"PropertyValueSpecification","valueRequired":true,"valueName":"search_term_string"}}],"inLanguage":"es"},{"@type":"Organization","@id":"https:\/\/www.lampert.info\/es\/#organization","name":"Lampert Precision Welding","url":"https:\/\/www.lampert.info\/es\/","logo":{"@type":"ImageObject","inLanguage":"es","@id":"https:\/\/www.lampert.info\/es\/#\/schema\/logo\/image\/","url":"https:\/\/www.lampert.info\/wp-content\/uploads\/2021\/12\/logo_lampert.png","contentUrl":"https:\/\/www.lampert.info\/wp-content\/uploads\/2021\/12\/logo_lampert.png","width":642,"height":196,"caption":"Lampert Precision Welding"},"image":{"@id":"https:\/\/www.lampert.info\/es\/#\/schema\/logo\/image\/"}}]}},"_links":{"self":[{"href":"https:\/\/www.lampert.info\/es\/wp-json\/wp\/v2\/pages\/20499","targetHints":{"allow":["GET"]}}],"collection":[{"href":"https:\/\/www.lampert.info\/es\/wp-json\/wp\/v2\/pages"}],"about":[{"href":"https:\/\/www.lampert.info\/es\/wp-json\/wp\/v2\/types\/page"}],"author":[{"embeddable":true,"href":"https:\/\/www.lampert.info\/es\/wp-json\/wp\/v2\/users\/9"}],"replies":[{"embeddable":true,"href":"https:\/\/www.lampert.info\/es\/wp-json\/wp\/v2\/comments?post=20499"}],"version-history":[{"count":1,"href":"https:\/\/www.lampert.info\/es\/wp-json\/wp\/v2\/pages\/20499\/revisions"}],"predecessor-version":[{"id":20500,"href":"https:\/\/www.lampert.info\/es\/wp-json\/wp\/v2\/pages\/20499\/revisions\/20500"}],"wp:attachment":[{"href":"https:\/\/www.lampert.info\/es\/wp-json\/wp\/v2\/media?parent=20499"}],"curies":[{"name":"wp","href":"https:\/\/api.w.org\/{rel}","templated":true}]}}